{"id":37540,"date":"2023-12-22T19:57:01","date_gmt":"2023-12-22T19:57:01","guid":{"rendered":"https:\/\/e.kosmolat.eu\/product\/bd-alginata-melna-maska-attirosa-20-g\/"},"modified":"2026-04-17T11:25:12","modified_gmt":"2026-04-17T11:25:12","slug":"bd-alginata-melna-maska-attirosa-20-g","status":"publish","type":"product","link":"https:\/\/e.kosmolat.eu\/lv\/product\/bd-alginata-melna-maska-attirosa-20-g\/","title":{"rendered":"BD Algin\u0101ta meln\u0101 maska &#8220;Att\u012bro\u0161a&#8221;, 20 g"},"content":{"rendered":"<p><strong>Bambusa ogle<\/strong> veicina dzi\u013c\u0101ku \u0101das att\u012br\u012b&scaron;anu, uzs\u016bc un no\u0146em net\u012brumus un sebuma paliekas.<\/p>\n<p><strong>Kolag\u0113ns<\/strong>, kas ietilpst maskas sast\u0101v\u0101, ir dabiska \u0101das sast\u0101vda\u013ca, kas nepiecie&scaron;ama noveco&scaron;an\u0101s nov\u0113r&scaron;anai un optim\u0101l\u0101 \u0101das mitrin\u0101&scaron;anas l\u012bme\u0146a uztur\u0113&scaron;anai.<\/p>\n<p><strong>Lieto&scaron;anas veids:&nbsp;<\/strong><br \/>\n1.&nbsp;Sajauciet 20 g saus\u0101 pulvera ar 60 ml auksta \u016bdens (20-25&deg;C), attiec\u012bb\u0101 1:3.&nbsp;<br \/>\n2. R\u016bp\u012bgi samaisiet l\u012bdz izveidojas viendab\u012bga masa.<br \/>\n3. Uzkl\u0101jiet masku uz att\u012br\u012btas sejas \u0101das ar 3-5 mm biezu sl\u0101ni.<br \/>\n4. Varat to uzkl\u0101t uz visas sejas, ieskaitot l\u016bpas un plaksti\u0146us.<br \/>\n5. P\u0113c 5-7 min. MASKA IZVEIDO BL\u012aVU ELAST\u012aGU PL\u0112VI.<br \/>\n6. No\u0146emiet to p\u0113c 15-20 min. ar vienu sl\u0101ni NO APAK&Scaron;AS UZ AUG&Scaron;U.<br \/>\nLai ieg\u016btu vislab\u0101ko efektu, lietojiet masku regul\u0101ri (2-3 reizes ned\u0113\u013c\u0101).<\/p>\n<p><strong>Uzman\u012bbu:<\/strong> pirms lieto&scaron;anas maska ir j\u0101p\u0101rbauda uz neliela \u0101das laukuma. Ja tiek konstat\u0113ta aler\u0123iska reakcija, p\u0101rtrauciet lieto&scaron;anu. L\u012bdzeklis ir paredz\u0113ts vienai lieto&scaron;anas reizei. Masku ieteicams lietot uzreiz p\u0113c iepakojuma atv\u0113r&scaron;anas.<\/p>\n<p><strong>Kontrindik\u0101cijas: <\/strong>individu\u0101la neieciet\u012bba pret maskas sast\u0101vda\u013c\u0101m.<\/p>\n<p>Uzglab\u0101t temperat\u016br\u0101 no +5&deg;C l\u012bdz +25&deg;C un relat\u012bvaj\u0101 mitrum\u0101 55-70% viet\u0101 aizsarg\u0101t\u0101 no tie&scaron;iem saules stariem. Nav at\u013cauts uzglab\u0101t produktu maz\u0101k par 1 m att\u0101lum\u0101 no augstas temperat\u016bras avotiem.<\/p>\n","protected":false},"excerpt":{"rendered":"<p>Bambusa ogle veicina dzi\u013c\u0101ku \u0101das att\u012br\u012b&scaron;anu, uzs\u016bc un no\u0146em net\u012brumus un sebuma paliekas. Kolag\u0113ns, kas ietilpst maskas sast\u0101v\u0101, ir dabiska \u0101das sast\u0101vda\u013ca, kas nepiecie&scaron;ama noveco&scaron;an\u0101s nov\u0113r&scaron;anai un optim\u0101l\u0101 \u0101das mitrin\u0101&scaron;anas l\u012bme\u0146a uztur\u0113&scaron;anai. Lieto&scaron;anas veids:&nbsp; 1.&nbsp;Sajauciet 20 g saus\u0101 pulvera ar 60 ml auksta \u016bdens (20-25&deg;C), attiec\u012bb\u0101 1:3.&nbsp; 2. R\u016bp\u012bgi samaisiet l\u012bdz izveidojas viendab\u012bga masa. 3. [&#8230;]\n","protected":false},"featured_media":86898,"template":"","meta":[],"product_cat":[1367],"product_tag":[],"class_list":{"0":"post-37540","1":"product","2":"type-product","3":"status-publish","4":"has-post-thumbnail","6":"product_brand-naturpro_ua","7":"product_cat-sejas-maskas","9":"first","10":"outofstock","11":"taxable","12":"shipping-taxable","13":"product-type-simple"},"_links":{"self":[{"href":"https:\/\/e.kosmolat.eu\/lv\/wp-json\/wp\/v2\/product\/37540","targetHints":{"allow":["GET"]}}],"collection":[{"href":"https:\/\/e.kosmolat.eu\/lv\/wp-json\/wp\/v2\/product"}],"about":[{"href":"https:\/\/e.kosmolat.eu\/lv\/wp-json\/wp\/v2\/types\/product"}],"wp:featuredmedia":[{"embeddable":true,"href":"https:\/\/e.kosmolat.eu\/lv\/wp-json\/wp\/v2\/media\/86898"}],"wp:attachment":[{"href":"https:\/\/e.kosmolat.eu\/lv\/wp-json\/wp\/v2\/media?parent=37540"}],"wp:term":[{"taxonomy":"product_cat","embeddable":true,"href":"https:\/\/e.kosmolat.eu\/lv\/wp-json\/wp\/v2\/product_cat?post=37540"},{"taxonomy":"product_tag","embeddable":true,"href":"https:\/\/e.kosmolat.eu\/lv\/wp-json\/wp\/v2\/product_tag?post=37540"}],"curies":[{"name":"wp","href":"https:\/\/api.w.org\/{rel}","templated":true}]}}