{"id":37536,"date":"2023-12-22T19:56:35","date_gmt":"2023-12-22T19:56:35","guid":{"rendered":"https:\/\/e.kosmolat.eu\/product\/bd-balinosa-kosmetiska-maska-tomats-15-ml\/"},"modified":"2026-04-22T08:31:25","modified_gmt":"2026-04-22T08:31:25","slug":"bd-balinosa-kosmetiska-maska-tomats-15-ml","status":"publish","type":"product","link":"https:\/\/e.kosmolat.eu\/lv\/product\/bd-balinosa-kosmetiska-maska-tomats-15-ml\/","title":{"rendered":"BD Balino\u0161a kosm\u0113tisk\u0101 maska &#8220;Tom\u0101ts&#8221;, 15 ml"},"content":{"rendered":"<p><strong>Tom\u0101ti<\/strong> ir daudzu vitam\u012bnu un uzturvielu, \u012bpa\u0161i likop\u0113na, avots, tie ir lieliski piem\u0113roti problem\u0101tiskas, taukainas un kombin\u0113tas \u0101das kop\u0161anai, pal\u012bdz nov\u0113rst jaunu grumbu par\u0101d\u012b\u0161anos un veicina eso\u0161o izl\u012bdzin\u0101\u0161anu.<br \/>\n<strong>Balino\u0161a kosm\u0113tisk\u0101 maska &quot;Tom\u0101ts&quot;<\/strong> veicina poru sa\u0161aurin\u0101\u0161anos, regul\u0113 tauku dziedzeru darb\u012bbu, pa\u0101trina pumpu un iekaisumu dz\u012b\u0161anu, izl\u012bdzina \u0101das toni, padarot to svaig\u0101ku, izgaismo pigment\u0101ciju un p\u0113caknes plankumus.<br \/>\n<strong>Lieto\u0161anas veids: <\/strong>atveriet iepakojumu un uzkl\u0101jiet masku uz att\u012br\u012btas sejas, p\u0113c 10-15 min\u016bt\u0113m noskalojiet.<br \/>\n<strong>Uzman\u012bbu<\/strong>: pirms lieto\u0161anas maska ir j\u0101p\u0101rbauda uz neliela \u0101das laukuma. Ja tiek konstat\u0113ta aler\u0123iska reakcija, p\u0101rtrauciet lieto\u0161anu.<br \/>\n<strong>Kontrindik\u0101cijas:<\/strong> individu\u0101la neieciet\u012bba pret maskas sast\u0101vda\u013c\u0101m. Uzglab\u0101t temperat\u016br\u0101 no +5&deg;C l\u012bdz +25&deg;C un relat\u012bvaj\u0101 mitrum\u0101 55-70% viet\u0101 aizsarg\u0101t\u0101 no tie\u0161iem saules stariem vismaz viena metra att\u0101lum\u0101 no augstas temperat\u016bras avotiem.<\/p>\n","protected":false},"excerpt":{"rendered":"<p>Tom\u0101ti ir daudzu vitam\u012bnu un uzturvielu, \u012bpa\u0161i likop\u0113na, avots, tie ir lieliski piem\u0113roti problem\u0101tiskas, taukainas un kombin\u0113tas \u0101das kop\u0161anai, pal\u012bdz nov\u0113rst jaunu grumbu par\u0101d\u012b\u0161anos un veicina eso\u0161o izl\u012bdzin\u0101\u0161anu. Balino\u0161a kosm\u0113tisk\u0101 maska &quot;Tom\u0101ts&quot; veicina poru sa\u0161aurin\u0101\u0161anos, regul\u0113 tauku dziedzeru darb\u012bbu, pa\u0101trina pumpu un iekaisumu dz\u012b\u0161anu, izl\u012bdzina \u0101das toni, padarot to svaig\u0101ku, izgaismo pigment\u0101ciju un p\u0113caknes plankumus. [&#8230;]\n","protected":false},"featured_media":86882,"template":"","meta":[],"product_cat":[1999],"product_tag":[],"class_list":{"0":"post-37536","1":"product","2":"type-product","3":"status-publish","4":"has-post-thumbnail","6":"product_brand-naturpro_ua","7":"product_cat-bez-kategorijas","9":"first","10":"instock","11":"taxable","12":"shipping-taxable","13":"product-type-simple"},"_links":{"self":[{"href":"https:\/\/e.kosmolat.eu\/lv\/wp-json\/wp\/v2\/product\/37536","targetHints":{"allow":["GET"]}}],"collection":[{"href":"https:\/\/e.kosmolat.eu\/lv\/wp-json\/wp\/v2\/product"}],"about":[{"href":"https:\/\/e.kosmolat.eu\/lv\/wp-json\/wp\/v2\/types\/product"}],"wp:featuredmedia":[{"embeddable":true,"href":"https:\/\/e.kosmolat.eu\/lv\/wp-json\/wp\/v2\/media\/86882"}],"wp:attachment":[{"href":"https:\/\/e.kosmolat.eu\/lv\/wp-json\/wp\/v2\/media?parent=37536"}],"wp:term":[{"taxonomy":"product_cat","embeddable":true,"href":"https:\/\/e.kosmolat.eu\/lv\/wp-json\/wp\/v2\/product_cat?post=37536"},{"taxonomy":"product_tag","embeddable":true,"href":"https:\/\/e.kosmolat.eu\/lv\/wp-json\/wp\/v2\/product_tag?post=37536"}],"curies":[{"name":"wp","href":"https:\/\/api.w.org\/{rel}","templated":true}]}}