{"id":37532,"date":"2023-12-22T19:56:13","date_gmt":"2023-12-22T19:56:13","guid":{"rendered":"https:\/\/e.kosmolat.eu\/product\/bd-atjaunojosa-kosmetiska-maska-akai-15-ml\/"},"modified":"2026-04-22T13:25:47","modified_gmt":"2026-04-22T13:25:47","slug":"bd-atjaunojosa-kosmetiska-maska-akai-15-ml","status":"publish","type":"product","link":"https:\/\/e.kosmolat.eu\/lv\/product\/bd-atjaunojosa-kosmetiska-maska-akai-15-ml\/","title":{"rendered":"BD Atjaunojo\u0161a kosm\u0113tisk\u0101 maska &#8220;Akai&#8221;, 15 ml"},"content":{"rendered":"<p><strong>Akai ogas<\/strong> &#8211; sp\u0113c\u012bgs antioksidants un vitam\u012bnu avots, kas pal\u0113nina \u0101das noveco&scaron;an\u0101s procesus un atjauno t\u0101s elast\u012bbu, neizjaucot hidrolip\u012bdu l\u012bdzsvaru.<\/p>\n<p><strong>Atjaunojo&scaron;a kosm\u0113tisk\u0101 maska &quot;Akai&quot; <\/strong>izl\u012bdzina sejas toni, atjauno hidrolip\u012bdu l\u012bdzsvaru, pal\u012bdz atjaunot \u0101du un samazin\u0101t m\u012bmikas grumbi\u0146as.<\/p>\n<p><strong>Lieto&scaron;anas veids:<\/strong> atveriet iepakojumu un uzkl\u0101jiet masku uz att\u012br\u012btas sejas, p\u0113c 10-15 min\u016bt\u0113m noskalojiet.<\/p>\n<p><strong>Uzman\u012bbu:<\/strong> pirms lieto&scaron;anas maska ir j\u0101p\u0101rbauda uz neliela \u0101das laukuma. Ja tiek konstat\u0113ta aler\u0123iska reakcija, p\u0101rtrauciet lieto&scaron;anu.<\/p>\n<p><strong>Kontrindik\u0101cijas:<\/strong> individu\u0101la neieciet\u012bba pret maskas sast\u0101vda\u013c\u0101m. Uzglab\u0101t temperat\u016br\u0101 no +5&deg;C l\u012bdz +25&deg;C un relat\u012bvaj\u0101 mitrum\u0101 55-70% viet\u0101 aizsarg\u0101t\u0101 no tie&scaron;iem saules stariem vismaz viena metra att\u0101lum\u0101 no augstas temperat\u016bras avotiem.<\/p>\n","protected":false},"excerpt":{"rendered":"<p>Akai ogas &#8211; sp\u0113c\u012bgs antioksidants un vitam\u012bnu avots, kas pal\u0113nina \u0101das noveco&scaron;an\u0101s procesus un atjauno t\u0101s elast\u012bbu, neizjaucot hidrolip\u012bdu l\u012bdzsvaru. Atjaunojo&scaron;a kosm\u0113tisk\u0101 maska &quot;Akai&quot; izl\u012bdzina sejas toni, atjauno hidrolip\u012bdu l\u012bdzsvaru, pal\u012bdz atjaunot \u0101du un samazin\u0101t m\u012bmikas grumbi\u0146as. Lieto&scaron;anas veids: atveriet iepakojumu un uzkl\u0101jiet masku uz att\u012br\u012btas sejas, p\u0113c 10-15 min\u016bt\u0113m noskalojiet. Uzman\u012bbu: pirms lieto&scaron;anas maska [&#8230;]\n","protected":false},"featured_media":86878,"template":"","meta":[],"product_cat":[1999],"product_tag":[],"class_list":{"0":"post-37532","1":"product","2":"type-product","3":"status-publish","4":"has-post-thumbnail","6":"product_brand-naturpro_ua","7":"product_cat-bez-kategorijas","9":"first","10":"instock","11":"taxable","12":"shipping-taxable","13":"product-type-simple"},"_links":{"self":[{"href":"https:\/\/e.kosmolat.eu\/lv\/wp-json\/wp\/v2\/product\/37532","targetHints":{"allow":["GET"]}}],"collection":[{"href":"https:\/\/e.kosmolat.eu\/lv\/wp-json\/wp\/v2\/product"}],"about":[{"href":"https:\/\/e.kosmolat.eu\/lv\/wp-json\/wp\/v2\/types\/product"}],"wp:featuredmedia":[{"embeddable":true,"href":"https:\/\/e.kosmolat.eu\/lv\/wp-json\/wp\/v2\/media\/86878"}],"wp:attachment":[{"href":"https:\/\/e.kosmolat.eu\/lv\/wp-json\/wp\/v2\/media?parent=37532"}],"wp:term":[{"taxonomy":"product_cat","embeddable":true,"href":"https:\/\/e.kosmolat.eu\/lv\/wp-json\/wp\/v2\/product_cat?post=37532"},{"taxonomy":"product_tag","embeddable":true,"href":"https:\/\/e.kosmolat.eu\/lv\/wp-json\/wp\/v2\/product_tag?post=37532"}],"curies":[{"name":"wp","href":"https:\/\/api.w.org\/{rel}","templated":true}]}}