{"id":37528,"date":"2023-12-22T19:55:44","date_gmt":"2023-12-22T19:55:44","guid":{"rendered":"https:\/\/e.kosmolat.eu\/product\/bd-barojosa-kosmetiska-maska-banans-15-ml\/"},"modified":"2026-04-23T11:38:38","modified_gmt":"2026-04-23T11:38:38","slug":"bd-barojosa-kosmetiska-maska-banans-15-ml","status":"publish","type":"product","link":"https:\/\/e.kosmolat.eu\/lv\/product\/bd-barojosa-kosmetiska-maska-banans-15-ml\/","title":{"rendered":"BD Barojo\u0161a kosm\u0113tisk\u0101 maska &#8220;Ban\u0101ns&#8221;, 15 ml"},"content":{"rendered":"<p><strong>Ban\u0101ns<\/strong> satur daudz noder\u012bgu vielu: kalcija, dzelzs un fosfora savienojumus, C vitam\u012bnu, beta-karot\u012bnu, B grupas vitam\u012bnus, kas veicina baro&scaron;anu, mitrin\u0101&scaron;anu un \u0101das mikroreljefa izl\u012bdzin\u0101&scaron;anu.<\/p>\n<p><strong>Barojo&scaron;a kosm\u0113tisk\u0101 maska &quot;Ban\u0101ns&quot;<\/strong> veicina &scaron;\u016bnu vielmai\u0146as normaliz\u0113&scaron;anos, baro, mitrina \u0101du, saglab\u0101jot t\u0101s tvirtumu un elast\u012bbu.<\/p>\n<p><strong>Lieto&scaron;anas veids:<\/strong> atveriet iepakojumu un uzkl\u0101jiet masku uz att\u012br\u012btas sejas, p\u0113c 10-15 min\u016bt\u0113m noskalojiet.<\/p>\n<p><strong>Uzman\u012bbu<\/strong>: pirms lieto&scaron;anas maska ir j\u0101p\u0101rbauda uz neliela \u0101das laukuma. Ja tiek konstat\u0113ta aler\u0123iska reakcija, p\u0101rtrauciet lieto&scaron;anu.<\/p>\n<p><strong>Kontrindik\u0101cijas: <\/strong>individu\u0101la neieciet\u012bba pret maskas sast\u0101vda\u013c\u0101m. Uzglab\u0101t temperat\u016br\u0101 no +5&deg;C l\u012bdz +25&deg;C un relat\u012bvaj\u0101 mitrum\u0101 55-70% viet\u0101 aizsarg\u0101t\u0101 no tie&scaron;iem saules stariem vismaz viena metra att\u0101lum\u0101 no augstas temperat\u016bras avotiem.<\/p>\n","protected":false},"excerpt":{"rendered":"<p>Ban\u0101ns satur daudz noder\u012bgu vielu: kalcija, dzelzs un fosfora savienojumus, C vitam\u012bnu, beta-karot\u012bnu, B grupas vitam\u012bnus, kas veicina baro&scaron;anu, mitrin\u0101&scaron;anu un \u0101das mikroreljefa izl\u012bdzin\u0101&scaron;anu. Barojo&scaron;a kosm\u0113tisk\u0101 maska &quot;Ban\u0101ns&quot; veicina &scaron;\u016bnu vielmai\u0146as normaliz\u0113&scaron;anos, baro, mitrina \u0101du, saglab\u0101jot t\u0101s tvirtumu un elast\u012bbu. Lieto&scaron;anas veids: atveriet iepakojumu un uzkl\u0101jiet masku uz att\u012br\u012btas sejas, p\u0113c 10-15 min\u016bt\u0113m noskalojiet. Uzman\u012bbu: [&#8230;]\n","protected":false},"featured_media":86874,"template":"","meta":[],"product_cat":[1367],"product_tag":[],"class_list":{"0":"post-37528","1":"product","2":"type-product","3":"status-publish","4":"has-post-thumbnail","6":"product_brand-naturpro_ua","7":"product_cat-sejas-maskas","9":"first","10":"instock","11":"taxable","12":"shipping-taxable","13":"product-type-simple"},"_links":{"self":[{"href":"https:\/\/e.kosmolat.eu\/lv\/wp-json\/wp\/v2\/product\/37528","targetHints":{"allow":["GET"]}}],"collection":[{"href":"https:\/\/e.kosmolat.eu\/lv\/wp-json\/wp\/v2\/product"}],"about":[{"href":"https:\/\/e.kosmolat.eu\/lv\/wp-json\/wp\/v2\/types\/product"}],"wp:featuredmedia":[{"embeddable":true,"href":"https:\/\/e.kosmolat.eu\/lv\/wp-json\/wp\/v2\/media\/86874"}],"wp:attachment":[{"href":"https:\/\/e.kosmolat.eu\/lv\/wp-json\/wp\/v2\/media?parent=37528"}],"wp:term":[{"taxonomy":"product_cat","embeddable":true,"href":"https:\/\/e.kosmolat.eu\/lv\/wp-json\/wp\/v2\/product_cat?post=37528"},{"taxonomy":"product_tag","embeddable":true,"href":"https:\/\/e.kosmolat.eu\/lv\/wp-json\/wp\/v2\/product_tag?post=37528"}],"curies":[{"name":"wp","href":"https:\/\/api.w.org\/{rel}","templated":true}]}}