{"id":37524,"date":"2023-12-22T19:55:14","date_gmt":"2023-12-22T19:55:14","guid":{"rendered":"https:\/\/e.kosmolat.eu\/product\/bd-mitrinosa-kosmetiska-maska-bambuss-15-ml\/"},"modified":"2026-04-22T13:25:32","modified_gmt":"2026-04-22T13:25:32","slug":"bd-mitrinosa-kosmetiska-maska-bambuss-15-ml","status":"publish","type":"product","link":"https:\/\/e.kosmolat.eu\/lv\/product\/bd-mitrinosa-kosmetiska-maska-bambuss-15-ml\/","title":{"rendered":"BD Mitrino\u0161a kosm\u0113tisk\u0101 maska &#8220;Bambuss&#8221;, 15 ml"},"content":{"rendered":"<p><strong>Bambuss<\/strong> piepilda \u0161\u016bnas ar sil\u012bcijsk\u0101bi, kas padara \u0101du tvirtu un elast\u012bgu. Bambusa e\u013c\u013cas un s\u0101\u013ci aktiviz\u0113 asinsriti un mazina piet\u016bkumu.<br \/>\n<strong>Mitrino\u0161a kosm\u0113tisk\u0101 maska &quot;Bambuss&quot;<\/strong> pies\u0101tina \u0101du ar mitrumu, nov\u0113r\u0161ot sausumu, sasprindzin\u0101jumu un lob\u012b\u0161anos. Pal\u012bdz nov\u0113rst grumbu veido\u0161anos. Akt\u012bv\u0101s vielas palielina \u0101das tvirtumu, elast\u012bbu un atjauno\u0161an\u0101s sp\u0113jas.<br \/>\n<strong>Lieto\u0161anas veids:<\/strong> atveriet iepakojumu un uzkl\u0101jiet masku uz att\u012br\u012btas sejas, p\u0113c 10-15 min\u016bt\u0113m noskalojiet.<br \/>\n<strong>Uzman\u012bbu:<\/strong> pirms lieto\u0161anas maska ir j\u0101p\u0101rbauda uz neliela \u0101das laukuma. Ja tiek konstat\u0113ta aler\u0123iska reakcija, p\u0101rtrauciet lieto\u0161anu.<br \/>\n<strong>Kontrindik\u0101cijas:<\/strong> individu\u0101la neieciet\u012bba pret maskas sast\u0101vda\u013c\u0101m. Uzglab\u0101t temperat\u016br\u0101 no +5&deg;C l\u012bdz +25&deg;C un relat\u012bvaj\u0101 mitrum\u0101 55-70% viet\u0101 aizsarg\u0101t\u0101 no tie\u0161iem saules stariem vismaz viena metra att\u0101lum\u0101 no augstas temperat\u016bras avotiem.<\/p>\n","protected":false},"excerpt":{"rendered":"<p>Bambuss piepilda \u0161\u016bnas ar sil\u012bcijsk\u0101bi, kas padara \u0101du tvirtu un elast\u012bgu. Bambusa e\u013c\u013cas un s\u0101\u013ci aktiviz\u0113 asinsriti un mazina piet\u016bkumu. Mitrino\u0161a kosm\u0113tisk\u0101 maska &quot;Bambuss&quot; pies\u0101tina \u0101du ar mitrumu, nov\u0113r\u0161ot sausumu, sasprindzin\u0101jumu un lob\u012b\u0161anos. Pal\u012bdz nov\u0113rst grumbu veido\u0161anos. Akt\u012bv\u0101s vielas palielina \u0101das tvirtumu, elast\u012bbu un atjauno\u0161an\u0101s sp\u0113jas. Lieto\u0161anas veids: atveriet iepakojumu un uzkl\u0101jiet masku uz att\u012br\u012btas [&#8230;]\n","protected":false},"featured_media":86870,"template":"","meta":[],"product_cat":[2182],"product_tag":[],"class_list":{"0":"post-37524","1":"product","2":"type-product","3":"status-publish","4":"has-post-thumbnail","6":"product_brand-naturpro_ua","7":"product_cat-bez-kategorijas-ru","9":"first","10":"outofstock","11":"taxable","12":"shipping-taxable","13":"product-type-simple"},"_links":{"self":[{"href":"https:\/\/e.kosmolat.eu\/lv\/wp-json\/wp\/v2\/product\/37524","targetHints":{"allow":["GET"]}}],"collection":[{"href":"https:\/\/e.kosmolat.eu\/lv\/wp-json\/wp\/v2\/product"}],"about":[{"href":"https:\/\/e.kosmolat.eu\/lv\/wp-json\/wp\/v2\/types\/product"}],"wp:featuredmedia":[{"embeddable":true,"href":"https:\/\/e.kosmolat.eu\/lv\/wp-json\/wp\/v2\/media\/86870"}],"wp:attachment":[{"href":"https:\/\/e.kosmolat.eu\/lv\/wp-json\/wp\/v2\/media?parent=37524"}],"wp:term":[{"taxonomy":"product_cat","embeddable":true,"href":"https:\/\/e.kosmolat.eu\/lv\/wp-json\/wp\/v2\/product_cat?post=37524"},{"taxonomy":"product_tag","embeddable":true,"href":"https:\/\/e.kosmolat.eu\/lv\/wp-json\/wp\/v2\/product_tag?post=37524"}],"curies":[{"name":"wp","href":"https:\/\/api.w.org\/{rel}","templated":true}]}}