{"id":37520,"date":"2023-12-22T19:54:48","date_gmt":"2023-12-22T19:54:48","guid":{"rendered":"https:\/\/e.kosmolat.eu\/product\/bd-kosm-maska-uz-balto-malu-bazes-barojosa-12-ml\/"},"modified":"2026-04-22T06:56:40","modified_gmt":"2026-04-22T06:56:40","slug":"bd-kosm-maska-uz-balto-malu-bazes-barojosa-12-ml","status":"publish","type":"product","link":"https:\/\/e.kosmolat.eu\/lv\/product\/bd-kosm-maska-uz-balto-malu-bazes-barojosa-12-ml\/","title":{"rendered":"BD Kosm.maska uz balto m\u0101lu b\u0101zes Barojo\u0161a, 12 ml"},"content":{"rendered":"<p><strong>Matcha t\u0113jas ekstrakts un persiku kauli\u0146u e\u013c\u013ca:<\/strong><br \/>\n&#8211; Baro un mitrina<br \/>\n&#8211; Toniz\u0113 un att\u012bra<br \/>\n&#8211; Sa\u0161aurina poras<br \/>\n<strong>Kosm\u0113tisk\u0101 maska uz balto m\u0101lu b\u0101zes<\/strong> att\u012bra un sausina \u0101du, nov\u0113r\u0161ot taukaino sp\u012bdumu, sa\u0161aurina poras, pie\u0161\u0137ir sejas \u0101dai elast\u012bbu un nodro\u0161ina vesel\u012bgu izskatu.<br \/>\n<strong>Lieto\u0161anas veids:<\/strong> atveriet iepakojumu un uzkl\u0101jiet masku uz att\u012br\u012btas sejas, p\u0113c 10-15 min\u016bt\u0113m noskalojiet.<br \/>\n<strong>Uzman\u012bbu:<\/strong> pirms lieto\u0161anas maska ir j\u0101p\u0101rbauda uz neliela \u0101das laukuma. Ja tiek konstat\u0113ta aler\u0123iska reakcija, p\u0101rtrauciet lieto\u0161anu.<br \/>\n<strong>Kontrindik\u0101cijas:<\/strong> individu\u0101la neieciet\u012bba pret maskas sast\u0101vda\u013c\u0101m. Uzglab\u0101t temperat\u016br\u0101 no +5&deg;C l\u012bdz +25&deg;C un relat\u012bvaj\u0101 mitrum\u0101 55-70% viet\u0101 aizsarg\u0101t\u0101 no tie\u0161iem saules stariem vismaz viena metra att\u0101lum\u0101 no augstas temperat\u016bras avotiem.<\/p>\n","protected":false},"excerpt":{"rendered":"<p>Matcha t\u0113jas ekstrakts un persiku kauli\u0146u e\u013c\u013ca: &#8211; Baro un mitrina &#8211; Toniz\u0113 un att\u012bra &#8211; Sa\u0161aurina poras Kosm\u0113tisk\u0101 maska uz balto m\u0101lu b\u0101zes att\u012bra un sausina \u0101du, nov\u0113r\u0161ot taukaino sp\u012bdumu, sa\u0161aurina poras, pie\u0161\u0137ir sejas \u0101dai elast\u012bbu un nodro\u0161ina vesel\u012bgu izskatu. Lieto\u0161anas veids: atveriet iepakojumu un uzkl\u0101jiet masku uz att\u012br\u012btas sejas, p\u0113c 10-15 min\u016bt\u0113m noskalojiet. [&#8230;]\n","protected":false},"featured_media":86866,"template":"","meta":[],"product_cat":[2182],"product_tag":[],"class_list":{"0":"post-37520","1":"product","2":"type-product","3":"status-publish","4":"has-post-thumbnail","6":"product_brand-naturpro_ua","7":"product_cat-bez-kategorijas-ru","9":"first","10":"instock","11":"taxable","12":"shipping-taxable","13":"product-type-simple"},"_links":{"self":[{"href":"https:\/\/e.kosmolat.eu\/lv\/wp-json\/wp\/v2\/product\/37520","targetHints":{"allow":["GET"]}}],"collection":[{"href":"https:\/\/e.kosmolat.eu\/lv\/wp-json\/wp\/v2\/product"}],"about":[{"href":"https:\/\/e.kosmolat.eu\/lv\/wp-json\/wp\/v2\/types\/product"}],"wp:featuredmedia":[{"embeddable":true,"href":"https:\/\/e.kosmolat.eu\/lv\/wp-json\/wp\/v2\/media\/86866"}],"wp:attachment":[{"href":"https:\/\/e.kosmolat.eu\/lv\/wp-json\/wp\/v2\/media?parent=37520"}],"wp:term":[{"taxonomy":"product_cat","embeddable":true,"href":"https:\/\/e.kosmolat.eu\/lv\/wp-json\/wp\/v2\/product_cat?post=37520"},{"taxonomy":"product_tag","embeddable":true,"href":"https:\/\/e.kosmolat.eu\/lv\/wp-json\/wp\/v2\/product_tag?post=37520"}],"curies":[{"name":"wp","href":"https:\/\/api.w.org\/{rel}","templated":true}]}}