{"id":37516,"date":"2023-12-22T19:54:21","date_gmt":"2023-12-22T19:54:21","guid":{"rendered":"https:\/\/e.kosmolat.eu\/product\/bd-kosm-maska-uz-zalo-malu-bazes-mitrinosa-12-ml\/"},"modified":"2026-04-17T11:24:53","modified_gmt":"2026-04-17T11:24:53","slug":"bd-kosm-maska-uz-zalo-malu-bazes-mitrinosa-12-ml","status":"publish","type":"product","link":"https:\/\/e.kosmolat.eu\/lv\/product\/bd-kosm-maska-uz-zalo-malu-bazes-mitrinosa-12-ml\/","title":{"rendered":"BD Kosm.maska uz za\u013co m\u0101lu b\u0101zes Mitrino\u0161a, 12 ml"},"content":{"rendered":"<p><strong>Aloe Vera ekstrakts un avokado e\u013c\u013ca:<\/strong><br \/>\n&#8211; Att\u012bra, mitrina un toniz\u0113<br \/>\n&#8211; Palielina elast\u012bbu<br \/>\n&#8211; Veicina \u0101das atjauno\u0161anos<br \/>\n<strong>Kosm\u0113tisk\u0101 maska uz za\u013co m\u0101lu b\u0101zes<\/strong> nov\u0113r\u0161 \u0161\u016bnu noveco\u0161anos, kontrol\u0113 tauku dziedzeru darb\u012bbu, toniz\u0113, stimul\u0113 \u0161\u016bnu atjauno\u0161anos, efekt\u012bvi m\u012bkstina, pal\u012bdz izl\u012bdzin\u0101t grumbas un mazina t\u016bsku.<br \/>\n<strong>Lieto\u0161anas veids:<\/strong> atveriet iepakojumu un uzkl\u0101jiet masku uz att\u012br\u012btas sejas, p\u0113c 10-15 min\u016bt\u0113m noskalojiet.<br \/>\n<strong>Uzman\u012bbu:<\/strong> pirms lieto\u0161anas maska ir j\u0101p\u0101rbauda uz neliela \u0101das laukuma. Ja tiek konstat\u0113ta aler\u0123iska reakcija, p\u0101rtrauciet lieto\u0161anu.<br \/>\n<strong>Kontrindik\u0101cijas: <\/strong>individu\u0101la neieciet\u012bba pret maskas sast\u0101vda\u013c\u0101m. Uzglab\u0101t temperat\u016br\u0101 no +5&deg;C l\u012bdz +25&deg;C un relat\u012bvaj\u0101 mitrum\u0101 55-70% viet\u0101 aizsarg\u0101t\u0101 no tie\u0161iem saules stariem vismaz viena metra att\u0101lum\u0101 no augstas temperat\u016bras avotiem.<\/p>\n","protected":false},"excerpt":{"rendered":"<p>Aloe Vera ekstrakts un avokado e\u013c\u013ca: &#8211; Att\u012bra, mitrina un toniz\u0113 &#8211; Palielina elast\u012bbu &#8211; Veicina \u0101das atjauno\u0161anos Kosm\u0113tisk\u0101 maska uz za\u013co m\u0101lu b\u0101zes nov\u0113r\u0161 \u0161\u016bnu noveco\u0161anos, kontrol\u0113 tauku dziedzeru darb\u012bbu, toniz\u0113, stimul\u0113 \u0161\u016bnu atjauno\u0161anos, efekt\u012bvi m\u012bkstina, pal\u012bdz izl\u012bdzin\u0101t grumbas un mazina t\u016bsku. Lieto\u0161anas veids: atveriet iepakojumu un uzkl\u0101jiet masku uz att\u012br\u012btas sejas, p\u0113c 10-15 [&#8230;]\n","protected":false},"featured_media":86862,"template":"","meta":[],"product_cat":[1367],"product_tag":[],"class_list":{"0":"post-37516","1":"product","2":"type-product","3":"status-publish","4":"has-post-thumbnail","6":"product_brand-naturpro_ua","7":"product_cat-sejas-maskas","9":"first","10":"instock","11":"taxable","12":"shipping-taxable","13":"product-type-simple"},"_links":{"self":[{"href":"https:\/\/e.kosmolat.eu\/lv\/wp-json\/wp\/v2\/product\/37516","targetHints":{"allow":["GET"]}}],"collection":[{"href":"https:\/\/e.kosmolat.eu\/lv\/wp-json\/wp\/v2\/product"}],"about":[{"href":"https:\/\/e.kosmolat.eu\/lv\/wp-json\/wp\/v2\/types\/product"}],"wp:featuredmedia":[{"embeddable":true,"href":"https:\/\/e.kosmolat.eu\/lv\/wp-json\/wp\/v2\/media\/86862"}],"wp:attachment":[{"href":"https:\/\/e.kosmolat.eu\/lv\/wp-json\/wp\/v2\/media?parent=37516"}],"wp:term":[{"taxonomy":"product_cat","embeddable":true,"href":"https:\/\/e.kosmolat.eu\/lv\/wp-json\/wp\/v2\/product_cat?post=37516"},{"taxonomy":"product_tag","embeddable":true,"href":"https:\/\/e.kosmolat.eu\/lv\/wp-json\/wp\/v2\/product_tag?post=37516"}],"curies":[{"name":"wp","href":"https:\/\/api.w.org\/{rel}","templated":true}]}}