{"id":37512,"date":"2023-12-22T19:53:59","date_gmt":"2023-12-22T19:53:59","guid":{"rendered":"https:\/\/e.kosmolat.eu\/product\/bd-kosm-maska-uz-melno-malu-bazes-pret-putitem-12-ml\/"},"modified":"2025-09-19T23:10:55","modified_gmt":"2025-09-19T23:10:55","slug":"bd-kosm-maska-uz-melno-malu-bazes-pret-putitem-12-ml","status":"publish","type":"product","link":"https:\/\/e.kosmolat.eu\/lv\/product\/bd-kosm-maska-uz-melno-malu-bazes-pret-putitem-12-ml\/","title":{"rendered":"BD Kosm.maska uz melno m\u0101lu b\u0101zes Pret p\u016bt\u012bt\u0113m, 12 ml"},"content":{"rendered":"<p><strong>Aktiv\u0113t\u0101 ogle un t\u0113jas koka e\u013c\u013ca:<\/strong><br \/>\n&#8211; Pret pinn\u0113m, p\u016bt\u012bt\u0113m un taukainu sp\u012bdumu;<br \/>\n&#8211; Dzi\u013ci att\u012bra, toniz\u0113 un atjauno \u0101du;<br \/>\n&#8211; Palielina \u0101das elast\u012bbu.<br \/>\n<strong>Kosm\u0113tisk\u0101 maska uz melno m\u0101lu b\u0101zes<\/strong> absorb\u0113 liekos taukus, pal\u012bdz l\u012bdzsvarot \u0101das pH l\u012bmeni.<br \/>\n<strong>Lieto\u0161anas veids:<\/strong> atveriet iepakojumu un uzkl\u0101jiet masku uz att\u012br\u012btas sejas, p\u0113c 10-15 min\u016bt\u0113m noskalojiet.<br \/>\n<strong>Uzman\u012bbu: <\/strong>pirms lieto\u0161anas maska ir j\u0101p\u0101rbauda uz neliela \u0101das laukuma. Ja tiek konstat\u0113ta aler\u0123iska reakcija, p\u0101rtrauciet lieto\u0161anu.<br \/>\n<strong>Kontrindik\u0101cijas:<\/strong> individu\u0101la neieciet\u012bba pret maskas sast\u0101vda\u013c\u0101m. Uzglab\u0101t temperat\u016br\u0101 no +5&deg;C l\u012bdz +25&deg;C un relat\u012bvaj\u0101 mitrum\u0101 55-70% viet\u0101 aizsarg\u0101t\u0101 no tie\u0161iem saules stariem vismaz viena metra att\u0101lum\u0101 no augstas temperat\u016bras avotiem.<\/p>\n","protected":false},"excerpt":{"rendered":"<p>Aktiv\u0113t\u0101 ogle un t\u0113jas koka e\u013c\u013ca: &#8211; Pret pinn\u0113m, p\u016bt\u012bt\u0113m un taukainu sp\u012bdumu; &#8211; Dzi\u013ci att\u012bra, toniz\u0113 un atjauno \u0101du; &#8211; Palielina \u0101das elast\u012bbu. Kosm\u0113tisk\u0101 maska uz melno m\u0101lu b\u0101zes absorb\u0113 liekos taukus, pal\u012bdz l\u012bdzsvarot \u0101das pH l\u012bmeni. Lieto\u0161anas veids: atveriet iepakojumu un uzkl\u0101jiet masku uz att\u012br\u012btas sejas, p\u0113c 10-15 min\u016bt\u0113m noskalojiet. Uzman\u012bbu: pirms lieto\u0161anas [&#8230;]\n","protected":false},"featured_media":86858,"template":"","meta":[],"product_cat":[1367],"product_tag":[],"class_list":{"0":"post-37512","1":"product","2":"type-product","3":"status-publish","4":"has-post-thumbnail","6":"product_brand-naturpro_ua","7":"product_cat-sejas-maskas","9":"first","10":"outofstock","11":"taxable","12":"shipping-taxable","13":"product-type-simple"},"_links":{"self":[{"href":"https:\/\/e.kosmolat.eu\/lv\/wp-json\/wp\/v2\/product\/37512","targetHints":{"allow":["GET"]}}],"collection":[{"href":"https:\/\/e.kosmolat.eu\/lv\/wp-json\/wp\/v2\/product"}],"about":[{"href":"https:\/\/e.kosmolat.eu\/lv\/wp-json\/wp\/v2\/types\/product"}],"wp:featuredmedia":[{"embeddable":true,"href":"https:\/\/e.kosmolat.eu\/lv\/wp-json\/wp\/v2\/media\/86858"}],"wp:attachment":[{"href":"https:\/\/e.kosmolat.eu\/lv\/wp-json\/wp\/v2\/media?parent=37512"}],"wp:term":[{"taxonomy":"product_cat","embeddable":true,"href":"https:\/\/e.kosmolat.eu\/lv\/wp-json\/wp\/v2\/product_cat?post=37512"},{"taxonomy":"product_tag","embeddable":true,"href":"https:\/\/e.kosmolat.eu\/lv\/wp-json\/wp\/v2\/product_tag?post=37512"}],"curies":[{"name":"wp","href":"https:\/\/api.w.org\/{rel}","templated":true}]}}