{"id":37508,"date":"2023-12-22T19:53:31","date_gmt":"2023-12-22T19:53:31","guid":{"rendered":"https:\/\/e.kosmolat.eu\/product\/bd-kosm-maska-uz-zilo-malu-bazes-pret-mim-grumb-12-ml\/"},"modified":"2026-04-22T06:56:25","modified_gmt":"2026-04-22T06:56:25","slug":"bd-kosm-maska-uz-zilo-malu-bazes-pret-mim-grumb-12-ml","status":"publish","type":"product","link":"https:\/\/e.kosmolat.eu\/lv\/product\/bd-kosm-maska-uz-zilo-malu-bazes-pret-mim-grumb-12-ml\/","title":{"rendered":"BD Kosm.maska uz zilo m\u0101lu b\u0101zes Pret m\u012bm.grumb., 12 ml"},"content":{"rendered":"<p><strong>Ol\u012bvu ekstrakts un hohobas e\u013c\u013ca:<\/strong><br \/>\n&#8211; Dzi\u013ci att\u012bra<br \/>\n&#8211; Pa\u0101trina vielmai\u0146as procesus<br \/>\n&#8211; Palielina elast\u012bbu<\/p>\n<p><strong>Kosm\u0113tisk\u0101 maska uz zilo m\u0101lu b\u0101zes<\/strong> att\u012bra un sausina \u0101du, nov\u0113r\u0161 taukaino sp\u012bdumu, sa\u0161aurina poras, stimul\u0113 \u0161\u016bnu atjauno\u0161anos, pal\u012bdz izl\u012bdzin\u0101t grumbas un uzlabo \u0101das elast\u012bbu.<\/p>\n<p><strong>Lieto\u0161anas veids: <\/strong>atveriet iepakojumu un uzkl\u0101jiet masku uz att\u012br\u012btas sejas, p\u0113c 10-15 min\u016bt\u0113m noskalojiet.<\/p>\n<p><strong>Uzman\u012bbu: <\/strong>pirms lieto\u0161anas maska ir j\u0101p\u0101rbauda uz neliela \u0101das laukuma. Ja tiek konstat\u0113ta aler\u0123iska reakcija, p\u0101rtrauciet lieto\u0161anu.<\/p>\n<p><strong>Kontrindik\u0101cijas: <\/strong>individu\u0101la neieciet\u012bba pret maskas sast\u0101vda\u013c\u0101m. Uzglab\u0101t temperat\u016br\u0101 no +5&deg;C l\u012bdz +25&deg;C un relat\u012bvaj\u0101 mitrum\u0101 55-70% viet\u0101 aizsarg\u0101t\u0101 no tie\u0161iem saules stariem vismaz viena metra att\u0101lum\u0101 no augstas temperat\u016bras avotiem.<\/p>\n","protected":false},"excerpt":{"rendered":"<p>Ol\u012bvu ekstrakts un hohobas e\u013c\u013ca: &#8211; Dzi\u013ci att\u012bra &#8211; Pa\u0101trina vielmai\u0146as procesus &#8211; Palielina elast\u012bbu Kosm\u0113tisk\u0101 maska uz zilo m\u0101lu b\u0101zes att\u012bra un sausina \u0101du, nov\u0113r\u0161 taukaino sp\u012bdumu, sa\u0161aurina poras, stimul\u0113 \u0161\u016bnu atjauno\u0161anos, pal\u012bdz izl\u012bdzin\u0101t grumbas un uzlabo \u0101das elast\u012bbu. Lieto\u0161anas veids: atveriet iepakojumu un uzkl\u0101jiet masku uz att\u012br\u012btas sejas, p\u0113c 10-15 min\u016bt\u0113m noskalojiet. Uzman\u012bbu: [&#8230;]\n","protected":false},"featured_media":86854,"template":"","meta":[],"product_cat":[2182],"product_tag":[],"class_list":{"0":"post-37508","1":"product","2":"type-product","3":"status-publish","4":"has-post-thumbnail","6":"product_brand-naturpro_ua","7":"product_cat-bez-kategorijas-ru","9":"first","10":"instock","11":"taxable","12":"shipping-taxable","13":"product-type-simple"},"_links":{"self":[{"href":"https:\/\/e.kosmolat.eu\/lv\/wp-json\/wp\/v2\/product\/37508","targetHints":{"allow":["GET"]}}],"collection":[{"href":"https:\/\/e.kosmolat.eu\/lv\/wp-json\/wp\/v2\/product"}],"about":[{"href":"https:\/\/e.kosmolat.eu\/lv\/wp-json\/wp\/v2\/types\/product"}],"wp:featuredmedia":[{"embeddable":true,"href":"https:\/\/e.kosmolat.eu\/lv\/wp-json\/wp\/v2\/media\/86854"}],"wp:attachment":[{"href":"https:\/\/e.kosmolat.eu\/lv\/wp-json\/wp\/v2\/media?parent=37508"}],"wp:term":[{"taxonomy":"product_cat","embeddable":true,"href":"https:\/\/e.kosmolat.eu\/lv\/wp-json\/wp\/v2\/product_cat?post=37508"},{"taxonomy":"product_tag","embeddable":true,"href":"https:\/\/e.kosmolat.eu\/lv\/wp-json\/wp\/v2\/product_tag?post=37508"}],"curies":[{"name":"wp","href":"https:\/\/api.w.org\/{rel}","templated":true}]}}