{"id":37496,"date":"2023-12-22T19:52:01","date_gmt":"2023-12-22T19:52:01","guid":{"rendered":"https:\/\/e.kosmolat.eu\/product\/bd-zelta-kolagena-spilventini-2-gab-24-g\/"},"modified":"2026-04-23T09:19:53","modified_gmt":"2026-04-23T09:19:53","slug":"bd-zelta-kolagena-spilventini-2-gab-24-g","status":"publish","type":"product","link":"https:\/\/e.kosmolat.eu\/lv\/product\/bd-zelta-kolagena-spilventini-2-gab-24-g\/","title":{"rendered":"BD Zelta kolag\u0113na spilventi\u0146i 2 gab., 2*4 g"},"content":{"rendered":"<p>Satur kolag\u0113nu un hialuronsk\u0101bi.&nbsp;Sausai \u0101dai.<\/p>\n<p>Beauty Derm zelta kolag\u0113na spilventi\u0146i iedarbojas &scaron;\u016bnu l\u012bmen\u012b, pal\u012bdz intens\u012bvi mitrin\u0101t \u0101du un stimul\u0113t t\u0101s atjauno&scaron;an\u0101s procesus, paaugstina tvirtumu un elast\u012bbu, savelk \u0101du, izl\u012bdzina grumbas, nodro&scaron;ina liftinga efektu, izgaismo un izl\u012bdzina toni, atbr\u012bvo no toks\u012bniem, pie&scaron;\u0137ir \u0101dai maigumu un z\u012bdain\u012bbu.<br \/>\nHialuronsk\u0101be serum\u0101 sast\u0101v\u0101 ir \u012bsts gl\u0101bi\u0146&scaron; sausai un dehidr\u0113tai \u0101dai, dzi\u013ci atjauno un mitrina epidermu, stimul\u0113 \u0101das atjauno&scaron;an\u0101s procesus, atjauno mitruma defic\u012btu, ilgsto&scaron;i nov\u0113r&scaron;ot sausumu.<\/p>\n<p><strong>Lieto&scaron;ana:<\/strong> r\u016bp\u012bgi not\u012briet seju un acis ar siltu \u016bdeni. Atveriet iepakojumu, iz\u0146emiet spilventi\u0146us un uzkl\u0101jiet zem acu zonas. Atst\u0101jiet iedarboties 15-25 min\u016btes. Uzman\u012bgi uzkl\u0101jiet atliku&scaron;o esenci uz \u0101das un \u013caujiet tai piln\u012bb\u0101 ies\u016bkties. Lai ieg\u016btu efekt\u012bvus rezult\u0101tus, izmantojiet 2-3 reizes ned\u0113\u013c\u0101.<\/p>\n<p><strong>Piesardz\u012bbas pas\u0101kumi:&nbsp;<\/strong>Nelietot spilventi\u0146us atk\u0101rtoti. Tikai vienreiz\u0113jai lieto&scaron;anai.&nbsp;Pirms lieto&scaron;anas l\u012bdzeklis j\u0101p\u0101rbauda uz neliela \u0101das laukuma. Ja rodas aler\u0123iska reakcija, p\u0101rtraukt lieto&scaron;anu.<br \/>\nUzglab\u0101t temperat\u016br\u0101 no 5 l\u012bdz 25 C un mitrum\u0101 55-70%, sarg\u0101jot no tie&scaron;iem saules stariem, ne tuv\u0101k k\u0101 1,0 m att\u0101lum\u0101 no karstuma avotiem.<br \/>\n&nbsp;<\/p>\n","protected":false},"excerpt":{"rendered":"<p>Satur kolag\u0113nu un hialuronsk\u0101bi.&nbsp;Sausai \u0101dai. Beauty Derm zelta kolag\u0113na spilventi\u0146i iedarbojas &scaron;\u016bnu l\u012bmen\u012b, pal\u012bdz intens\u012bvi mitrin\u0101t \u0101du un stimul\u0113t t\u0101s atjauno&scaron;an\u0101s procesus, paaugstina tvirtumu un elast\u012bbu, savelk \u0101du, izl\u012bdzina grumbas, nodro&scaron;ina liftinga efektu, izgaismo un izl\u012bdzina toni, atbr\u012bvo no toks\u012bniem, pie&scaron;\u0137ir \u0101dai maigumu un z\u012bdain\u012bbu. Hialuronsk\u0101be serum\u0101 sast\u0101v\u0101 ir \u012bsts gl\u0101bi\u0146&scaron; sausai un dehidr\u0113tai \u0101dai, [&#8230;]\n","protected":false},"featured_media":86814,"template":"","meta":[],"product_cat":[2181],"product_tag":[],"class_list":{"0":"post-37496","1":"product","2":"type-product","3":"status-publish","4":"has-post-thumbnail","6":"product_brand-naturpro_ua","7":"product_cat-bez-kategorijas-lt","9":"first","10":"instock","11":"taxable","12":"shipping-taxable","13":"product-type-simple"},"_links":{"self":[{"href":"https:\/\/e.kosmolat.eu\/lv\/wp-json\/wp\/v2\/product\/37496","targetHints":{"allow":["GET"]}}],"collection":[{"href":"https:\/\/e.kosmolat.eu\/lv\/wp-json\/wp\/v2\/product"}],"about":[{"href":"https:\/\/e.kosmolat.eu\/lv\/wp-json\/wp\/v2\/types\/product"}],"wp:featuredmedia":[{"embeddable":true,"href":"https:\/\/e.kosmolat.eu\/lv\/wp-json\/wp\/v2\/media\/86814"}],"wp:attachment":[{"href":"https:\/\/e.kosmolat.eu\/lv\/wp-json\/wp\/v2\/media?parent=37496"}],"wp:term":[{"taxonomy":"product_cat","embeddable":true,"href":"https:\/\/e.kosmolat.eu\/lv\/wp-json\/wp\/v2\/product_cat?post=37496"},{"taxonomy":"product_tag","embeddable":true,"href":"https:\/\/e.kosmolat.eu\/lv\/wp-json\/wp\/v2\/product_tag?post=37496"}],"curies":[{"name":"wp","href":"https:\/\/api.w.org\/{rel}","templated":true}]}}