{"id":37492,"date":"2023-12-22T19:51:31","date_gmt":"2023-12-22T19:51:31","guid":{"rendered":"https:\/\/e.kosmolat.eu\/product\/bd-lidzeklis-problematiskai-adai-3-viena-detox-75-ml\/"},"modified":"2026-03-26T10:34:23","modified_gmt":"2026-03-26T10:34:23","slug":"bd-lidzeklis-problematiskai-adai-3-viena-detox-75-ml","status":"publish","type":"product","link":"https:\/\/e.kosmolat.eu\/lv\/product\/bd-lidzeklis-problematiskai-adai-3-viena-detox-75-ml\/","title":{"rendered":"BD L\u012bdzeklis problem\u0101tiskai \u0101dai 3 vien\u0101 DETOX, 75 ml"},"content":{"rendered":"<p><strong>Daudzfunkcion\u0101ls produkts, kas paredz\u0113ts \u012bpa\u0161i problem\u0101tiskas \u0101das kop\u0161anai, pal\u012bdz vizu\u0101li samazin\u0101t melnos punktus un nov\u0113rst jaunu punktu ra\u0161anos.<\/strong><br \/>\n<strong>Akt\u012bv\u0101s sast\u0101vda\u013cas:<\/strong><br \/>\n<strong>Aktiv\u0113t\u0101 ogle<\/strong> &ndash; dzi\u013ci att\u012bra poras un izvada toks\u012bnus.<br \/>\n<strong>Apriko\u017eu kauli\u0146a kodols <\/strong>&ndash; maigi att\u012bra \u0101du no atmiru\u0161aj\u0101m epidermas \u0161\u016bn\u0101m un uzlabo sejas kr\u0101su.<br \/>\n<strong>Ziedu hidrol\u0101tu komplekss<\/strong> &mdash; baro \u0101du ar bioakt\u012bviem vitam\u012bniem un uztur tonusu.<br \/>\n<strong>Lieto\u0161anas veids:<\/strong> Uzkl\u0101jiet uz mitras sejas \u0101das, iemas\u0113jiet un noskalojiet ar \u016bdeni.<br \/>\n<strong>Uzman\u012bbu:<\/strong> pirms lieto\u0161anas produkts ir j\u0101p\u0101rbauda uz neliela \u0101das laukuma. Ja tiek konstat\u0113ta aler\u0123iska reakcija, p\u0101rtrauciet lieto\u0161anu. Izmantojiet paredz\u0113tajam m\u0113r\u0137im. Tikai \u0101r\u012bgai lieto\u0161anai.<br \/>\n<strong>Kontrindik\u0101cijas: <\/strong>individu\u0101la neieciet\u012bba pret l\u012bdzek\u013ca sast\u0101vda\u013c\u0101m. Uzglab\u0101t temperat\u016br\u0101 no +5&deg;C l\u012bdz +25&deg;C un relat\u012bvaj\u0101 mitrum\u0101 55-75% viet\u0101 aizsarg\u0101t\u0101 no tie\u0161iem saules stariem vismaz viena metra att\u0101lum\u0101 no augstas temperat\u016bras avotiem.&nbsp;<\/p>\n","protected":false},"excerpt":{"rendered":"<p>Daudzfunkcion\u0101ls produkts, kas paredz\u0113ts \u012bpa\u0161i problem\u0101tiskas \u0101das kop\u0161anai, pal\u012bdz vizu\u0101li samazin\u0101t melnos punktus un nov\u0113rst jaunu punktu ra\u0161anos. Akt\u012bv\u0101s sast\u0101vda\u013cas: Aktiv\u0113t\u0101 ogle &ndash; dzi\u013ci att\u012bra poras un izvada toks\u012bnus. Apriko\u017eu kauli\u0146a kodols &ndash; maigi att\u012bra \u0101du no atmiru\u0161aj\u0101m epidermas \u0161\u016bn\u0101m un uzlabo sejas kr\u0101su. Ziedu hidrol\u0101tu komplekss &mdash; baro \u0101du ar bioakt\u012bviem vitam\u012bniem un uztur [&#8230;]\n","protected":false},"featured_media":86810,"template":"","meta":[],"product_cat":[1999],"product_tag":[],"class_list":{"0":"post-37492","1":"product","2":"type-product","3":"status-publish","4":"has-post-thumbnail","6":"product_brand-naturpro_ua","7":"product_cat-bez-kategorijas","9":"first","10":"instock","11":"taxable","12":"shipping-taxable","13":"product-type-simple"},"_links":{"self":[{"href":"https:\/\/e.kosmolat.eu\/lv\/wp-json\/wp\/v2\/product\/37492","targetHints":{"allow":["GET"]}}],"collection":[{"href":"https:\/\/e.kosmolat.eu\/lv\/wp-json\/wp\/v2\/product"}],"about":[{"href":"https:\/\/e.kosmolat.eu\/lv\/wp-json\/wp\/v2\/types\/product"}],"wp:featuredmedia":[{"embeddable":true,"href":"https:\/\/e.kosmolat.eu\/lv\/wp-json\/wp\/v2\/media\/86810"}],"wp:attachment":[{"href":"https:\/\/e.kosmolat.eu\/lv\/wp-json\/wp\/v2\/media?parent=37492"}],"wp:term":[{"taxonomy":"product_cat","embeddable":true,"href":"https:\/\/e.kosmolat.eu\/lv\/wp-json\/wp\/v2\/product_cat?post=37492"},{"taxonomy":"product_tag","embeddable":true,"href":"https:\/\/e.kosmolat.eu\/lv\/wp-json\/wp\/v2\/product_tag?post=37492"}],"curies":[{"name":"wp","href":"https:\/\/api.w.org\/{rel}","templated":true}]}}