{"id":37472,"date":"2023-12-22T19:49:55","date_gmt":"2023-12-22T19:49:55","guid":{"rendered":"https:\/\/e.kosmolat.eu\/product\/limecucumber-nakts-krems-sejai-un-adai-ap-acim-75-ml\/"},"modified":"2025-09-19T23:05:54","modified_gmt":"2025-09-19T23:05:54","slug":"limecucumber-nakts-krems-sejai-un-adai-ap-acim-75-ml","status":"publish","type":"product","link":"https:\/\/e.kosmolat.eu\/lv\/product\/limecucumber-nakts-krems-sejai-un-adai-ap-acim-75-ml\/","title":{"rendered":"LIME&#038;CUCUMBER Nakts krems sejai un adai ap acim, 75 ml"},"content":{"rendered":"<p>Nakts kr\u0113ms sejai un \u0101dai ap ac\u012bm<\/p>\n<ul>\n<li>Gur\u0137is un laims mitrina un izl\u012bdzina \u0101du, izl\u012bdzina sejas kr\u0101su.<\/li>\n<li>Kolag\u0113ns padara \u0101du tvirtu un elast\u012bgu, nov\u0113r&scaron; grumbu par\u0101d\u012b&scaron;anos.<\/li>\n<li>Avokado un kvie&scaron;u d\u012bgstu e\u013c\u013cas padara \u0101du mirdzo&scaron;u un z\u012bdainu, pretojas kait\u012bg\u0101m \u0101r\u0113j\u0101m ietekm\u0113m, zv\u012b\u0146o&scaron;anai un sausumam.<\/li>\n<\/ul>\n<p><strong>Lieto&scaron;ana: <\/strong>vakar\u0101 uz t\u012bras sejas un kakla \u0101das.<br \/>\n&nbsp;<\/p>\n","protected":false},"excerpt":{"rendered":"<p>Nakts kr\u0113ms sejai un \u0101dai ap ac\u012bm Gur\u0137is un laims mitrina un izl\u012bdzina \u0101du, izl\u012bdzina sejas kr\u0101su. Kolag\u0113ns padara \u0101du tvirtu un elast\u012bgu, nov\u0113r&scaron; grumbu par\u0101d\u012b&scaron;anos. Avokado un kvie&scaron;u d\u012bgstu e\u013c\u013cas padara \u0101du mirdzo&scaron;u un z\u012bdainu, pretojas kait\u012bg\u0101m \u0101r\u0113j\u0101m ietekm\u0113m, zv\u012b\u0146o&scaron;anai un sausumam. Lieto&scaron;ana: vakar\u0101 uz t\u012bras sejas un kakla \u0101das. &nbsp;<\/p>\n","protected":false},"featured_media":86782,"template":"","meta":[],"product_cat":[1320],"product_tag":[],"class_list":{"0":"post-37472","1":"product","2":"type-product","3":"status-publish","4":"has-post-thumbnail","6":"product_brand-iris-belorek_by","7":"product_cat-sejas-kremi","9":"first","10":"outofstock","11":"taxable","12":"shipping-taxable","13":"product-type-simple"},"_links":{"self":[{"href":"https:\/\/e.kosmolat.eu\/lv\/wp-json\/wp\/v2\/product\/37472","targetHints":{"allow":["GET"]}}],"collection":[{"href":"https:\/\/e.kosmolat.eu\/lv\/wp-json\/wp\/v2\/product"}],"about":[{"href":"https:\/\/e.kosmolat.eu\/lv\/wp-json\/wp\/v2\/types\/product"}],"wp:featuredmedia":[{"embeddable":true,"href":"https:\/\/e.kosmolat.eu\/lv\/wp-json\/wp\/v2\/media\/86782"}],"wp:attachment":[{"href":"https:\/\/e.kosmolat.eu\/lv\/wp-json\/wp\/v2\/media?parent=37472"}],"wp:term":[{"taxonomy":"product_cat","embeddable":true,"href":"https:\/\/e.kosmolat.eu\/lv\/wp-json\/wp\/v2\/product_cat?post=37472"},{"taxonomy":"product_tag","embeddable":true,"href":"https:\/\/e.kosmolat.eu\/lv\/wp-json\/wp\/v2\/product_tag?post=37472"}],"curies":[{"name":"wp","href":"https:\/\/api.w.org\/{rel}","templated":true}]}}