{"id":37440,"date":"2023-12-22T19:47:13","date_gmt":"2023-12-22T19:47:13","guid":{"rendered":"https:\/\/e.kosmolat.eu\/product\/phyto-spa-zeleja-intimai-higienai-ziedosa-sakura-300-ml\/"},"modified":"2026-03-31T06:19:17","modified_gmt":"2026-03-31T06:19:17","slug":"phyto-spa-zeleja-intimai-higienai-ziedosa-sakura-300-ml","status":"publish","type":"product","link":"https:\/\/e.kosmolat.eu\/lv\/product\/phyto-spa-zeleja-intimai-higienai-ziedosa-sakura-300-ml\/","title":{"rendered":"PHYTO SPA Zeleja intimai higienai Ziedosa Sakura, 300 ml"},"content":{"rendered":"<p>Maig\u0101 \u017eeleja ar vieglu sakuras ziedu arom\u0101tu ir paredz\u0113ta delik\u0101tai int\u012bmo \u0137erme\u0146a da\u013cu kop&scaron;anai ikdien\u0101. \u017deleja maigi att\u012bra un mitrina \u0101du, \u013caujot saglab\u0101t t\u012br\u012bbas un komforta saj\u016btu visas dienas garum\u0101.<\/p>\n<p><strong>Lieto&scaron;ana: <\/strong>lietojiet nelielu daudzumu \u017eelejas int\u012bmo zonu kop&scaron;anai, p\u0113c lieto&scaron;anas r\u016bp\u012bgi noskalojiet ar siltu \u016bdeni.<\/p>\n","protected":false},"excerpt":{"rendered":"<p>Maig\u0101 \u017eeleja ar vieglu sakuras ziedu arom\u0101tu ir paredz\u0113ta delik\u0101tai int\u012bmo \u0137erme\u0146a da\u013cu kop&scaron;anai ikdien\u0101. \u017deleja maigi att\u012bra un mitrina \u0101du, \u013caujot saglab\u0101t t\u012br\u012bbas un komforta saj\u016btu visas dienas garum\u0101. Lieto&scaron;ana: lietojiet nelielu daudzumu \u017eelejas int\u012bmo zonu kop&scaron;anai, p\u0113c lieto&scaron;anas r\u016bp\u012bgi noskalojiet ar siltu \u016bdeni.<\/p>\n","protected":false},"featured_media":86730,"template":"","meta":[],"product_cat":[1372],"product_tag":[],"class_list":{"0":"post-37440","1":"product","2":"type-product","3":"status-publish","4":"has-post-thumbnail","6":"product_brand-iris-belorek_by","7":"product_cat-intima-higiena","9":"first","10":"outofstock","11":"taxable","12":"shipping-taxable","13":"product-type-simple"},"_links":{"self":[{"href":"https:\/\/e.kosmolat.eu\/lv\/wp-json\/wp\/v2\/product\/37440","targetHints":{"allow":["GET"]}}],"collection":[{"href":"https:\/\/e.kosmolat.eu\/lv\/wp-json\/wp\/v2\/product"}],"about":[{"href":"https:\/\/e.kosmolat.eu\/lv\/wp-json\/wp\/v2\/types\/product"}],"wp:featuredmedia":[{"embeddable":true,"href":"https:\/\/e.kosmolat.eu\/lv\/wp-json\/wp\/v2\/media\/86730"}],"wp:attachment":[{"href":"https:\/\/e.kosmolat.eu\/lv\/wp-json\/wp\/v2\/media?parent=37440"}],"wp:term":[{"taxonomy":"product_cat","embeddable":true,"href":"https:\/\/e.kosmolat.eu\/lv\/wp-json\/wp\/v2\/product_cat?post=37440"},{"taxonomy":"product_tag","embeddable":true,"href":"https:\/\/e.kosmolat.eu\/lv\/wp-json\/wp\/v2\/product_tag?post=37440"}],"curies":[{"name":"wp","href":"https:\/\/api.w.org\/{rel}","templated":true}]}}