{"id":37432,"date":"2023-12-22T19:46:33","date_gmt":"2023-12-22T19:46:33","guid":{"rendered":"https:\/\/e.kosmolat.eu\/product\/phyto-spa-zeleja-intimai-higienai-roza-orhideja-300-ml\/"},"modified":"2026-04-11T18:44:32","modified_gmt":"2026-04-11T18:44:32","slug":"phyto-spa-zeleja-intimai-higienai-roza-orhideja-300-ml","status":"publish","type":"product","link":"https:\/\/e.kosmolat.eu\/lv\/product\/phyto-spa-zeleja-intimai-higienai-roza-orhideja-300-ml\/","title":{"rendered":"PHYTO SPA Zeleja intimai higienai Roza orhideja, 300 ml"},"content":{"rendered":"<p>Maig\u0101 \u017eeleja ar vieglu roz\u0101 orhidejas arom\u0101tu delik\u0101tai int\u012bmo \u0137erme\u0146a zonu kop&scaron;anai ikdien\u0101. \u017deleja maigi att\u012bra un mitrina \u0101du, \u013caujot saglab\u0101t t\u012br\u012bbas un komforta saj\u016btu visas dienas garum\u0101.<\/p>\n<p><strong>Lieto&scaron;ana:<\/strong> lietojiet nelielu daudzumu \u017eelejas int\u012bmo zonu kop&scaron;anai, p\u0113c lieto&scaron;anas r\u016bp\u012bgi noskalojiet ar siltu \u016bdeni.<br \/>\n&nbsp;<\/p>\n","protected":false},"excerpt":{"rendered":"<p>Maig\u0101 \u017eeleja ar vieglu roz\u0101 orhidejas arom\u0101tu delik\u0101tai int\u012bmo \u0137erme\u0146a zonu kop&scaron;anai ikdien\u0101. \u017deleja maigi att\u012bra un mitrina \u0101du, \u013caujot saglab\u0101t t\u012br\u012bbas un komforta saj\u016btu visas dienas garum\u0101. Lieto&scaron;ana: lietojiet nelielu daudzumu \u017eelejas int\u012bmo zonu kop&scaron;anai, p\u0113c lieto&scaron;anas r\u016bp\u012bgi noskalojiet ar siltu \u016bdeni. &nbsp;<\/p>\n","protected":false},"featured_media":86722,"template":"","meta":[],"product_cat":[1372],"product_tag":[],"class_list":{"0":"post-37432","1":"product","2":"type-product","3":"status-publish","4":"has-post-thumbnail","6":"product_brand-sale","7":"product_cat-intima-higiena","9":"first","10":"outofstock","11":"taxable","12":"shipping-taxable","13":"product-type-simple"},"_links":{"self":[{"href":"https:\/\/e.kosmolat.eu\/lv\/wp-json\/wp\/v2\/product\/37432","targetHints":{"allow":["GET"]}}],"collection":[{"href":"https:\/\/e.kosmolat.eu\/lv\/wp-json\/wp\/v2\/product"}],"about":[{"href":"https:\/\/e.kosmolat.eu\/lv\/wp-json\/wp\/v2\/types\/product"}],"wp:featuredmedia":[{"embeddable":true,"href":"https:\/\/e.kosmolat.eu\/lv\/wp-json\/wp\/v2\/media\/86722"}],"wp:attachment":[{"href":"https:\/\/e.kosmolat.eu\/lv\/wp-json\/wp\/v2\/media?parent=37432"}],"wp:term":[{"taxonomy":"product_cat","embeddable":true,"href":"https:\/\/e.kosmolat.eu\/lv\/wp-json\/wp\/v2\/product_cat?post=37432"},{"taxonomy":"product_tag","embeddable":true,"href":"https:\/\/e.kosmolat.eu\/lv\/wp-json\/wp\/v2\/product_tag?post=37432"}],"curies":[{"name":"wp","href":"https:\/\/api.w.org\/{rel}","templated":true}]}}