{"id":37424,"date":"2023-12-22T19:45:59","date_gmt":"2023-12-22T19:45:59","guid":{"rendered":"https:\/\/e.kosmolat.eu\/product\/phyto-spa-sprejs-kermenim-sudanas-roze-200-ml\/"},"modified":"2026-04-11T18:44:09","modified_gmt":"2026-04-11T18:44:09","slug":"phyto-spa-sprejs-kermenim-sudanas-roze-200-ml","status":"publish","type":"product","link":"https:\/\/e.kosmolat.eu\/lv\/product\/phyto-spa-sprejs-kermenim-sudanas-roze-200-ml\/","title":{"rendered":"PHYTO SPA Sprejs kermenim Sudanas roze, 200 ml"},"content":{"rendered":"<p>\u0136erme\u0146a sprejs lieliski mitrina, atsvaidzina un toniz\u0113 \u0101du, aptverot to ar maigu ziedu to\u0146u arom\u0101tu.<\/p>\n<p><strong>Lieto&scaron;ana: <\/strong>izsmidzin\u0101t uz sejas un \u0137erme\u0146a \u0101das.<br \/>\n&nbsp;<\/p>\n","protected":false},"excerpt":{"rendered":"<p>\u0136erme\u0146a sprejs lieliski mitrina, atsvaidzina un toniz\u0113 \u0101du, aptverot to ar maigu ziedu to\u0146u arom\u0101tu. Lieto&scaron;ana: izsmidzin\u0101t uz sejas un \u0137erme\u0146a \u0101das. &nbsp;<\/p>\n","protected":false},"featured_media":86714,"template":"","meta":[],"product_cat":[1445],"product_tag":[],"class_list":{"0":"post-37424","1":"product","2":"type-product","3":"status-publish","4":"has-post-thumbnail","6":"product_brand-sale","7":"product_cat-sieviesu-smarzas-un-tualetes-udeni","9":"first","10":"outofstock","11":"taxable","12":"shipping-taxable","13":"product-type-simple"},"_links":{"self":[{"href":"https:\/\/e.kosmolat.eu\/lv\/wp-json\/wp\/v2\/product\/37424","targetHints":{"allow":["GET"]}}],"collection":[{"href":"https:\/\/e.kosmolat.eu\/lv\/wp-json\/wp\/v2\/product"}],"about":[{"href":"https:\/\/e.kosmolat.eu\/lv\/wp-json\/wp\/v2\/types\/product"}],"wp:featuredmedia":[{"embeddable":true,"href":"https:\/\/e.kosmolat.eu\/lv\/wp-json\/wp\/v2\/media\/86714"}],"wp:attachment":[{"href":"https:\/\/e.kosmolat.eu\/lv\/wp-json\/wp\/v2\/media?parent=37424"}],"wp:term":[{"taxonomy":"product_cat","embeddable":true,"href":"https:\/\/e.kosmolat.eu\/lv\/wp-json\/wp\/v2\/product_cat?post=37424"},{"taxonomy":"product_tag","embeddable":true,"href":"https:\/\/e.kosmolat.eu\/lv\/wp-json\/wp\/v2\/product_tag?post=37424"}],"curies":[{"name":"wp","href":"https:\/\/api.w.org\/{rel}","templated":true}]}}