{"id":37420,"date":"2023-12-22T19:45:42","date_gmt":"2023-12-22T19:45:42","guid":{"rendered":"https:\/\/e.kosmolat.eu\/product\/phyto-spa-sprejs-kermenim-roza-orhideja-200-ml\/"},"modified":"2025-09-22T09:01:25","modified_gmt":"2025-09-22T09:01:25","slug":"phyto-spa-sprejs-kermenim-roza-orhideja-200-ml","status":"publish","type":"product","link":"https:\/\/e.kosmolat.eu\/lv\/product\/phyto-spa-sprejs-kermenim-roza-orhideja-200-ml\/","title":{"rendered":"PHYTO SPA Sprejs kermenim Roza orhideja, 200 ml"},"content":{"rendered":"<p>Sprejs \u0137ermenim Roz\u0101 orhideja<br \/>\n\u0136erme\u0146a sprejs lieliski mitrina, atsvaidzina un toniz\u0113 \u0101du, aptverot to ar maigu ziedu to\u0146u arom\u0101tu. Lieto\u0161ana: izsmidzin\u0101t uz \u0137erme\u0146a \u0101das no 20 cm att\u0101luma.<br \/>\n&nbsp;<\/p>\n","protected":false},"excerpt":{"rendered":"<p>Sprejs \u0137ermenim Roz\u0101 orhideja \u0136erme\u0146a sprejs lieliski mitrina, atsvaidzina un toniz\u0113 \u0101du, aptverot to ar maigu ziedu to\u0146u arom\u0101tu. Lieto\u0161ana: izsmidzin\u0101t uz \u0137erme\u0146a \u0101das no 20 cm att\u0101luma. &nbsp;<\/p>\n","protected":false},"featured_media":86710,"template":"","meta":[],"product_cat":[1445],"product_tag":[],"class_list":{"0":"post-37420","1":"product","2":"type-product","3":"status-publish","4":"has-post-thumbnail","6":"product_brand-iris-belorek_by","7":"product_cat-sieviesu-smarzas-un-tualetes-udeni","9":"first","10":"outofstock","11":"taxable","12":"shipping-taxable","13":"product-type-simple"},"_links":{"self":[{"href":"https:\/\/e.kosmolat.eu\/lv\/wp-json\/wp\/v2\/product\/37420","targetHints":{"allow":["GET"]}}],"collection":[{"href":"https:\/\/e.kosmolat.eu\/lv\/wp-json\/wp\/v2\/product"}],"about":[{"href":"https:\/\/e.kosmolat.eu\/lv\/wp-json\/wp\/v2\/types\/product"}],"wp:featuredmedia":[{"embeddable":true,"href":"https:\/\/e.kosmolat.eu\/lv\/wp-json\/wp\/v2\/media\/86710"}],"wp:attachment":[{"href":"https:\/\/e.kosmolat.eu\/lv\/wp-json\/wp\/v2\/media?parent=37420"}],"wp:term":[{"taxonomy":"product_cat","embeddable":true,"href":"https:\/\/e.kosmolat.eu\/lv\/wp-json\/wp\/v2\/product_cat?post=37420"},{"taxonomy":"product_tag","embeddable":true,"href":"https:\/\/e.kosmolat.eu\/lv\/wp-json\/wp\/v2\/product_tag?post=37420"}],"curies":[{"name":"wp","href":"https:\/\/api.w.org\/{rel}","templated":true}]}}