{"id":37416,"date":"2023-12-22T19:45:21","date_gmt":"2023-12-22T19:45:21","guid":{"rendered":"https:\/\/e.kosmolat.eu\/product\/i_phyto-spa-krems-balzams-rokam-un-kermenim-sakuras-ziedi-180ml\/"},"modified":"2025-09-19T23:01:26","modified_gmt":"2025-09-19T23:01:26","slug":"i_phyto-spa-krems-balzams-rokam-un-kermenim-sakuras-ziedi-180ml","status":"publish","type":"product","link":"https:\/\/e.kosmolat.eu\/lv\/product\/i_phyto-spa-krems-balzams-rokam-un-kermenim-sakuras-ziedi-180ml\/","title":{"rendered":"I_PHYTO SPA Krems-balzams rokam un kermenim Sakuras ziedi, 180ml"},"content":{"rendered":"<p>Kr\u0113ms-balz\u0101ms rok\u0101m un \u0137ermenim Sakuras ziedi<\/p>\n<p>Intens\u012bva baro\u0161ana<br \/>\nMaigs kr\u0113ms efekt\u012bvai roku un \u0137erme\u0146a \u0101das kop\u0161anai. Arg\u0101na e\u013c\u013ca akt\u012bvi baro un m\u012bkstina \u0101du, veicina t\u0101s atjauno\u0161anos. A, E, F vitam\u012bnu komplekss mitrina un baro \u0101du, uzlabo t\u0101s tvirtumu un elast\u012bbu.<br \/>\nLieto\u0161ana: uzkl\u0101jiet nelielu daudzumu kr\u0113ma uz t\u012bras \u0137erme\u0146a vai roku \u0101das. Viegli iemas\u0113jiet kr\u0113mu, l\u012bdz tas piln\u012bb\u0101 uzs\u016bcas.<br \/>\n&nbsp;<\/p>\n","protected":false},"excerpt":{"rendered":"<p>Kr\u0113ms-balz\u0101ms rok\u0101m un \u0137ermenim Sakuras ziedi Intens\u012bva baro\u0161ana Maigs kr\u0113ms efekt\u012bvai roku un \u0137erme\u0146a \u0101das kop\u0161anai. Arg\u0101na e\u013c\u013ca akt\u012bvi baro un m\u012bkstina \u0101du, veicina t\u0101s atjauno\u0161anos. A, E, F vitam\u012bnu komplekss mitrina un baro \u0101du, uzlabo t\u0101s tvirtumu un elast\u012bbu. Lieto\u0161ana: uzkl\u0101jiet nelielu daudzumu kr\u0113ma uz t\u012bras \u0137erme\u0146a vai roku \u0101das. Viegli iemas\u0113jiet kr\u0113mu, l\u012bdz [&#8230;]\n","protected":false},"featured_media":86706,"template":"","meta":[],"product_cat":[1305],"product_tag":[],"class_list":{"0":"post-37416","1":"product","2":"type-product","3":"status-publish","4":"has-post-thumbnail","6":"product_brand-iris-belorek_by","7":"product_cat-1305","9":"first","10":"outofstock","11":"taxable","12":"shipping-taxable","13":"product-type-simple"},"_links":{"self":[{"href":"https:\/\/e.kosmolat.eu\/lv\/wp-json\/wp\/v2\/product\/37416","targetHints":{"allow":["GET"]}}],"collection":[{"href":"https:\/\/e.kosmolat.eu\/lv\/wp-json\/wp\/v2\/product"}],"about":[{"href":"https:\/\/e.kosmolat.eu\/lv\/wp-json\/wp\/v2\/types\/product"}],"wp:featuredmedia":[{"embeddable":true,"href":"https:\/\/e.kosmolat.eu\/lv\/wp-json\/wp\/v2\/media\/86706"}],"wp:attachment":[{"href":"https:\/\/e.kosmolat.eu\/lv\/wp-json\/wp\/v2\/media?parent=37416"}],"wp:term":[{"taxonomy":"product_cat","embeddable":true,"href":"https:\/\/e.kosmolat.eu\/lv\/wp-json\/wp\/v2\/product_cat?post=37416"},{"taxonomy":"product_tag","embeddable":true,"href":"https:\/\/e.kosmolat.eu\/lv\/wp-json\/wp\/v2\/product_tag?post=37416"}],"curies":[{"name":"wp","href":"https:\/\/api.w.org\/{rel}","templated":true}]}}