{"id":37328,"date":"2023-12-22T19:37:47","date_gmt":"2023-12-22T19:37:47","guid":{"rendered":"https:\/\/e.kosmolat.eu\/product\/phytotherapy-sejas-krems-gurku-balinoss-180-m\/"},"modified":"2025-09-19T22:54:48","modified_gmt":"2025-09-19T22:54:48","slug":"phytotherapy-sejas-krems-gurku-mitrinoss-180-m","status":"publish","type":"product","link":"https:\/\/e.kosmolat.eu\/lv\/product\/phytotherapy-sejas-krems-gurku-mitrinoss-180-m\/","title":{"rendered":"PHYTOTHERAPY Sejas kr\u0113ms Gur\u0137u Mitrino\u0161s, 180 m"},"content":{"rendered":"<p>Viegls mitrino&scaron;s kr\u0113ms ar balino&scaron;u efektu sejas \u0101das kop&scaron;anai. Akt\u012bvi mitrina un m\u012bkstina; balina un aizsarg\u0101.<\/p>\n<ul>\n<li>Gur\u0137u ekstrakts akt\u012bvi mitrina un m\u012bkstina \u0101du, atsvaidzina un izl\u012bdzina \u0101das toni, k\u0101 ar\u012b tam piem\u012bt balino&scaron;s efekts.<\/li>\n<li>Lakricas ekstrakts nomierina&nbsp;\u0101du, aizsarg\u0101 pret UV staru kait\u012bgo ietekmi, un tam piem\u012bt depigment\u0113jo&scaron;a iedarb\u012bba.<\/li>\n<li>Za\u013c\u0101s t\u0113jas ekstrakts lieliski toniz\u0113 un atsvaidzina, nov\u0113r&scaron;ot priek&scaron;laic\u012bgu \u0101das noveco&scaron;anos.<\/li>\n<\/ul>\n<p><strong>Lieto&scaron;ana: <\/strong>uzkl\u0101jiet kr\u0113mu uz att\u012br\u012btas sejas \u0101das, iepli\u0137\u0113jot ar pirkstu galiem, l\u012bdz tas piln\u012bb\u0101 uzs\u016bcas.<\/p>\n<p>Uzglab\u0101t temperat\u016br\u0101 no 0&deg;C l\u012bdz +25&deg;C.<\/p>\n<p><strong>Der\u012bguma termi\u0146&scaron;:<\/strong> 36 m\u0113ne&scaron;i.<\/p>\n","protected":false},"excerpt":{"rendered":"<p>Viegls mitrino&scaron;s kr\u0113ms ar balino&scaron;u efektu sejas \u0101das kop&scaron;anai. Akt\u012bvi mitrina un m\u012bkstina; balina un aizsarg\u0101. Gur\u0137u ekstrakts akt\u012bvi mitrina un m\u012bkstina \u0101du, atsvaidzina un izl\u012bdzina \u0101das toni, k\u0101 ar\u012b tam piem\u012bt balino&scaron;s efekts. Lakricas ekstrakts nomierina&nbsp;\u0101du, aizsarg\u0101 pret UV staru kait\u012bgo ietekmi, un tam piem\u012bt depigment\u0113jo&scaron;a iedarb\u012bba. Za\u013c\u0101s t\u0113jas ekstrakts lieliski toniz\u0113 un atsvaidzina, [&#8230;]\n","protected":false},"featured_media":86578,"template":"","meta":[],"product_cat":[1320],"product_tag":[],"class_list":{"0":"post-37328","1":"product","2":"type-product","3":"status-publish","4":"has-post-thumbnail","6":"product_brand-iris-belorek_by","7":"product_cat-sejas-kremi","9":"first","10":"outofstock","11":"taxable","12":"shipping-taxable","13":"product-type-simple"},"_links":{"self":[{"href":"https:\/\/e.kosmolat.eu\/lv\/wp-json\/wp\/v2\/product\/37328","targetHints":{"allow":["GET"]}}],"collection":[{"href":"https:\/\/e.kosmolat.eu\/lv\/wp-json\/wp\/v2\/product"}],"about":[{"href":"https:\/\/e.kosmolat.eu\/lv\/wp-json\/wp\/v2\/types\/product"}],"wp:featuredmedia":[{"embeddable":true,"href":"https:\/\/e.kosmolat.eu\/lv\/wp-json\/wp\/v2\/media\/86578"}],"wp:attachment":[{"href":"https:\/\/e.kosmolat.eu\/lv\/wp-json\/wp\/v2\/media?parent=37328"}],"wp:term":[{"taxonomy":"product_cat","embeddable":true,"href":"https:\/\/e.kosmolat.eu\/lv\/wp-json\/wp\/v2\/product_cat?post=37328"},{"taxonomy":"product_tag","embeddable":true,"href":"https:\/\/e.kosmolat.eu\/lv\/wp-json\/wp\/v2\/product_tag?post=37328"}],"curies":[{"name":"wp","href":"https:\/\/api.w.org\/{rel}","templated":true}]}}