{"id":37320,"date":"2023-12-22T19:37:21","date_gmt":"2023-12-22T19:37:21","guid":{"rendered":"https:\/\/e.kosmolat.eu\/product\/test-smarzudens-sievietem-bijou-floral-passion\/"},"modified":"2025-09-19T22:45:55","modified_gmt":"2025-09-19T22:45:55","slug":"test-smarzudens-sievietem-bijou-floral-passion","status":"publish","type":"product","link":"https:\/\/e.kosmolat.eu\/lv\/product\/test-smarzudens-sievietem-bijou-floral-passion\/","title":{"rendered":"Test. Smar\u017e\u016bdens sieviet\u0113m \u00abBijou Floral Passion\u00bb"},"content":{"rendered":"","protected":false},"excerpt":{"rendered":"","protected":false},"featured_media":0,"template":"","meta":[],"product_cat":[1999],"product_tag":[],"class_list":{"0":"post-37320","1":"product","2":"type-product","3":"status-publish","5":"product_brand-dilis-kosmetik_by","6":"product_cat-bez-kategorijas","8":"first","9":"outofstock","10":"taxable","11":"shipping-taxable","12":"product-type-simple"},"_links":{"self":[{"href":"https:\/\/e.kosmolat.eu\/lv\/wp-json\/wp\/v2\/product\/37320","targetHints":{"allow":["GET"]}}],"collection":[{"href":"https:\/\/e.kosmolat.eu\/lv\/wp-json\/wp\/v2\/product"}],"about":[{"href":"https:\/\/e.kosmolat.eu\/lv\/wp-json\/wp\/v2\/types\/product"}],"wp:attachment":[{"href":"https:\/\/e.kosmolat.eu\/lv\/wp-json\/wp\/v2\/media?parent=37320"}],"wp:term":[{"taxonomy":"product_cat","embeddable":true,"href":"https:\/\/e.kosmolat.eu\/lv\/wp-json\/wp\/v2\/product_cat?post=37320"},{"taxonomy":"product_tag","embeddable":true,"href":"https:\/\/e.kosmolat.eu\/lv\/wp-json\/wp\/v2\/product_tag?post=37320"}],"curies":[{"name":"wp","href":"https:\/\/api.w.org\/{rel}","templated":true}]}}