{"id":37312,"date":"2023-12-22T19:36:48","date_gmt":"2023-12-22T19:36:48","guid":{"rendered":"https:\/\/e.kosmolat.eu\/product\/skusanas-ota-synthetic-bristle\/"},"modified":"2026-04-09T15:55:12","modified_gmt":"2026-04-09T15:55:12","slug":"skusanas-ota-sintetiskie-sari-4602","status":"publish","type":"product","link":"https:\/\/e.kosmolat.eu\/lv\/product\/skusanas-ota-sintetiskie-sari-4602\/","title":{"rendered":"Sk\u016b\u0161an\u0101s ota, sint\u0113tiskie sari 4602"},"content":{"rendered":"","protected":false},"excerpt":{"rendered":"","protected":false},"featured_media":85894,"template":"","meta":[],"product_cat":[1685],"product_tag":[],"class_list":{"0":"post-37312","1":"product","2":"type-product","3":"status-publish","4":"has-post-thumbnail","6":"product_brand-donegal-sp-zo-o-_pl","7":"product_cat-vyru-skutimosi-priemones","9":"first","10":"instock","11":"taxable","12":"shipping-taxable","13":"product-type-simple"},"_links":{"self":[{"href":"https:\/\/e.kosmolat.eu\/lv\/wp-json\/wp\/v2\/product\/37312","targetHints":{"allow":["GET"]}}],"collection":[{"href":"https:\/\/e.kosmolat.eu\/lv\/wp-json\/wp\/v2\/product"}],"about":[{"href":"https:\/\/e.kosmolat.eu\/lv\/wp-json\/wp\/v2\/types\/product"}],"wp:featuredmedia":[{"embeddable":true,"href":"https:\/\/e.kosmolat.eu\/lv\/wp-json\/wp\/v2\/media\/85894"}],"wp:attachment":[{"href":"https:\/\/e.kosmolat.eu\/lv\/wp-json\/wp\/v2\/media?parent=37312"}],"wp:term":[{"taxonomy":"product_cat","embeddable":true,"href":"https:\/\/e.kosmolat.eu\/lv\/wp-json\/wp\/v2\/product_cat?post=37312"},{"taxonomy":"product_tag","embeddable":true,"href":"https:\/\/e.kosmolat.eu\/lv\/wp-json\/wp\/v2\/product_tag?post=37312"}],"curies":[{"name":"wp","href":"https:\/\/api.w.org\/{rel}","templated":true}]}}