{"id":37304,"date":"2023-12-22T19:36:18","date_gmt":"2023-12-22T19:36:18","guid":{"rendered":"https:\/\/e.kosmolat.eu\/product\/skeres-kutikulai-neon-play\/"},"modified":"2025-09-19T22:12:53","modified_gmt":"2025-09-19T22:12:53","slug":"nagu-skeres-neon-play","status":"publish","type":"product","link":"https:\/\/e.kosmolat.eu\/lv\/product\/nagu-skeres-neon-play\/","title":{"rendered":"Nagu \u0161\u0137\u0113res Neon-Play"},"content":{"rendered":"","protected":false},"excerpt":{"rendered":"","protected":false},"featured_media":85886,"template":"","meta":[],"product_cat":[1409],"product_tag":[],"class_list":{"0":"post-37304","1":"product","2":"type-product","3":"status-publish","4":"has-post-thumbnail","6":"product_brand-donegal-sp-zo-o-_pl","7":"product_cat-1409","9":"first","10":"outofstock","11":"taxable","12":"shipping-taxable","13":"product-type-simple"},"_links":{"self":[{"href":"https:\/\/e.kosmolat.eu\/lv\/wp-json\/wp\/v2\/product\/37304","targetHints":{"allow":["GET"]}}],"collection":[{"href":"https:\/\/e.kosmolat.eu\/lv\/wp-json\/wp\/v2\/product"}],"about":[{"href":"https:\/\/e.kosmolat.eu\/lv\/wp-json\/wp\/v2\/types\/product"}],"wp:featuredmedia":[{"embeddable":true,"href":"https:\/\/e.kosmolat.eu\/lv\/wp-json\/wp\/v2\/media\/85886"}],"wp:attachment":[{"href":"https:\/\/e.kosmolat.eu\/lv\/wp-json\/wp\/v2\/media?parent=37304"}],"wp:term":[{"taxonomy":"product_cat","embeddable":true,"href":"https:\/\/e.kosmolat.eu\/lv\/wp-json\/wp\/v2\/product_cat?post=37304"},{"taxonomy":"product_tag","embeddable":true,"href":"https:\/\/e.kosmolat.eu\/lv\/wp-json\/wp\/v2\/product_tag?post=37304"}],"curies":[{"name":"wp","href":"https:\/\/api.w.org\/{rel}","templated":true}]}}