{"id":37244,"date":"2023-12-22T19:31:32","date_gmt":"2023-12-22T19:31:32","guid":{"rendered":"https:\/\/e.kosmolat.eu\/product\/concept-fusion-mitrinoss-kondicionieris-ultra-moistr-400-ml\/"},"modified":"2025-09-19T22:50:32","modified_gmt":"2025-09-19T22:50:32","slug":"concept-fusion-mitrinoss-kondicionieris-ultra-moistr-400-ml","status":"publish","type":"product","link":"https:\/\/e.kosmolat.eu\/lv\/product\/concept-fusion-mitrinoss-kondicionieris-ultra-moistr-400-ml\/","title":{"rendered":"CONCEPT Fusion Mitrino\u0161s kondicionieris Ultra Moistr, 400 ml"},"content":{"rendered":"<p><strong>Profesion\u0101lai lieto\u0161anai.<\/strong><\/p>\n<p>Profesion\u0101ls kondicionieris ar mitrino\u0161u kompleksu sausiem, dehidr\u0113tiem matiem. Maigi apv\u0101ko sausus matus, padarot tos elast\u012bgus un tvirtus, bez smaguma pie\u0161\u0137ir\u0161anas. Bambusa, z\u012bda un kokvilnas ekstrakti izl\u012bdzina matu kutikulu, m\u012bkstina un pie\u0161\u0137ir sp\u012bdumu matiem. J\u016bras a\u013c\u0123u akt\u012bvas vielas aizsarg\u0101 matu strukt\u016bru pret dehidr\u0101ciju. Regul\u0101ra kondicioniera lieto\u0161ana nodro\u0161ina mitrin\u0101\u0161anu matiem un galvas \u0101dai.&nbsp;<\/p>\n<p><strong>Lieto\u0161ana: <\/strong><\/p>\n<p>uzkl\u0101t kondicionieri uz t\u012briem mitriem matiem, izsm\u0113r\u0113t vis\u0101 to garum\u0101, atst\u0101t uz 3-5 min\u016bt\u0113m. R\u016bp\u012bgi nomazg\u0101t. Tiek rekomend\u0113ts lietot komplekt\u0101 ar \u0161amp\u016bnu.<\/p>\n<p>\n<strong>Piesardz\u012bbas pas\u0101kumi:<\/strong> izvair\u012bties no iek\u013c\u016b\u0161anas ac\u012bs. Ja iek\u013c\u016bst ac\u012bs &ndash; r\u016bp\u012bgi noskalojiet ar \u016bdeni. Uzglab\u0101t b\u0113rniem nepieejam\u0101s viet\u0101s.<br \/>\n&nbsp;<\/p>\n","protected":false},"excerpt":{"rendered":"<p>Profesion\u0101lai lieto\u0161anai. Profesion\u0101ls kondicionieris ar mitrino\u0161u kompleksu sausiem, dehidr\u0113tiem matiem. Maigi apv\u0101ko sausus matus, padarot tos elast\u012bgus un tvirtus, bez smaguma pie\u0161\u0137ir\u0161anas. Bambusa, z\u012bda un kokvilnas ekstrakti izl\u012bdzina matu kutikulu, m\u012bkstina un pie\u0161\u0137ir sp\u012bdumu matiem. J\u016bras a\u013c\u0123u akt\u012bvas vielas aizsarg\u0101 matu strukt\u016bru pret dehidr\u0101ciju. Regul\u0101ra kondicioniera lieto\u0161ana nodro\u0161ina mitrin\u0101\u0161anu matiem un galvas \u0101dai.&nbsp; Lieto\u0161ana: uzkl\u0101t [&#8230;]\n","protected":false},"featured_media":86498,"template":"","meta":[],"product_cat":[1638],"product_tag":[],"class_list":{"0":"post-37244","1":"product","2":"type-product","3":"status-publish","4":"has-post-thumbnail","6":"product_brand-vecie-kodi","7":"product_cat-balzami","9":"first","10":"outofstock","11":"taxable","12":"shipping-taxable","13":"product-type-simple"},"_links":{"self":[{"href":"https:\/\/e.kosmolat.eu\/lv\/wp-json\/wp\/v2\/product\/37244","targetHints":{"allow":["GET"]}}],"collection":[{"href":"https:\/\/e.kosmolat.eu\/lv\/wp-json\/wp\/v2\/product"}],"about":[{"href":"https:\/\/e.kosmolat.eu\/lv\/wp-json\/wp\/v2\/types\/product"}],"wp:featuredmedia":[{"embeddable":true,"href":"https:\/\/e.kosmolat.eu\/lv\/wp-json\/wp\/v2\/media\/86498"}],"wp:attachment":[{"href":"https:\/\/e.kosmolat.eu\/lv\/wp-json\/wp\/v2\/media?parent=37244"}],"wp:term":[{"taxonomy":"product_cat","embeddable":true,"href":"https:\/\/e.kosmolat.eu\/lv\/wp-json\/wp\/v2\/product_cat?post=37244"},{"taxonomy":"product_tag","embeddable":true,"href":"https:\/\/e.kosmolat.eu\/lv\/wp-json\/wp\/v2\/product_tag?post=37244"}],"curies":[{"name":"wp","href":"https:\/\/api.w.org\/{rel}","templated":true}]}}