{"id":37236,"date":"2023-12-22T19:30:48","date_gmt":"2023-12-22T19:30:48","guid":{"rendered":"https:\/\/e.kosmolat.eu\/product\/oblepiha-organica-dienas-krems-lidzsvars-intensiva-barosana-optimala-mitrinasana-50-g\/"},"modified":"2025-09-19T22:33:27","modified_gmt":"2025-09-19T22:33:27","slug":"oblepiha-organica-dienas-krems-lidzsvars-intensiva-barosana-optimala-mitrinasana-50-g","status":"publish","type":"product","link":"https:\/\/e.kosmolat.eu\/lv\/product\/oblepiha-organica-dienas-krems-lidzsvars-intensiva-barosana-optimala-mitrinasana-50-g\/","title":{"rendered":"Oblepiha Organica Dienas kr\u0113ms-l\u012bdzsvars Intens\u012bv\u0101 baro\u0161ana, optim\u0101l\u0101 mitrin\u0101\u0161ana 50 g"},"content":{"rendered":"<p>Bag\u0101tin\u0101ta ar dab\u012bg\u0101m e\u013c\u013c\u0101m, kr\u0113ma formula pie&scaron;\u0137ir \u0101dai greznu kop&scaron;anu.&nbsp;<\/p>\n<ul>\n<li>Organisk\u0101 smilts\u0113rk&scaron;\u0137u e\u013c\u013ca ir \u012bpa&scaron;i bag\u0101ta ar akt\u012bv\u0101m biolo\u0123isk\u0101m viel\u0101m (vitam\u012bniem, mikroelementiem, tauksk\u0101b\u0113m). Tas nodro&scaron;ina \u0101dai dzi\u013cu baro&scaron;anu, pretojas sausumam un lob\u012b&scaron;an\u0101s procesam, pie&scaron;\u0137ir vesel\u012bgu mirdzumu.<\/li>\n<li>Saldo mande\u013cu un kokosriekstu e\u013c\u013ca, aktiviz\u0113 &scaron;\u016bnu re\u0123ener\u0101ciju, saglab\u0101 optim\u0101lu mitruma l\u012bdzsvaru, veicina grumbi\u0146u izl\u012bdzin\u0101&scaron;anu un atjauno \u0101das mikroreljefu.<\/li>\n<li>Citronli\u0101nas, melisas un piparm\u0113tru augu ekstrakti lieliski pretojas priek&scaron;laic\u012bgai \u0101das noveco&scaron;anai, saglab\u0101 tas tonusu un tvirtumu.<\/li>\n<\/ul>\n<p>Visiem \u0101das tipiem. Piem\u0113rots k\u0101 pamats pirms makij\u0101\u017eas uzkl\u0101&scaron;anas.&nbsp;<\/p>\n<p><strong>Lieto&scaron;ana: <\/strong>uzkl\u0101t uz t\u012bras \u0101das pa mas\u0101\u017eas l\u012bnij\u0101m.&nbsp;<\/p>\n","protected":false},"excerpt":{"rendered":"<p>Bag\u0101tin\u0101ta ar dab\u012bg\u0101m e\u013c\u013c\u0101m, kr\u0113ma formula pie&scaron;\u0137ir \u0101dai greznu kop&scaron;anu.&nbsp; Organisk\u0101 smilts\u0113rk&scaron;\u0137u e\u013c\u013ca ir \u012bpa&scaron;i bag\u0101ta ar akt\u012bv\u0101m biolo\u0123isk\u0101m viel\u0101m (vitam\u012bniem, mikroelementiem, tauksk\u0101b\u0113m). Tas nodro&scaron;ina \u0101dai dzi\u013cu baro&scaron;anu, pretojas sausumam un lob\u012b&scaron;an\u0101s procesam, pie&scaron;\u0137ir vesel\u012bgu mirdzumu. Saldo mande\u013cu un kokosriekstu e\u013c\u013ca, aktiviz\u0113 &scaron;\u016bnu re\u0123ener\u0101ciju, saglab\u0101 optim\u0101lu mitruma l\u012bdzsvaru, veicina grumbi\u0146u izl\u012bdzin\u0101&scaron;anu un atjauno \u0101das mikroreljefu. [&#8230;]\n","protected":false},"featured_media":86230,"template":"","meta":[],"product_cat":[1322],"product_tag":[],"class_list":{"0":"post-37236","1":"product","2":"type-product","3":"status-publish","4":"has-post-thumbnail","6":"product_brand-belkosmex_by","7":"product_cat-veido-kremai","9":"first","10":"outofstock","11":"taxable","12":"shipping-taxable","13":"product-type-simple"},"_links":{"self":[{"href":"https:\/\/e.kosmolat.eu\/lv\/wp-json\/wp\/v2\/product\/37236","targetHints":{"allow":["GET"]}}],"collection":[{"href":"https:\/\/e.kosmolat.eu\/lv\/wp-json\/wp\/v2\/product"}],"about":[{"href":"https:\/\/e.kosmolat.eu\/lv\/wp-json\/wp\/v2\/types\/product"}],"wp:featuredmedia":[{"embeddable":true,"href":"https:\/\/e.kosmolat.eu\/lv\/wp-json\/wp\/v2\/media\/86230"}],"wp:attachment":[{"href":"https:\/\/e.kosmolat.eu\/lv\/wp-json\/wp\/v2\/media?parent=37236"}],"wp:term":[{"taxonomy":"product_cat","embeddable":true,"href":"https:\/\/e.kosmolat.eu\/lv\/wp-json\/wp\/v2\/product_cat?post=37236"},{"taxonomy":"product_tag","embeddable":true,"href":"https:\/\/e.kosmolat.eu\/lv\/wp-json\/wp\/v2\/product_tag?post=37236"}],"curies":[{"name":"wp","href":"https:\/\/api.w.org\/{rel}","templated":true}]}}