{"id":37228,"date":"2023-12-22T19:30:10","date_gmt":"2023-12-22T19:30:10","guid":{"rendered":"https:\/\/e.kosmolat.eu\/product\/bd-party-kosmetiskais-konturzimulis-24-tonis\/"},"modified":"2025-09-19T22:28:01","modified_gmt":"2025-09-19T22:28:01","slug":"bd-party-24-kosmetiskais-lupu-konturzimulis-1-4-g","status":"publish","type":"product","link":"https:\/\/e.kosmolat.eu\/lv\/product\/bd-party-24-kosmetiskais-lupu-konturzimulis-1-4-g\/","title":{"rendered":"BD Party 24 Kosm\u0113tiskais l\u016bpu konturz\u012bmulis,  1.4 g"},"content":{"rendered":"<p>Uzglab\u0101t temperat\u016br\u0101 no -5 &ordm;C l\u012bdz +35 &ordm;C, prom no apkures ier\u012bc\u0113m, sarg\u0101jot no tie&scaron;iem saules stariem.<\/p>\n","protected":false},"excerpt":{"rendered":"<p>Uzglab\u0101t temperat\u016br\u0101 no -5 &ordm;C l\u012bdz +35 &ordm;C, prom no apkures ier\u012bc\u0113m, sarg\u0101jot no tie&scaron;iem saules stariem.<\/p>\n","protected":false},"featured_media":86138,"template":"","meta":[],"product_cat":[1285],"product_tag":[],"class_list":{"0":"post-37228","1":"product","2":"type-product","3":"status-publish","4":"has-post-thumbnail","6":"product_brand-belordizain_by","7":"product_cat-lupu-zimuli","9":"first","10":"outofstock","11":"taxable","12":"shipping-taxable","13":"product-type-simple"},"_links":{"self":[{"href":"https:\/\/e.kosmolat.eu\/lv\/wp-json\/wp\/v2\/product\/37228","targetHints":{"allow":["GET"]}}],"collection":[{"href":"https:\/\/e.kosmolat.eu\/lv\/wp-json\/wp\/v2\/product"}],"about":[{"href":"https:\/\/e.kosmolat.eu\/lv\/wp-json\/wp\/v2\/types\/product"}],"wp:featuredmedia":[{"embeddable":true,"href":"https:\/\/e.kosmolat.eu\/lv\/wp-json\/wp\/v2\/media\/86138"}],"wp:attachment":[{"href":"https:\/\/e.kosmolat.eu\/lv\/wp-json\/wp\/v2\/media?parent=37228"}],"wp:term":[{"taxonomy":"product_cat","embeddable":true,"href":"https:\/\/e.kosmolat.eu\/lv\/wp-json\/wp\/v2\/product_cat?post=37228"},{"taxonomy":"product_tag","embeddable":true,"href":"https:\/\/e.kosmolat.eu\/lv\/wp-json\/wp\/v2\/product_tag?post=37228"}],"curies":[{"name":"wp","href":"https:\/\/api.w.org\/{rel}","templated":true}]}}