{"id":37212,"date":"2023-12-22T19:29:02","date_gmt":"2023-12-22T19:29:02","guid":{"rendered":"https:\/\/e.kosmolat.eu\/product\/oblepiha-organica-maigas-iebiezinatas-ziepes-barojosas-130-g\/"},"modified":"2025-09-19T22:32:53","modified_gmt":"2025-09-19T22:32:53","slug":"oblepiha-organica-maigas-iebiezinatas-ziepes-barojosas-130-g","status":"publish","type":"product","link":"https:\/\/e.kosmolat.eu\/lv\/product\/oblepiha-organica-maigas-iebiezinatas-ziepes-barojosas-130-g\/","title":{"rendered":"Oblepiha Organica Maig\u0101s iebiezin\u0101tas ziepes Barojo\u0161as, 130 g"},"content":{"rendered":"<p>Organisk\u0101 smilts\u0113rk&scaron;\u0137u e\u013c\u013ca ir \u012bpa&scaron;i bag\u0101ta ar biolo\u0123iski akt\u012bv\u0101m sast\u0101vda\u013c\u0101m (vitam\u012bniem, mikroelementiem, tauksk\u0101b\u0113m). T\u0101 nodro&scaron;ina dzi\u013cu baro&scaron;anu \u0101dai, pretojas sausumam un lob\u012b&scaron;an\u0101s procesam. Maig\u0101 mazg\u0101jo&scaron;\u0101 b\u0101ze pie&scaron;\u0137ir \u0101dai lielisku maiguma un svaiguma saj\u016btu.<\/p>\n<p><strong>Lieto&scaron;ana: <\/strong>&nbsp;nelielu ziepju daudzumu uzkl\u0101t uz matiem, \u0101das vai &scaron;vamm\u012btes, saputot, pamas\u0113t maig\u0101m kust\u012bb\u0101m, r\u016bp\u012bgi nomazg\u0101t.&nbsp;<\/p>\n","protected":false},"excerpt":{"rendered":"<p>Organisk\u0101 smilts\u0113rk&scaron;\u0137u e\u013c\u013ca ir \u012bpa&scaron;i bag\u0101ta ar biolo\u0123iski akt\u012bv\u0101m sast\u0101vda\u013c\u0101m (vitam\u012bniem, mikroelementiem, tauksk\u0101b\u0113m). T\u0101 nodro&scaron;ina dzi\u013cu baro&scaron;anu \u0101dai, pretojas sausumam un lob\u012b&scaron;an\u0101s procesam. Maig\u0101 mazg\u0101jo&scaron;\u0101 b\u0101ze pie&scaron;\u0137ir \u0101dai lielisku maiguma un svaiguma saj\u016btu. Lieto&scaron;ana: &nbsp;nelielu ziepju daudzumu uzkl\u0101t uz matiem, \u0101das vai &scaron;vamm\u012btes, saputot, pamas\u0113t maig\u0101m kust\u012bb\u0101m, r\u016bp\u012bgi nomazg\u0101t.&nbsp;<\/p>\n","protected":false},"featured_media":86222,"template":"","meta":[],"product_cat":[1280],"product_tag":[],"class_list":{"0":"post-37212","1":"product","2":"type-product","3":"status-publish","4":"has-post-thumbnail","6":"product_brand-belkosmex_by","7":"product_cat-dusas-zelejas-un-dusas-ellas","9":"first","10":"outofstock","11":"taxable","12":"shipping-taxable","13":"product-type-simple"},"_links":{"self":[{"href":"https:\/\/e.kosmolat.eu\/lv\/wp-json\/wp\/v2\/product\/37212","targetHints":{"allow":["GET"]}}],"collection":[{"href":"https:\/\/e.kosmolat.eu\/lv\/wp-json\/wp\/v2\/product"}],"about":[{"href":"https:\/\/e.kosmolat.eu\/lv\/wp-json\/wp\/v2\/types\/product"}],"wp:featuredmedia":[{"embeddable":true,"href":"https:\/\/e.kosmolat.eu\/lv\/wp-json\/wp\/v2\/media\/86222"}],"wp:attachment":[{"href":"https:\/\/e.kosmolat.eu\/lv\/wp-json\/wp\/v2\/media?parent=37212"}],"wp:term":[{"taxonomy":"product_cat","embeddable":true,"href":"https:\/\/e.kosmolat.eu\/lv\/wp-json\/wp\/v2\/product_cat?post=37212"},{"taxonomy":"product_tag","embeddable":true,"href":"https:\/\/e.kosmolat.eu\/lv\/wp-json\/wp\/v2\/product_tag?post=37212"}],"curies":[{"name":"wp","href":"https:\/\/api.w.org\/{rel}","templated":true}]}}