{"id":37208,"date":"2023-12-22T19:28:42","date_gmt":"2023-12-22T19:28:42","guid":{"rendered":"https:\/\/e.kosmolat.eu\/product\/oblepiha-organica-balzams-pret-matu-izkrisanu-180-g\/"},"modified":"2025-09-19T22:32:13","modified_gmt":"2025-09-19T22:32:13","slug":"oblepiha-organica-balzams-pret-matu-izkrisanu-180-g","status":"publish","type":"product","link":"https:\/\/e.kosmolat.eu\/lv\/product\/oblepiha-organica-balzams-pret-matu-izkrisanu-180-g\/","title":{"rendered":"Oblepiha Organica Balzams pret matu izkri\u0161anu, 180 g"},"content":{"rendered":"<p>Smilts\u0113rk&scaron;\u0137u ekstrakts efekt\u012bvi pretojas matu sausumam un l\u016b&scaron;anai, sp\u012bduma zudumam un &scaron;\u0137elto matu gali\u0146u veido&scaron;an\u0101s procesam. &nbsp;<\/p>\n<p>Argin\u012bns &ndash; viena no matu kerat\u012bna sast\u0101vda\u013c\u0101m &ndash; stimul\u0113 apmai\u0146as procesus galvas \u0101d\u0101, stiprina matu saknes, atjauno matu stumbra strukt\u016bru, pie&scaron;\u0137ir matiem z\u012bdainumu un koptu izskatu.<\/p>\n<p>A, E, F vitam\u012bnu komplekss pastiprina galvas \u0101das &scaron;\u016bnu atjauno&scaron;anas procesu, nodro&scaron;ina aizsardz\u012bbu pret br\u012bvajiem radik\u0101\u013ciem un kav\u0113 matu izkri&scaron;anu.<\/p>\n<p>Kondicion\u0113jo&scaron;\u0101s piedevas no\u0146em statisku elektr\u012bbu un \u013cauj izvair\u012bties no &ldquo;p\u016bkainu&rdquo; matu efekta, atvieglo matu \u0137emm\u0113&scaron;anu.&nbsp;<\/p>\n<p><strong>Lieto&scaron;ana: <\/strong>&nbsp;uz izmazg\u0101tiem ar &scaron;amp\u016bnu matiem uzkl\u0101t balzamu, izsm\u0113ret vis\u0101 to garum\u0101, p\u0113c 2-3 min\u016bt\u0113m nomazg\u0101t ar \u016bdeni.&nbsp;<br \/>\n&nbsp;<\/p>\n","protected":false},"excerpt":{"rendered":"<p>Smilts\u0113rk&scaron;\u0137u ekstrakts efekt\u012bvi pretojas matu sausumam un l\u016b&scaron;anai, sp\u012bduma zudumam un &scaron;\u0137elto matu gali\u0146u veido&scaron;an\u0101s procesam. &nbsp; Argin\u012bns &ndash; viena no matu kerat\u012bna sast\u0101vda\u013c\u0101m &ndash; stimul\u0113 apmai\u0146as procesus galvas \u0101d\u0101, stiprina matu saknes, atjauno matu stumbra strukt\u016bru, pie&scaron;\u0137ir matiem z\u012bdainumu un koptu izskatu. A, E, F vitam\u012bnu komplekss pastiprina galvas \u0101das &scaron;\u016bnu atjauno&scaron;anas procesu, nodro&scaron;ina [&#8230;]\n","protected":false},"featured_media":86210,"template":"","meta":[],"product_cat":[1640],"product_tag":[],"class_list":{"0":"post-37208","1":"product","2":"type-product","3":"status-publish","4":"has-post-thumbnail","6":"product_brand-belkosmex_by","7":"product_cat-balzamai","9":"first","10":"outofstock","11":"taxable","12":"shipping-taxable","13":"product-type-simple"},"_links":{"self":[{"href":"https:\/\/e.kosmolat.eu\/lv\/wp-json\/wp\/v2\/product\/37208","targetHints":{"allow":["GET"]}}],"collection":[{"href":"https:\/\/e.kosmolat.eu\/lv\/wp-json\/wp\/v2\/product"}],"about":[{"href":"https:\/\/e.kosmolat.eu\/lv\/wp-json\/wp\/v2\/types\/product"}],"wp:featuredmedia":[{"embeddable":true,"href":"https:\/\/e.kosmolat.eu\/lv\/wp-json\/wp\/v2\/media\/86210"}],"wp:attachment":[{"href":"https:\/\/e.kosmolat.eu\/lv\/wp-json\/wp\/v2\/media?parent=37208"}],"wp:term":[{"taxonomy":"product_cat","embeddable":true,"href":"https:\/\/e.kosmolat.eu\/lv\/wp-json\/wp\/v2\/product_cat?post=37208"},{"taxonomy":"product_tag","embeddable":true,"href":"https:\/\/e.kosmolat.eu\/lv\/wp-json\/wp\/v2\/product_tag?post=37208"}],"curies":[{"name":"wp","href":"https:\/\/api.w.org\/{rel}","templated":true}]}}