{"id":37204,"date":"2023-12-22T19:28:19","date_gmt":"2023-12-22T19:28:19","guid":{"rendered":"https:\/\/e.kosmolat.eu\/product\/cz-zeleja-sejas-mazgasanai-visiem-adas-tipiem-120-ml\/"},"modified":"2025-09-19T22:31:03","modified_gmt":"2025-09-19T22:31:03","slug":"cz-zeleja-sejas-mazgasanai-visiem-adas-tipiem-120-ml","status":"publish","type":"product","link":"https:\/\/e.kosmolat.eu\/lv\/product\/cz-zeleja-sejas-mazgasanai-visiem-adas-tipiem-120-ml\/","title":{"rendered":"CZ \u017deleja sejas mazg\u0101\u0161anai visiem \u0101das tipiem, 120 ml"},"content":{"rendered":"<p>Att\u012br\u012b\u0161ana + kop\u0161ana &ndash; tas ir jauns att\u012br\u012b\u0161anas standarts. Unik\u0101la tehnolo\u0123ija: formula ar 20% akt\u012bvu serumu mitrina, baro un paaugstina \u0101das tvirtumu jau p\u0113c att\u012br\u012b\u0161anas etapa.<\/p>\n<p><strong>Lieto\u0161ana: <\/strong><\/p>\n<p>uzkl\u0101jiet \u017eeleju uz mitr\u0101s \u0101das mas\u0113jo\u0161\u0101m kust\u012bb\u0101m, tad nomazg\u0101jiet ar \u016bdeni. Ja iek\u013c\u016bst ac\u012bs, r\u016bp\u012bgi nomazg\u0101jiet ar \u016bdeni. Ir pie\u013caujamas nenoz\u012bm\u012bgas kr\u0101su izmai\u0146as, kuras neietekm\u0113 produkta kvalit\u0101ti.&nbsp;<\/p>\n","protected":false},"excerpt":{"rendered":"<p>Att\u012br\u012b\u0161ana + kop\u0161ana &ndash; tas ir jauns att\u012br\u012b\u0161anas standarts. Unik\u0101la tehnolo\u0123ija: formula ar 20% akt\u012bvu serumu mitrina, baro un paaugstina \u0101das tvirtumu jau p\u0113c att\u012br\u012b\u0161anas etapa. Lieto\u0161ana: uzkl\u0101jiet \u017eeleju uz mitr\u0101s \u0101das mas\u0113jo\u0161\u0101m kust\u012bb\u0101m, tad nomazg\u0101jiet ar \u016bdeni. Ja iek\u013c\u016bst ac\u012bs, r\u016bp\u012bgi nomazg\u0101jiet ar \u016bdeni. Ir pie\u013caujamas nenoz\u012bm\u012bgas kr\u0101su izmai\u0146as, kuras neietekm\u0113 produkta kvalit\u0101ti.&nbsp;<\/p>\n","protected":false},"featured_media":86190,"template":"","meta":[],"product_cat":[1576],"product_tag":[],"class_list":{"0":"post-37204","1":"product","2":"type-product","3":"status-publish","4":"has-post-thumbnail","6":"product_brand-unilever-rus","7":"product_cat-1576","9":"first","10":"outofstock","11":"taxable","12":"shipping-taxable","13":"product-type-simple"},"_links":{"self":[{"href":"https:\/\/e.kosmolat.eu\/lv\/wp-json\/wp\/v2\/product\/37204","targetHints":{"allow":["GET"]}}],"collection":[{"href":"https:\/\/e.kosmolat.eu\/lv\/wp-json\/wp\/v2\/product"}],"about":[{"href":"https:\/\/e.kosmolat.eu\/lv\/wp-json\/wp\/v2\/types\/product"}],"wp:featuredmedia":[{"embeddable":true,"href":"https:\/\/e.kosmolat.eu\/lv\/wp-json\/wp\/v2\/media\/86190"}],"wp:attachment":[{"href":"https:\/\/e.kosmolat.eu\/lv\/wp-json\/wp\/v2\/media?parent=37204"}],"wp:term":[{"taxonomy":"product_cat","embeddable":true,"href":"https:\/\/e.kosmolat.eu\/lv\/wp-json\/wp\/v2\/product_cat?post=37204"},{"taxonomy":"product_tag","embeddable":true,"href":"https:\/\/e.kosmolat.eu\/lv\/wp-json\/wp\/v2\/product_tag?post=37204"}],"curies":[{"name":"wp","href":"https:\/\/api.w.org\/{rel}","templated":true}]}}