{"id":37200,"date":"2023-12-22T19:27:55","date_gmt":"2023-12-22T19:27:55","guid":{"rendered":"https:\/\/e.kosmolat.eu\/product\/cz-atsvaidzinoss-toniks-visiem-adas-tipiem-200-ml\/"},"modified":"2025-09-19T22:30:51","modified_gmt":"2025-09-19T22:30:51","slug":"cz-atsvaidzinoss-toniks-visiem-adas-tipiem-200-ml","status":"publish","type":"product","link":"https:\/\/e.kosmolat.eu\/lv\/product\/cz-atsvaidzinoss-toniks-visiem-adas-tipiem-200-ml\/","title":{"rendered":"CZ Atsvaidzino\u0161s toniks visiem \u0101das tipiem, 200 ml"},"content":{"rendered":"<p>Att\u012br\u012b\u0161ana+kop\u0161ana &ndash; jauns att\u012br\u012b\u0161anas standarts. Unik\u0101la tehnolo\u0123ija: formula ar 20% akt\u012bvu serumu mitrina, baro un paaugstina \u0101das tvirtumu jau p\u0113c att\u012br\u012b\u0161anas etapa.<\/p>\n<p><strong>Lieto\u0161ana: <\/strong><\/p>\n<p>uzkl\u0101jiet uz sejas ar vates diska pal\u012bdz\u012bbu no r\u012bta un vakar\u0101. Ir pie\u013caujamas nenoz\u012bm\u012bgu nogul\u0161\u0146u veido\u0161an\u0101s sakar\u0101 ar sast\u0101v\u0101 eso\u0161aj\u0101m dab\u012bg\u0101m sast\u0101vda\u013c\u0101m. Neietekm\u0113 produkta dro\u0161umu un kvalit\u0101ti.&nbsp;<\/p>\n","protected":false},"excerpt":{"rendered":"<p>Att\u012br\u012b\u0161ana+kop\u0161ana &ndash; jauns att\u012br\u012b\u0161anas standarts. Unik\u0101la tehnolo\u0123ija: formula ar 20% akt\u012bvu serumu mitrina, baro un paaugstina \u0101das tvirtumu jau p\u0113c att\u012br\u012b\u0161anas etapa. Lieto\u0161ana: uzkl\u0101jiet uz sejas ar vates diska pal\u012bdz\u012bbu no r\u012bta un vakar\u0101. Ir pie\u013caujamas nenoz\u012bm\u012bgu nogul\u0161\u0146u veido\u0161an\u0101s sakar\u0101 ar sast\u0101v\u0101 eso\u0161aj\u0101m dab\u012bg\u0101m sast\u0101vda\u013c\u0101m. Neietekm\u0113 produkta dro\u0161umu un kvalit\u0101ti.&nbsp;<\/p>\n","protected":false},"featured_media":86186,"template":"","meta":[],"product_cat":[1578],"product_tag":[],"class_list":{"0":"post-37200","1":"product","2":"type-product","3":"status-publish","4":"has-post-thumbnail","6":"product_brand-unilever-rus","7":"product_cat-losjoni-un-toniki","9":"first","10":"outofstock","11":"taxable","12":"shipping-taxable","13":"product-type-simple"},"_links":{"self":[{"href":"https:\/\/e.kosmolat.eu\/lv\/wp-json\/wp\/v2\/product\/37200","targetHints":{"allow":["GET"]}}],"collection":[{"href":"https:\/\/e.kosmolat.eu\/lv\/wp-json\/wp\/v2\/product"}],"about":[{"href":"https:\/\/e.kosmolat.eu\/lv\/wp-json\/wp\/v2\/types\/product"}],"wp:featuredmedia":[{"embeddable":true,"href":"https:\/\/e.kosmolat.eu\/lv\/wp-json\/wp\/v2\/media\/86186"}],"wp:attachment":[{"href":"https:\/\/e.kosmolat.eu\/lv\/wp-json\/wp\/v2\/media?parent=37200"}],"wp:term":[{"taxonomy":"product_cat","embeddable":true,"href":"https:\/\/e.kosmolat.eu\/lv\/wp-json\/wp\/v2\/product_cat?post=37200"},{"taxonomy":"product_tag","embeddable":true,"href":"https:\/\/e.kosmolat.eu\/lv\/wp-json\/wp\/v2\/product_tag?post=37200"}],"curies":[{"name":"wp","href":"https:\/\/api.w.org\/{rel}","templated":true}]}}