{"id":37188,"date":"2023-12-22T19:26:46","date_gmt":"2023-12-22T19:26:46","guid":{"rendered":"https:\/\/e.kosmolat.eu\/product\/b-zone-pasta-sejas-attirisanai-80-g\/"},"modified":"2025-09-19T22:29:24","modified_gmt":"2025-09-19T22:29:24","slug":"b-zone-pasta-sejas-attirisanai-80-g","status":"publish","type":"product","link":"https:\/\/e.kosmolat.eu\/lv\/product\/b-zone-pasta-sejas-attirisanai-80-g\/","title":{"rendered":"B-ZONE Pasta sejas att\u012br\u012b\u0161anai, 80 g"},"content":{"rendered":"<p>Maiga pasta nodro\u0161ina maigu, bet efekt\u012bvu problem\u0101tisk\u0101s \u0101das att\u012br\u012b\u0161anu, kas ir tend\u0113ta uz aps\u0101rtumiem un iekaisumiem. Aktiviz\u0113t\u0101 ogle + vulk\u0101nisk\u0101s augsnes ekstrakts = detoksa efekts pateicoties toks\u012bnu un \u0101das sebuma p\u0101rpalikumu nom\u0101k\u0161anai MAT-XS&trade; clinical &ndash;revolucion\u0101ra akt\u012bva sast\u0101vda\u013ca ar kl\u012bniski pier\u0101d\u012btu iedarb\u012bbu \u0101dai ar p\u0101rm\u0113r\u012bgu sebuma izstr\u0101di, kas ir tend\u0113ta uz akne par\u0101d\u012b\u0161anos &ndash; pretojas pret jaunu izsitumu un melno punktu veido\u0161anos, sa\u0161aurina poras un saglab\u0101 \u0101das mat\u0113tu izskatu.<\/p>\n<p><strong>Lieto\u0161ana: <\/strong><\/p>\n<p>1. pa\u0146\u0113miens: nelielu daudzumu saputot plaukst\u0101s ar silt\u0101 \u016bdens pal\u012bdz\u012bbu, maigi pamas\u0113t sejas \u0101du, r\u016bp\u012bgi nomazg\u0101t.<\/p>\n<p>2. pa\u0146\u0113miens: uzkl\u0101t vakar\u0101 lok\u0101li uz iekaisumu zon\u0101m. Atst\u0101t uz visu nakti. No r\u012bta nomazg\u0101t.&nbsp;<\/p>\n","protected":false},"excerpt":{"rendered":"<p>Maiga pasta nodro\u0161ina maigu, bet efekt\u012bvu problem\u0101tisk\u0101s \u0101das att\u012br\u012b\u0161anu, kas ir tend\u0113ta uz aps\u0101rtumiem un iekaisumiem. Aktiviz\u0113t\u0101 ogle + vulk\u0101nisk\u0101s augsnes ekstrakts = detoksa efekts pateicoties toks\u012bnu un \u0101das sebuma p\u0101rpalikumu nom\u0101k\u0161anai MAT-XS&trade; clinical &ndash;revolucion\u0101ra akt\u012bva sast\u0101vda\u013ca ar kl\u012bniski pier\u0101d\u012btu iedarb\u012bbu \u0101dai ar p\u0101rm\u0113r\u012bgu sebuma izstr\u0101di, kas ir tend\u0113ta uz akne par\u0101d\u012b\u0161anos &ndash; pretojas pret [&#8230;]\n","protected":false},"featured_media":86162,"template":"","meta":[],"product_cat":[1575],"product_tag":[],"class_list":{"0":"post-37188","1":"product","2":"type-product","3":"status-publish","4":"has-post-thumbnail","6":"product_brand-belkosmex_by","7":"product_cat-zelejas","9":"first","10":"outofstock","11":"taxable","12":"shipping-taxable","13":"product-type-simple"},"_links":{"self":[{"href":"https:\/\/e.kosmolat.eu\/lv\/wp-json\/wp\/v2\/product\/37188","targetHints":{"allow":["GET"]}}],"collection":[{"href":"https:\/\/e.kosmolat.eu\/lv\/wp-json\/wp\/v2\/product"}],"about":[{"href":"https:\/\/e.kosmolat.eu\/lv\/wp-json\/wp\/v2\/types\/product"}],"wp:featuredmedia":[{"embeddable":true,"href":"https:\/\/e.kosmolat.eu\/lv\/wp-json\/wp\/v2\/media\/86162"}],"wp:attachment":[{"href":"https:\/\/e.kosmolat.eu\/lv\/wp-json\/wp\/v2\/media?parent=37188"}],"wp:term":[{"taxonomy":"product_cat","embeddable":true,"href":"https:\/\/e.kosmolat.eu\/lv\/wp-json\/wp\/v2\/product_cat?post=37188"},{"taxonomy":"product_tag","embeddable":true,"href":"https:\/\/e.kosmolat.eu\/lv\/wp-json\/wp\/v2\/product_tag?post=37188"}],"curies":[{"name":"wp","href":"https:\/\/api.w.org\/{rel}","templated":true}]}}