{"id":37180,"date":"2023-12-22T19:25:59","date_gmt":"2023-12-22T19:25:59","guid":{"rendered":"https:\/\/e.kosmolat.eu\/product\/acu-enu-palete-intellect\/"},"modified":"2025-09-19T22:26:53","modified_gmt":"2025-09-19T22:26:53","slug":"acu-enu-palete-intellect","status":"publish","type":"product","link":"https:\/\/e.kosmolat.eu\/lv\/product\/acu-enu-palete-intellect\/","title":{"rendered":"Acu \u0113nu palete Intellect"},"content":{"rendered":"<p><strong>Lieto\u0161ana: <\/strong>ar m\u012bkstu oti\u0146u vai pirkstgaliem uzkl\u0101jiet uz plaksti\u0146iem izv\u0113l\u0113tus to\u0146us. R\u016bp\u012bgi izpl\u016bdiniet virzien\u0101 pie deni\u0146iem, veidojot vienm\u0113r\u012bgas kr\u0101su p\u0101rejas.&nbsp;<\/p>\n","protected":false},"excerpt":{"rendered":"<p>Lieto\u0161ana: ar m\u012bkstu oti\u0146u vai pirkstgaliem uzkl\u0101jiet uz plaksti\u0146iem izv\u0113l\u0113tus to\u0146us. R\u016bp\u012bgi izpl\u016bdiniet virzien\u0101 pie deni\u0146iem, veidojot vienm\u0113r\u012bgas kr\u0101su p\u0101rejas.&nbsp;<\/p>\n","protected":false},"featured_media":86118,"template":"","meta":[],"product_cat":[1293],"product_tag":[],"class_list":{"0":"post-37180","1":"product","2":"type-product","3":"status-publish","4":"has-post-thumbnail","6":"product_brand-belordizain_by","7":"product_cat-acu-enas","9":"first","10":"outofstock","11":"taxable","12":"shipping-taxable","13":"product-type-simple"},"_links":{"self":[{"href":"https:\/\/e.kosmolat.eu\/lv\/wp-json\/wp\/v2\/product\/37180","targetHints":{"allow":["GET"]}}],"collection":[{"href":"https:\/\/e.kosmolat.eu\/lv\/wp-json\/wp\/v2\/product"}],"about":[{"href":"https:\/\/e.kosmolat.eu\/lv\/wp-json\/wp\/v2\/types\/product"}],"wp:featuredmedia":[{"embeddable":true,"href":"https:\/\/e.kosmolat.eu\/lv\/wp-json\/wp\/v2\/media\/86118"}],"wp:attachment":[{"href":"https:\/\/e.kosmolat.eu\/lv\/wp-json\/wp\/v2\/media?parent=37180"}],"wp:term":[{"taxonomy":"product_cat","embeddable":true,"href":"https:\/\/e.kosmolat.eu\/lv\/wp-json\/wp\/v2\/product_cat?post=37180"},{"taxonomy":"product_tag","embeddable":true,"href":"https:\/\/e.kosmolat.eu\/lv\/wp-json\/wp\/v2\/product_tag?post=37180"}],"curies":[{"name":"wp","href":"https:\/\/api.w.org\/{rel}","templated":true}]}}