{"id":37172,"date":"2023-12-22T19:25:09","date_gmt":"2023-12-22T19:25:09","guid":{"rendered":"https:\/\/e.kosmolat.eu\/product\/claire-collagen-active-pro-mitrinoss-micel-udens-400-ml\/"},"modified":"2025-09-19T22:26:25","modified_gmt":"2025-09-19T22:26:25","slug":"claire-collagen-active-pro-mitrinoss-micel-udens-400-ml","status":"publish","type":"product","link":"https:\/\/e.kosmolat.eu\/lv\/product\/claire-collagen-active-pro-mitrinoss-micel-udens-400-ml\/","title":{"rendered":"CLAIRE Collagen Active Pro Mitrino\u0161s micel. \u016bdens, 400 ml"},"content":{"rendered":"<p>Visiem \u0101das tipiem, ieskaitot jut\u012bgu \u0101du. Mitrino\u0161s micel\u0101rais \u016bdens satur akt\u012bvu sast\u0101vda\u013cu kompleksu, kas pilnveido att\u012br\u012b\u0161anas procesu. L\u012bdzeklis saudz\u012bgi un r\u016bp\u012bgi no\u0146em makij\u0101\u017eu, bag\u0101tina \u0101du ar mitrumu, atgrie\u017e tai svaigu, mirdzo\u0161u izskatu. P\u0101rm\u0113r\u012bgi nesausina un nekairina \u0101du. Piem\u0113rots ar\u012b jut\u012bgai \u0101dai. Hidroliz\u0113ts j\u016bras kolag\u0113ns aizsarg\u0101 \u0101du pret dehidr\u0101ciju, nov\u0113r\u0161 sausuma un savilkt\u012bbas sajutu. Sniedz toniz\u0113jo\u0161u iedarb\u012bbu. Veicina \u0101das reljefa izl\u012bdzin\u0101\u0161anu. Hialuronsk\u0101be akt\u012bvi mitrina \u0101du, paaugstina t\u0101s tvirtumu un elast\u012bbu. Uztur hidrolip\u012bdu l\u012bdzsvaru un kav\u0113 mitruma zudumu. Aminosk\u0101bju kokteilis PRODEW 600 normaliz\u0113 \u016bdens l\u012bdzsvaru, atjauno \u0101das barjerfunkciju. Pa\u0101trina dabiskus audu re\u0123ener\u0101cijas procesus. <\/p>\n<h4>Lieto\u0161ana: <\/h4>\n<p>nelielu micel\u0101r\u0101 \u016bdens daudzumu uzkl\u0101jiet uz vates disku, r\u016bp\u012bgi not\u012briet sejas un kakla \u0101du. L\u012bdzek\u013ca p\u0101rpalikumus nomazg\u0101jiet ar siltu \u016bdeni.<\/p>\n","protected":false},"excerpt":{"rendered":"<p>Visiem \u0101das tipiem, ieskaitot jut\u012bgu \u0101du. Mitrino\u0161s micel\u0101rais \u016bdens satur akt\u012bvu sast\u0101vda\u013cu kompleksu, kas pilnveido att\u012br\u012b\u0161anas procesu. L\u012bdzeklis saudz\u012bgi un r\u016bp\u012bgi no\u0146em makij\u0101\u017eu, bag\u0101tina \u0101du ar mitrumu, atgrie\u017e tai svaigu, mirdzo\u0161u izskatu. P\u0101rm\u0113r\u012bgi nesausina un nekairina \u0101du. Piem\u0113rots ar\u012b jut\u012bgai \u0101dai. Hidroliz\u0113ts j\u016bras kolag\u0113ns aizsarg\u0101 \u0101du pret dehidr\u0101ciju, nov\u0113r\u0161 sausuma un savilkt\u012bbas sajutu. Sniedz toniz\u0113jo\u0161u [&#8230;]\n","protected":false},"featured_media":86110,"template":"","meta":[],"product_cat":[1568],"product_tag":[],"class_list":{"0":"post-37172","1":"product","2":"type-product","3":"status-publish","4":"has-post-thumbnail","6":"product_brand-dilis-kosmetik_by","7":"product_cat-micelarais-udens","9":"first","10":"outofstock","11":"taxable","12":"shipping-taxable","13":"product-type-simple"},"_links":{"self":[{"href":"https:\/\/e.kosmolat.eu\/lv\/wp-json\/wp\/v2\/product\/37172","targetHints":{"allow":["GET"]}}],"collection":[{"href":"https:\/\/e.kosmolat.eu\/lv\/wp-json\/wp\/v2\/product"}],"about":[{"href":"https:\/\/e.kosmolat.eu\/lv\/wp-json\/wp\/v2\/types\/product"}],"wp:featuredmedia":[{"embeddable":true,"href":"https:\/\/e.kosmolat.eu\/lv\/wp-json\/wp\/v2\/media\/86110"}],"wp:attachment":[{"href":"https:\/\/e.kosmolat.eu\/lv\/wp-json\/wp\/v2\/media?parent=37172"}],"wp:term":[{"taxonomy":"product_cat","embeddable":true,"href":"https:\/\/e.kosmolat.eu\/lv\/wp-json\/wp\/v2\/product_cat?post=37172"},{"taxonomy":"product_tag","embeddable":true,"href":"https:\/\/e.kosmolat.eu\/lv\/wp-json\/wp\/v2\/product_tag?post=37172"}],"curies":[{"name":"wp","href":"https:\/\/api.w.org\/{rel}","templated":true}]}}