{"id":37148,"date":"2023-12-22T19:22:47","date_gmt":"2023-12-22T19:22:47","guid":{"rendered":"https:\/\/e.kosmolat.eu\/product\/claire-collagen-active-pro-mitrinosa-sejas-maska-100-ml\/"},"modified":"2025-09-19T22:23:56","modified_gmt":"2025-09-19T22:23:56","slug":"claire-collagen-active-pro-mitrinosa-sejas-maska-100-ml","status":"publish","type":"product","link":"https:\/\/e.kosmolat.eu\/lv\/product\/claire-collagen-active-pro-mitrinosa-sejas-maska-100-ml\/","title":{"rendered":"CLAIRE Collagen Active Pro Mitrino\u0161a sejas maska, 100 ml"},"content":{"rendered":"<p>Visiem \u0101das tipiem. Paaugstina \u0101das tonusu. Dzi\u013ci mitrina. Nomierina un atjauno. Paredz\u0113ta dzi\u013cai jebkura \u0101das tipa mitrin\u0101\u0161anai, \u012bpa\u0161i tiek rekomend\u0113ts dehidr\u0113tai, sausai un mirdzumu pazaud\u0113ju\u0161ai \u0101dai. <\/p>\n<p>Hidroliz\u0113ts kolag\u0113ns stimul\u0113 kolag\u0113na sit\u0113zi, paaugstina \u0101das tonusu, izl\u012bdzina s\u012bkas grumbi\u0146as.\n<\/p>\n<p>Da\u017e\u0101das molekulmasas hialuronsk\u0101be sniedz izteiktu mitrino\u0161u iedarb\u012bbu. Veicina \u0101das bag\u0101tin\u0101\u0161anu ar sk\u0101bekli un nov\u0113r\u0161 \u201cnoguru\u0161\u0101s sejas\u201d simptomus. <\/p>\n<p>Inovat\u012bvs mitrino\u0161s komplekss HYDROMANIL kav\u0113 mitruma zudumu un tam piem\u012bt mitrino\u0161a iedarb\u012bba.\n<\/p>\n<h4>Lieto\u0161ana: <\/h4>\n<p>vienm\u0113r\u012bgi uzkl\u0101jiet masku uz priek\u0161laic\u012bgi att\u012br\u012btas sejas un kakla \u0101das, iz\u0146emot \u0101du ap ac\u012bm. P\u0113c 15-20 min\u016bt\u0113m nomazg\u0101jiet ar siltu \u016bdeni. Maksim\u0101la efekta sasnieg\u0161anai atk\u0101rtojiet proced\u016bru 1-2 reizes ned\u0113\u013c\u0101.<\/p>\n<\/p><\/p>\n","protected":false},"excerpt":{"rendered":"<p>Visiem \u0101das tipiem. Paaugstina \u0101das tonusu. Dzi\u013ci mitrina. Nomierina un atjauno. Paredz\u0113ta dzi\u013cai jebkura \u0101das tipa mitrin\u0101\u0161anai, \u012bpa\u0161i tiek rekomend\u0113ts dehidr\u0113tai, sausai un mirdzumu pazaud\u0113ju\u0161ai \u0101dai. Hidroliz\u0113ts kolag\u0113ns stimul\u0113 kolag\u0113na sit\u0113zi, paaugstina \u0101das tonusu, izl\u012bdzina s\u012bkas grumbi\u0146as. Da\u017e\u0101das molekulmasas hialuronsk\u0101be sniedz izteiktu mitrino\u0161u iedarb\u012bbu. Veicina \u0101das bag\u0101tin\u0101\u0161anu ar sk\u0101bekli un nov\u0113r\u0161 \u201cnoguru\u0161\u0101s sejas\u201d simptomus. Inovat\u012bvs [&#8230;]\n","protected":false},"featured_media":86070,"template":"","meta":[],"product_cat":[1367],"product_tag":[],"class_list":{"0":"post-37148","1":"product","2":"type-product","3":"status-publish","4":"has-post-thumbnail","6":"product_brand-dilis-kosmetik_by","7":"product_cat-sejas-maskas","9":"first","10":"outofstock","11":"taxable","12":"shipping-taxable","13":"product-type-simple"},"_links":{"self":[{"href":"https:\/\/e.kosmolat.eu\/lv\/wp-json\/wp\/v2\/product\/37148","targetHints":{"allow":["GET"]}}],"collection":[{"href":"https:\/\/e.kosmolat.eu\/lv\/wp-json\/wp\/v2\/product"}],"about":[{"href":"https:\/\/e.kosmolat.eu\/lv\/wp-json\/wp\/v2\/types\/product"}],"wp:featuredmedia":[{"embeddable":true,"href":"https:\/\/e.kosmolat.eu\/lv\/wp-json\/wp\/v2\/media\/86070"}],"wp:attachment":[{"href":"https:\/\/e.kosmolat.eu\/lv\/wp-json\/wp\/v2\/media?parent=37148"}],"wp:term":[{"taxonomy":"product_cat","embeddable":true,"href":"https:\/\/e.kosmolat.eu\/lv\/wp-json\/wp\/v2\/product_cat?post=37148"},{"taxonomy":"product_tag","embeddable":true,"href":"https:\/\/e.kosmolat.eu\/lv\/wp-json\/wp\/v2\/product_tag?post=37148"}],"curies":[{"name":"wp","href":"https:\/\/api.w.org\/{rel}","templated":true}]}}