{"id":37140,"date":"2023-12-22T19:21:46","date_gmt":"2023-12-22T19:21:46","guid":{"rendered":"https:\/\/e.kosmolat.eu\/product\/claire-nakts-krems-45-50-ml\/"},"modified":"2025-09-19T22:15:43","modified_gmt":"2025-09-19T22:15:43","slug":"claire-collagen-active-pro-nakts-krems-45-50-ml","status":"publish","type":"product","link":"https:\/\/e.kosmolat.eu\/lv\/product\/claire-collagen-active-pro-nakts-krems-45-50-ml\/","title":{"rendered":"CLAIRE Collagen Active Pro Nakts kr\u0113ms 45+, 50 ml"},"content":{"rendered":"<p>Visiem \u0101das tipiem. Samazina grumbu izteikt\u012bbu. Akt\u012bvi mitrina. Model\u0113 sejas kont\u016bru. Hidroliz\u0113ts j\u016bras kolag\u0113ns Collasurge pa\u0101trina \u0161\u016bnu atjauno\u0161anas procesu, tas \u013cauj c\u012bn\u012bties ar noveco\u0161an\u0101s paz\u012bm\u0113m. Mitrina, bag\u0101tina \u0101du ar nepiecie\u0161am\u0101m aminosk\u0101b\u0113m. Izl\u012bdzina un paaugstina t\u0101s elast\u012bbu. Augst\u0101s molekulmasas hialuronsk\u0101be nodro\u0161ina mitrin\u0101\u0161anu, kav\u0113 mitruma zudumu. Pie\u0161\u0137ir \u0101dai svaigu un atput\u016b\u0161os izskatu, atgrie\u017e tvirtumu. Atjauno \u0101das barjerfunkciju. Zem\u0101s molekulmasas hialuronsk\u0101be iek\u013c\u016bst dzi\u013cos \u0101das sl\u0101\u0146os, bag\u0101tina to ar mitrumu, sk\u0101bekli, barojo\u0161\u0101m viel\u0101m. Uztur optim\u0101lu hidrol\u012bdzsvaru, aktiviz\u0113 person\u012bg\u0101s hialuronsk\u0101bes sint\u0113zi. Akt\u012bvs komplekss SUBLISKIN sast\u0101v no oligosahar\u012bdiem, kuri stimul\u0113 \u0101rpus\u0161\u016bnu matriksa sast\u0101vda\u013cu sint\u0113zi. Pateicoties tam tiek palielin\u0101ts \u0101das bl\u012bvums un tvirtumus, samazin\u0101s grumbu daudzums, tiek atjaunots sejas ov\u0101ls.\n<\/p>\n<h4>Lieto\u0161ana: <\/h4>\n<p>uzkl\u0101jiet kr\u0113mu vakar\u0101 uz att\u012br\u012btas sejas \u0101das pa mas\u0101\u017eas l\u012bnij\u0101m. Maksim\u0101lam efektam tiek rekomend\u0113ts pirms tam lietot toniku, lai mitrin\u0101tu \u0101du.<\/p><\/p>\n","protected":false},"excerpt":{"rendered":"<p>Visiem \u0101das tipiem. Samazina grumbu izteikt\u012bbu. Akt\u012bvi mitrina. Model\u0113 sejas kont\u016bru. Hidroliz\u0113ts j\u016bras kolag\u0113ns Collasurge pa\u0101trina \u0161\u016bnu atjauno\u0161anas procesu, tas \u013cauj c\u012bn\u012bties ar noveco\u0161an\u0101s paz\u012bm\u0113m. Mitrina, bag\u0101tina \u0101du ar nepiecie\u0161am\u0101m aminosk\u0101b\u0113m. Izl\u012bdzina un paaugstina t\u0101s elast\u012bbu. Augst\u0101s molekulmasas hialuronsk\u0101be nodro\u0161ina mitrin\u0101\u0161anu, kav\u0113 mitruma zudumu. Pie\u0161\u0137ir \u0101dai svaigu un atput\u016b\u0161os izskatu, atgrie\u017e tvirtumu. Atjauno \u0101das barjerfunkciju. [&#8230;]\n","protected":false},"featured_media":85930,"template":"","meta":[],"product_cat":[1323],"product_tag":[],"class_list":{"0":"post-37140","1":"product","2":"type-product","3":"status-publish","4":"has-post-thumbnail","6":"product_brand-dilis-kosmetik_by","7":"product_cat-1323","9":"first","10":"outofstock","11":"taxable","12":"shipping-taxable","13":"product-type-simple"},"_links":{"self":[{"href":"https:\/\/e.kosmolat.eu\/lv\/wp-json\/wp\/v2\/product\/37140","targetHints":{"allow":["GET"]}}],"collection":[{"href":"https:\/\/e.kosmolat.eu\/lv\/wp-json\/wp\/v2\/product"}],"about":[{"href":"https:\/\/e.kosmolat.eu\/lv\/wp-json\/wp\/v2\/types\/product"}],"wp:featuredmedia":[{"embeddable":true,"href":"https:\/\/e.kosmolat.eu\/lv\/wp-json\/wp\/v2\/media\/85930"}],"wp:attachment":[{"href":"https:\/\/e.kosmolat.eu\/lv\/wp-json\/wp\/v2\/media?parent=37140"}],"wp:term":[{"taxonomy":"product_cat","embeddable":true,"href":"https:\/\/e.kosmolat.eu\/lv\/wp-json\/wp\/v2\/product_cat?post=37140"},{"taxonomy":"product_tag","embeddable":true,"href":"https:\/\/e.kosmolat.eu\/lv\/wp-json\/wp\/v2\/product_tag?post=37140"}],"curies":[{"name":"wp","href":"https:\/\/api.w.org\/{rel}","templated":true}]}}