{"id":37136,"date":"2023-12-22T19:21:13","date_gmt":"2023-12-22T19:21:13","guid":{"rendered":"https:\/\/e.kosmolat.eu\/product\/claire-dienas-krems-45-50-ml\/"},"modified":"2025-09-19T22:15:20","modified_gmt":"2025-09-19T22:15:20","slug":"claire-collagen-active-pro-dienas-krems-45-50-ml","status":"publish","type":"product","link":"https:\/\/e.kosmolat.eu\/lv\/product\/claire-collagen-active-pro-dienas-krems-45-50-ml\/","title":{"rendered":"CLAIRE Collagen Active Pro Dienas kr\u0113ms 45+, 50 ml"},"content":{"rendered":"<p>Izl\u012bdzina \u0101das mikroreljefu. Atjauno tvirtumu. Izl\u012bdzina grumbas. Hidroliz\u0113ts j\u016bras kolag\u0113ns Collasurge izl\u012bdzina epidermas mikroreljefu. Veicina kolag\u0113na sint\u0113zi un aktiviz\u0113 &scaron;\u016bnu re\u0123ener\u0101ciju. Mitrina \u0101du, izl\u012bdzina s\u012bkas grumbi\u0146as un samazina dzi\u013cu grumbi\u0146u izteikt\u012bbu.&nbsp;<\/p>\n<p>Augstas molekulmasas hialuronsk\u0101be nodro&scaron;ina mitrin\u0101&scaron;anu un kav\u0113 mitruma zudumu. Pie&scaron;\u0137ir \u0101dai mirdzo&scaron;u, pievilktu izskatu, atgrie\u017e tvirtumu. Zem\u0101s molekulmasas hialuronsk\u0101be iek\u013c\u016bst dzi\u013cos \u0101das sl\u0101\u0146os, bag\u0101tina to ar mitrumu, sk\u0101bekli un barojo&scaron;\u0101m viel\u0101m. Uztur optim\u0101lu hidrol\u012bdzsvaru, aktiviz\u0113 hialuronsk\u0101bes sint\u0113zi. Tr\u012bspak\u0101pju mitrin\u0101&scaron;anas sist\u0113ma Trimoist KMF regul\u0113 \u016bdens l\u012bdzsvaru, nodro&scaron;ina epidermas ragsl\u0101\u0146a tul\u012bt\u0113ju mitrin\u0101&scaron;anu. Izl\u012bdzina dzi\u013ca grumbas un pal\u0113nina noveco&scaron;anas procesus. Pastiprina \u0101das barjerfunkciju.&nbsp;<\/p>\n<p>Lieto&scaron;ana:&nbsp;uzkl\u0101t no r\u012bta uz att\u012br\u012btas sejas \u0101das pa mas\u0101\u017eas l\u012bnij\u0101m. Lai ieg\u016btu maksim\u0101lu efektu tiek rekomend\u0113ts pirms tam lietot toniku \u0101das mitrin\u0101&scaron;anai. Kr\u0113mu var lietot k\u0101 b\u0101zi zem makij\u0101\u017eas.<\/p><\/p>\n","protected":false},"excerpt":{"rendered":"<p>Izl\u012bdzina \u0101das mikroreljefu. Atjauno tvirtumu. Izl\u012bdzina grumbas. Hidroliz\u0113ts j\u016bras kolag\u0113ns Collasurge izl\u012bdzina epidermas mikroreljefu. Veicina kolag\u0113na sint\u0113zi un aktiviz\u0113 &scaron;\u016bnu re\u0123ener\u0101ciju. Mitrina \u0101du, izl\u012bdzina s\u012bkas grumbi\u0146as un samazina dzi\u013cu grumbi\u0146u izteikt\u012bbu.&nbsp; Augstas molekulmasas hialuronsk\u0101be nodro&scaron;ina mitrin\u0101&scaron;anu un kav\u0113 mitruma zudumu. Pie&scaron;\u0137ir \u0101dai mirdzo&scaron;u, pievilktu izskatu, atgrie\u017e tvirtumu. Zem\u0101s molekulmasas hialuronsk\u0101be iek\u013c\u016bst dzi\u013cos \u0101das sl\u0101\u0146os, bag\u0101tina [&#8230;]\n","protected":false},"featured_media":85926,"template":"","meta":[],"product_cat":[1323],"product_tag":[],"class_list":{"0":"post-37136","1":"product","2":"type-product","3":"status-publish","4":"has-post-thumbnail","6":"product_brand-dilis-kosmetik_by","7":"product_cat-1323","9":"first","10":"outofstock","11":"taxable","12":"shipping-taxable","13":"product-type-simple"},"_links":{"self":[{"href":"https:\/\/e.kosmolat.eu\/lv\/wp-json\/wp\/v2\/product\/37136","targetHints":{"allow":["GET"]}}],"collection":[{"href":"https:\/\/e.kosmolat.eu\/lv\/wp-json\/wp\/v2\/product"}],"about":[{"href":"https:\/\/e.kosmolat.eu\/lv\/wp-json\/wp\/v2\/types\/product"}],"wp:featuredmedia":[{"embeddable":true,"href":"https:\/\/e.kosmolat.eu\/lv\/wp-json\/wp\/v2\/media\/85926"}],"wp:attachment":[{"href":"https:\/\/e.kosmolat.eu\/lv\/wp-json\/wp\/v2\/media?parent=37136"}],"wp:term":[{"taxonomy":"product_cat","embeddable":true,"href":"https:\/\/e.kosmolat.eu\/lv\/wp-json\/wp\/v2\/product_cat?post=37136"},{"taxonomy":"product_tag","embeddable":true,"href":"https:\/\/e.kosmolat.eu\/lv\/wp-json\/wp\/v2\/product_tag?post=37136"}],"curies":[{"name":"wp","href":"https:\/\/api.w.org\/{rel}","templated":true}]}}