{"id":37124,"date":"2023-12-22T19:19:42","date_gmt":"2023-12-22T19:19:42","guid":{"rendered":"https:\/\/e.kosmolat.eu\/product\/claire-nakts-krems-35\/"},"modified":"2025-09-19T22:14:36","modified_gmt":"2025-09-19T22:14:36","slug":"claire-collagen-active-pro-nakts-krems-35","status":"publish","type":"product","link":"https:\/\/e.kosmolat.eu\/lv\/product\/claire-collagen-active-pro-nakts-krems-35\/","title":{"rendered":"CLAIRE Collagen Active Pro Nakts kr\u0113ms 35+"},"content":{"rendered":"<p>Paaugstina bl\u012bvumu un elast\u012bbu. Uztur optim\u0101lu \u016bdens l\u012bdzsvaru. Nov\u0113r&scaron; noguruma p\u0113das. Visiem \u0101das tipiem.<\/p>\n<ul>\n<li>Hidroliz\u0113ts j\u016bras kolag\u0113ns Crotein M stiprina \u0101das turgoru, paaugstina bl\u012bvumu un elast\u012bbu. Bag\u0101tina to ar nepiecie&scaron;amajiem antioksidantiem. Izl\u012bdzina \u0101du un pal\u0113nina vecuma izmai\u0146as.&nbsp;<\/li>\n<li>Augstas molekulmasas hialuronsk\u0101be nodro&scaron;ina epidermas virsmas mitrin\u0101&scaron;anu, kas&nbsp;padara \u0101du tvirtu un savilktu, stiprinot \u0101das aizsargsl\u0101ni.<\/li>\n<li>Zemas molekulmasas hialuronsk\u0101be intens\u012bvi mitrina \u0101du no iek&scaron;puses, veicinot kolag\u0113na un elast\u012bna sint\u0113zi.<\/li>\n<li>Akt\u012bvs komplekss DermCom &ndash; kas satur &scaron;afr\u0101na s\u012bpoli\u0146u ekstraktu dzi\u013ci mitrina \u0101du un izl\u012bdzina grumbi\u0146as.<\/li>\n<\/ul>\n<p><strong>Lieto&scaron;ana:<\/strong> uzkl\u0101t kr\u0113mu vakar\u0101 uz att\u012br\u012btas sejas \u0101das gar mas\u0101\u017eas l\u012bnij\u0101m. Lab\u0101kam efektam pirms uzkl\u0101&scaron;anas tiek rekomend\u0113ts lietot toniku COLLAGEN ACTIVE PRO.<br \/>\n&nbsp;<\/p>\n","protected":false},"excerpt":{"rendered":"<p>Paaugstina bl\u012bvumu un elast\u012bbu. Uztur optim\u0101lu \u016bdens l\u012bdzsvaru. Nov\u0113r&scaron; noguruma p\u0113das. Visiem \u0101das tipiem. Hidroliz\u0113ts j\u016bras kolag\u0113ns Crotein M stiprina \u0101das turgoru, paaugstina bl\u012bvumu un elast\u012bbu. Bag\u0101tina to ar nepiecie&scaron;amajiem antioksidantiem. Izl\u012bdzina \u0101du un pal\u0113nina vecuma izmai\u0146as.&nbsp; Augstas molekulmasas hialuronsk\u0101be nodro&scaron;ina epidermas virsmas mitrin\u0101&scaron;anu, kas&nbsp;padara \u0101du tvirtu un savilktu, stiprinot \u0101das aizsargsl\u0101ni. Zemas molekulmasas hialuronsk\u0101be [&#8230;]\n","protected":false},"featured_media":85914,"template":"","meta":[],"product_cat":[1320],"product_tag":[],"class_list":{"0":"post-37124","1":"product","2":"type-product","3":"status-publish","4":"has-post-thumbnail","6":"product_brand-dilis-kosmetik_by","7":"product_cat-sejas-kremi","9":"first","10":"outofstock","11":"taxable","12":"shipping-taxable","13":"product-type-simple"},"_links":{"self":[{"href":"https:\/\/e.kosmolat.eu\/lv\/wp-json\/wp\/v2\/product\/37124","targetHints":{"allow":["GET"]}}],"collection":[{"href":"https:\/\/e.kosmolat.eu\/lv\/wp-json\/wp\/v2\/product"}],"about":[{"href":"https:\/\/e.kosmolat.eu\/lv\/wp-json\/wp\/v2\/types\/product"}],"wp:featuredmedia":[{"embeddable":true,"href":"https:\/\/e.kosmolat.eu\/lv\/wp-json\/wp\/v2\/media\/85914"}],"wp:attachment":[{"href":"https:\/\/e.kosmolat.eu\/lv\/wp-json\/wp\/v2\/media?parent=37124"}],"wp:term":[{"taxonomy":"product_cat","embeddable":true,"href":"https:\/\/e.kosmolat.eu\/lv\/wp-json\/wp\/v2\/product_cat?post=37124"},{"taxonomy":"product_tag","embeddable":true,"href":"https:\/\/e.kosmolat.eu\/lv\/wp-json\/wp\/v2\/product_tag?post=37124"}],"curies":[{"name":"wp","href":"https:\/\/api.w.org\/{rel}","templated":true}]}}