{"id":37112,"date":"2023-12-22T19:18:25","date_gmt":"2023-12-22T19:18:25","guid":{"rendered":"https:\/\/e.kosmolat.eu\/product\/claire-collagen-active-pro-roku-krems-mitrinoss-50-ml\/"},"modified":"2025-09-19T22:13:50","modified_gmt":"2025-09-19T22:13:50","slug":"claire-collagen-active-pro-roku-krems-mitrinoss-50-ml","status":"publish","type":"product","link":"https:\/\/e.kosmolat.eu\/lv\/product\/claire-collagen-active-pro-roku-krems-mitrinoss-50-ml\/","title":{"rendered":"CLAIRE Collagen Active Pro Roku kr\u0113ms mitrino\u0161s, 50 ml"},"content":{"rendered":"<p>Dzi\u013ci mitrina, paaugstina tvirtumu un elast\u012bbu, atjauno \u0101das aizsargbarjeru. Nodro\u0161ina t\u016bl\u012bt\u0113ju mitrino\u0161u efektu. Hidroliz\u0113ts j\u016bras kolag\u0113ns aizsarg\u0101 \u0101du no dehidr\u0101cijas. Nov\u0113r\u0161 sausumu, pie\u0161\u0137ir roku \u0101dai papildus maigumu. Da\u017e\u0101das molekulmasas hialuronsk\u0101be nodro\u0161ina ilgsto\u0161u \u0101das mitrin\u0101\u0161anu visos l\u012bme\u0146os. Inovat\u012bvs komplekss Hydromanil atjauno un uztur \u0101das barjerfunkcijas.\n<\/p>\n<p>Kokosriekstu sviests nomierina un baro \u0101du, uzlabo t\u0101s tvirtumu un elast\u012bbu. Stiprina nagu pl\u0101tnes un stimul\u0113 to aug\u0161anu. Pie\u0161\u0137ir rok\u0101m t\u016bl\u012bt\u0113ju m\u012bkstumu, maigumu un samtainumu.\n<\/p>\n<h4>Lieto\u0161ana: <\/h4>\n<p>nelielu kr\u0113ma daudzumu uzkl\u0101jiet uz t\u012bras sausas roku \u0101das, viegli pamas\u0113jiet l\u012bdz piln\u012bgi uzs\u016bcas. Lietojiet nepiecie\u0161am\u012bbas gad\u012bjum\u0101.<\/p>\n<\/p><\/p>\n","protected":false},"excerpt":{"rendered":"<p>Dzi\u013ci mitrina, paaugstina tvirtumu un elast\u012bbu, atjauno \u0101das aizsargbarjeru. Nodro\u0161ina t\u016bl\u012bt\u0113ju mitrino\u0161u efektu. Hidroliz\u0113ts j\u016bras kolag\u0113ns aizsarg\u0101 \u0101du no dehidr\u0101cijas. Nov\u0113r\u0161 sausumu, pie\u0161\u0137ir roku \u0101dai papildus maigumu. Da\u017e\u0101das molekulmasas hialuronsk\u0101be nodro\u0161ina ilgsto\u0161u \u0101das mitrin\u0101\u0161anu visos l\u012bme\u0146os. Inovat\u012bvs komplekss Hydromanil atjauno un uztur \u0101das barjerfunkcijas. Kokosriekstu sviests nomierina un baro \u0101du, uzlabo t\u0101s tvirtumu un elast\u012bbu. [&#8230;]\n","protected":false},"featured_media":85902,"template":"","meta":[],"product_cat":[1305],"product_tag":[],"class_list":{"0":"post-37112","1":"product","2":"type-product","3":"status-publish","4":"has-post-thumbnail","6":"product_brand-dilis-kosmetik_by","7":"product_cat-1305","9":"first","10":"outofstock","11":"taxable","12":"shipping-taxable","13":"product-type-simple"},"_links":{"self":[{"href":"https:\/\/e.kosmolat.eu\/lv\/wp-json\/wp\/v2\/product\/37112","targetHints":{"allow":["GET"]}}],"collection":[{"href":"https:\/\/e.kosmolat.eu\/lv\/wp-json\/wp\/v2\/product"}],"about":[{"href":"https:\/\/e.kosmolat.eu\/lv\/wp-json\/wp\/v2\/types\/product"}],"wp:featuredmedia":[{"embeddable":true,"href":"https:\/\/e.kosmolat.eu\/lv\/wp-json\/wp\/v2\/media\/85902"}],"wp:attachment":[{"href":"https:\/\/e.kosmolat.eu\/lv\/wp-json\/wp\/v2\/media?parent=37112"}],"wp:term":[{"taxonomy":"product_cat","embeddable":true,"href":"https:\/\/e.kosmolat.eu\/lv\/wp-json\/wp\/v2\/product_cat?post=37112"},{"taxonomy":"product_tag","embeddable":true,"href":"https:\/\/e.kosmolat.eu\/lv\/wp-json\/wp\/v2\/product_tag?post=37112"}],"curies":[{"name":"wp","href":"https:\/\/api.w.org\/{rel}","templated":true}]}}