{"id":37060,"date":"2023-12-22T19:14:21","date_gmt":"2023-12-22T19:14:21","guid":{"rendered":"https:\/\/e.kosmolat.eu\/product\/putzi-zobu-birste-ipasi-miksta\/"},"modified":"2025-09-19T22:48:32","modified_gmt":"2025-09-19T22:48:32","slug":"putzi-zobu-birste-ipasi-miksta","status":"publish","type":"product","link":"https:\/\/e.kosmolat.eu\/lv\/product\/putzi-zobu-birste-ipasi-miksta\/","title":{"rendered":"Putzi Zobu birste, \u012bpa\u0161i m\u012bksta"},"content":{"rendered":"<p>\u012apa\u0161i maigi sari\u0146i. Paredz\u0113ta lieto\u0161anai no 2 gadu vecuma.&nbsp;<\/p>\n","protected":false},"excerpt":{"rendered":"<p>\u012apa\u0161i maigi sari\u0146i. Paredz\u0113ta lieto\u0161anai no 2 gadu vecuma.&nbsp;<\/p>\n","protected":false},"featured_media":86462,"template":"","meta":[],"product_cat":[1335],"product_tag":[],"class_list":{"0":"post-37060","1":"product","2":"type-product","3":"status-publish","4":"has-post-thumbnail","6":"product_brand-dental_de","7":"product_cat-bernu-mutes-dobuma-higiena","9":"first","10":"outofstock","11":"taxable","12":"shipping-taxable","13":"product-type-simple"},"_links":{"self":[{"href":"https:\/\/e.kosmolat.eu\/lv\/wp-json\/wp\/v2\/product\/37060","targetHints":{"allow":["GET"]}}],"collection":[{"href":"https:\/\/e.kosmolat.eu\/lv\/wp-json\/wp\/v2\/product"}],"about":[{"href":"https:\/\/e.kosmolat.eu\/lv\/wp-json\/wp\/v2\/types\/product"}],"wp:featuredmedia":[{"embeddable":true,"href":"https:\/\/e.kosmolat.eu\/lv\/wp-json\/wp\/v2\/media\/86462"}],"wp:attachment":[{"href":"https:\/\/e.kosmolat.eu\/lv\/wp-json\/wp\/v2\/media?parent=37060"}],"wp:term":[{"taxonomy":"product_cat","embeddable":true,"href":"https:\/\/e.kosmolat.eu\/lv\/wp-json\/wp\/v2\/product_cat?post=37060"},{"taxonomy":"product_tag","embeddable":true,"href":"https:\/\/e.kosmolat.eu\/lv\/wp-json\/wp\/v2\/product_tag?post=37060"}],"curies":[{"name":"wp","href":"https:\/\/api.w.org\/{rel}","templated":true}]}}