{"id":37024,"date":"2023-12-22T19:11:41","date_gmt":"2023-12-22T19:11:41","guid":{"rendered":"https:\/\/e.kosmolat.eu\/product\/dr-s-hyaluron-hair-deep-hydration-aqua-krems-100-ml\/"},"modified":"2025-09-19T22:07:39","modified_gmt":"2025-09-19T22:07:39","slug":"i_dr-s-hyaluron-hair-deep-hydration-aqua-krems-100-ml","status":"publish","type":"product","link":"https:\/\/e.kosmolat.eu\/lv\/product\/i_dr-s-hyaluron-hair-deep-hydration-aqua-krems-100-ml\/","title":{"rendered":"I_Dr.S.HYALURON HAIR Deep hydration Aqua kr\u0113ms, 100 ml"},"content":{"rendered":"<p>Hyaluron Hair s\u0113rija &ndash; matu mitrin\u0101\u0161anas programma. Hialuronsk\u0101bes un mitrino\u0161a augu kompleksa siner\u0123ija nodro\u0161ina 3D efektu: sp\u012bdums, gludums, elast\u012bba.&nbsp;<br \/>\nPies\u0101tin\u0101ts hidrokr\u0113ms pie\u0161\u0137ir gludumu un z\u012bdainumu, saglab\u0101 kr\u0101sotu matu toni. Hialuronsk\u0101be nodro\u0161ina nepiecie\u0161amu galvas \u0101das mitrin\u0101\u0161anu, uzlabo matu dabisku \u016bdens l\u012bdzsvaru. Alvejas gels uztur nepiecie\u0161amu mitruma l\u012bmeni un nov\u0113r\u0161 matu l\u016b\u0161anu.<\/p>\n<p><strong>Lieto\u0161ana: <\/strong><\/p>\n<p>uzkl\u0101jiet uz mitriem vai sausiem matiem. Nenomazg\u0101t.<\/p>\n<p><strong>Piesardz\u012bbas pas\u0101kumi: <\/strong><\/p>\n<p>ja iek\u013c\u016bst ac\u012bs, nomazg\u0101t ar \u016bdeni. Ir iesp\u0113jama paaugstin\u0101ta jut\u012bba uz atsevi\u0161\u0137\u0101m sast\u0101vda\u013c\u0101m.&nbsp;<br \/>\n&nbsp;<\/p>\n","protected":false},"excerpt":{"rendered":"<p>Hyaluron Hair s\u0113rija &ndash; matu mitrin\u0101\u0161anas programma. Hialuronsk\u0101bes un mitrino\u0161a augu kompleksa siner\u0123ija nodro\u0161ina 3D efektu: sp\u012bdums, gludums, elast\u012bba.&nbsp; Pies\u0101tin\u0101ts hidrokr\u0113ms pie\u0161\u0137ir gludumu un z\u012bdainumu, saglab\u0101 kr\u0101sotu matu toni. Hialuronsk\u0101be nodro\u0161ina nepiecie\u0161amu galvas \u0101das mitrin\u0101\u0161anu, uzlabo matu dabisku \u016bdens l\u012bdzsvaru. Alvejas gels uztur nepiecie\u0161amu mitruma l\u012bmeni un nov\u0113r\u0161 matu l\u016b\u0161anu. Lieto\u0161ana: uzkl\u0101jiet uz mitriem vai [&#8230;]\n","protected":false},"featured_media":85794,"template":"","meta":[],"product_cat":[1343],"product_tag":[],"class_list":{"0":"post-37024","1":"product","2":"type-product","3":"status-publish","4":"has-post-thumbnail","6":"product_brand-elfa_ua","7":"product_cat-citi-matu-kopsanas-produkti","9":"first","10":"outofstock","11":"taxable","12":"shipping-taxable","13":"product-type-simple"},"_links":{"self":[{"href":"https:\/\/e.kosmolat.eu\/lv\/wp-json\/wp\/v2\/product\/37024","targetHints":{"allow":["GET"]}}],"collection":[{"href":"https:\/\/e.kosmolat.eu\/lv\/wp-json\/wp\/v2\/product"}],"about":[{"href":"https:\/\/e.kosmolat.eu\/lv\/wp-json\/wp\/v2\/types\/product"}],"wp:featuredmedia":[{"embeddable":true,"href":"https:\/\/e.kosmolat.eu\/lv\/wp-json\/wp\/v2\/media\/85794"}],"wp:attachment":[{"href":"https:\/\/e.kosmolat.eu\/lv\/wp-json\/wp\/v2\/media?parent=37024"}],"wp:term":[{"taxonomy":"product_cat","embeddable":true,"href":"https:\/\/e.kosmolat.eu\/lv\/wp-json\/wp\/v2\/product_cat?post=37024"},{"taxonomy":"product_tag","embeddable":true,"href":"https:\/\/e.kosmolat.eu\/lv\/wp-json\/wp\/v2\/product_tag?post=37024"}],"curies":[{"name":"wp","href":"https:\/\/api.w.org\/{rel}","templated":true}]}}