{"id":36972,"date":"2023-12-22T19:08:02","date_gmt":"2023-12-22T19:08:02","guid":{"rendered":"https:\/\/e.kosmolat.eu\/product\/skinlite-mitrinosa-sejas-maska-hialuronskabe-5-gab\/"},"modified":"2025-09-19T22:02:39","modified_gmt":"2025-09-19T22:02:39","slug":"skinlite-mitrinosa-sejas-maska-hialuronskabe-5-gab","status":"publish","type":"product","link":"https:\/\/e.kosmolat.eu\/lv\/product\/skinlite-mitrinosa-sejas-maska-hialuronskabe-5-gab\/","title":{"rendered":"Skinlite Mitrino\u0161a sejas maska &#8220;Hialuronsk\u0101be&#8221;, 5 gab."},"content":{"rendered":"<p>Mitrino\u0161a sejas maska \u201eHialuronsk\u0101be\u201c nodro\u0161ina intens\u012bvu un ilgsto\u0161u mitrin\u0101\u0161anu, veido speci\u0101lu aizsargpl\u0113vi aug\u0161\u0113j\u0101 epidermas sl\u0101n\u012b, kas ne\u013cauj apk\u0101rt\u0113j\u0101s vides agres\u012bviem faktoriem negat\u012bvi ietekm\u0113t maigas sejas \u0101das st\u0101vokli.<\/p>\n<div>Hialuronsk\u0101be \u013cauj normaliz\u0113t hidrol\u012bdzsvaru, nov\u0113rst sausumu un lob\u012b\u0161anos, atjaunot \u0101das gludumu, kav\u0113 \u0101das dehidr\u0101ciju, saglab\u0101 mitrumu nepiecie\u0161am\u0101 daudzum\u0101. Maskas akt\u012bvas sast\u0101vda\u013cas kav\u0113 priek\u0161laic\u012bgu noveco\u0161anu, nomierina un m\u012bkstina \u0101du.\n<\/div>\n<div>Maskas lieto\u0161anas laik\u0101 epidermas \u0161\u016bnas ieg\u016bst nepiecie\u0161amu mitruma un vitam\u012bnu daudzumu. \u0100da tiek bag\u0101tin\u0101ta ar v\u0113rt\u012bg\u0101m sast\u0101vda\u013c\u0101m, k\u013c\u016bst mitrin\u0101ta, kopta un elast\u012bga, ieg\u016bst mirdzumu un dz\u012bv\u012bbas tonusu.\n<\/div>\n<h4>Lieto\u0161ana: <\/h4>\n<div>uzkl\u0101jiet masku uz att\u012br\u012btas sausas sejas \u0101das, atst\u0101jiet uz 15-20 min\u016btes, tad no\u0146emiet. Plauk\u0161\u0137\u0113jo\u0161\u0101m kust\u012bb\u0101m maigi iebungojiet akt\u012bva seruma p\u0101rpalikumus \u0101d\u0101. Nenomazg\u0101jiet. Cie\u0161i aizveriet iepakojumu. Atv\u0113rtu iepakojumu uzglab\u0101jiet ledusskap\u012b.\n<\/div>\n<h4>Piesardz\u012bbas pas\u0101kumi:<br \/>\n<\/h4>\n<div>1. Izvair\u012bties no lieto\u0161anas uz boj\u0101tas, kairin\u0101tas vai saul\u0113 apdegu\u0161\u0101s \u0101das, nelietot pin\u0146u \u0101rst\u0113\u0161anai.\n<\/div>\n<div>2. Nelietot produktu, ja ir jut\u012bba uz k\u0101du no produkta sast\u0101vda\u013c\u0101m. Ja lieto\u0161anas proces\u0101 uz \u0101das rodas aps\u0101rtums vai kairin\u0101jums, izbeidziet lieto\u0161anu un v\u0113r\u0161aties pie \u0101rsta.\n<\/div>\n<div>3. Izvair\u012bties no nok\u013c\u016b\u0161anas uz acu g\u013cot\u0101das. Ja iek\u013c\u016bst &#8211; nomazg\u0101jiet ar \u016bdeni.\n<\/div>\n<div>4. Tikai \u0101r\u012bgai lieto\u0161anai! Nenor\u012bt!\n<\/div>\n<div>5. Uzglab\u0101t b\u0113rniem nepieejam\u0101 viet\u0101, temperat\u016br\u0101 no 0 l\u012bdz 25\u00b0C.\n<\/div>\n<div>6. Izvair\u012bties no tie\u0161u saules staru iedarb\u012bbas.<\/div>\n","protected":false},"excerpt":{"rendered":"<p>Mitrino\u0161a sejas maska \u201eHialuronsk\u0101be\u201c nodro\u0161ina intens\u012bvu un ilgsto\u0161u mitrin\u0101\u0161anu, veido speci\u0101lu aizsargpl\u0113vi aug\u0161\u0113j\u0101 epidermas sl\u0101n\u012b, kas ne\u013cauj apk\u0101rt\u0113j\u0101s vides agres\u012bviem faktoriem negat\u012bvi ietekm\u0113t maigas sejas \u0101das st\u0101vokli. Hialuronsk\u0101be \u013cauj normaliz\u0113t hidrol\u012bdzsvaru, nov\u0113rst sausumu un lob\u012b\u0161anos, atjaunot \u0101das gludumu, kav\u0113 \u0101das dehidr\u0101ciju, saglab\u0101 mitrumu nepiecie\u0161am\u0101 daudzum\u0101. Maskas akt\u012bvas sast\u0101vda\u013cas kav\u0113 priek\u0161laic\u012bgu noveco\u0161anu, nomierina un m\u012bkstina \u0101du. [&#8230;]\n","protected":false},"featured_media":85706,"template":"","meta":[],"product_cat":[1367],"product_tag":[],"class_list":{"0":"post-36972","1":"product","2":"type-product","3":"status-publish","4":"has-post-thumbnail","6":"product_brand-skinlite","7":"product_cat-sejas-maskas","9":"first","10":"outofstock","11":"taxable","12":"shipping-taxable","13":"product-type-simple"},"_links":{"self":[{"href":"https:\/\/e.kosmolat.eu\/lv\/wp-json\/wp\/v2\/product\/36972","targetHints":{"allow":["GET"]}}],"collection":[{"href":"https:\/\/e.kosmolat.eu\/lv\/wp-json\/wp\/v2\/product"}],"about":[{"href":"https:\/\/e.kosmolat.eu\/lv\/wp-json\/wp\/v2\/types\/product"}],"wp:featuredmedia":[{"embeddable":true,"href":"https:\/\/e.kosmolat.eu\/lv\/wp-json\/wp\/v2\/media\/85706"}],"wp:attachment":[{"href":"https:\/\/e.kosmolat.eu\/lv\/wp-json\/wp\/v2\/media?parent=36972"}],"wp:term":[{"taxonomy":"product_cat","embeddable":true,"href":"https:\/\/e.kosmolat.eu\/lv\/wp-json\/wp\/v2\/product_cat?post=36972"},{"taxonomy":"product_tag","embeddable":true,"href":"https:\/\/e.kosmolat.eu\/lv\/wp-json\/wp\/v2\/product_tag?post=36972"}],"curies":[{"name":"wp","href":"https:\/\/api.w.org\/{rel}","templated":true}]}}