{"id":36968,"date":"2023-12-22T19:07:41","date_gmt":"2023-12-22T19:07:41","guid":{"rendered":"https:\/\/e.kosmolat.eu\/product\/skinlite-atjauninosa-sejas-maska-kolagens-5-gab\/"},"modified":"2026-04-04T05:39:14","modified_gmt":"2026-04-04T05:39:14","slug":"skinlite-atjauninosa-sejas-maska-kolagens-5-gab","status":"publish","type":"product","link":"https:\/\/e.kosmolat.eu\/lv\/product\/skinlite-atjauninosa-sejas-maska-kolagens-5-gab\/","title":{"rendered":"Skinlite Atjaunino\u0161a sejas maska &#8220;Kolag\u0113ns&#8221;, 5 gab."},"content":{"rendered":"<p>Atjaunino\u0161a sejas maska \u201eKolag\u0113ns\u201c sniedz kompleksu iedarb\u012bbu uz \u0101du, nodro\u0161inot pilnv\u0113rt\u012bgu baro\u0161anu un mitrin\u0101\u0161anu, pilnveidojot to \u012bs\u0101kajos termi\u0146os. Maskas akt\u012bvas sast\u0101vda\u013cas pal\u012bdz aizpild\u012bt person\u012bg\u0101 kolag\u0113na tr\u016bkumu, paaugstina tonusu, pievelk, izl\u012bdzina grumbi\u0146as, uzlabo elast\u012bbu un tvirtumu, mitrina un saglab\u0101 \u0161\u0137idruma \u0101das sl\u0101\u0146os, t\u0101d\u0101 veid\u0101 veicinot intens\u012bvu atjaunin\u0101\u0161anu.<\/p>\n<\/p>\n<div>Kolag\u0113ns pievelk, nov\u0113r\u0161 \u0101das \u013cenganumu, uztur optim\u0101lu mitrumu, kav\u0113 \u0101das nokar\u0101\u0161anos, kori\u0123\u0113 sejas ov\u0101lu, nodro\u0161ina liftinga efektu.\n<\/div>\n<div>Maskas lieto\u0161anas laik\u0101 epiderma sa\u0146em nepiecie\u0161amu mitruma un vitam\u012bnu daudzumu. \u0100da tiek pievilkta, k\u013c\u016bst mitrin\u0101ta, kopta un elast\u012bga, ieg\u016bst mirdzumu un dz\u012bv\u012bbas tonusu.\n<\/div>\n<h4>Lieto\u0161ana: <\/h4>\n<div>uzkl\u0101jiet masku uz att\u012br\u012btas sausas sejas \u0101das, atst\u0101jiet uz 15-20 min\u016btes, tad no\u0146emiet. Plauk\u0161\u0137\u0113jo\u0161\u0101m kust\u012bb\u0101m maigi iebungojiet akt\u012bva seruma p\u0101rpalikumus \u0101d\u0101. Nenomazg\u0101jiet. Cie\u0161i aizveriet iepakojumu. Atvertu iepakojumu uzglab\u0101jiet ledusskap\u012b.\n<\/div>\n<h4>Piesardz\u012bbas pas\u0101kumi:<br \/>\n<\/h4>\n<div>1. Izvair\u012bties no lieto\u0161anas uz boj\u0101tas, kairin\u0101tas vai saul\u0113 apdegu\u0161\u0101s \u0101das, nelietot pin\u0146u \u0101rst\u0113\u0161anai. <\/div>\n<div>2. Nelietot produktu, ja ir jut\u012bba uz k\u0101du no produkta sast\u0101vda\u013c\u0101m. Ja lieto\u0161anas proces\u0101 uz \u0101das rodas aps\u0101rtums vai kairin\u0101jums, izbeidziet lieto\u0161anu un v\u0113r\u0161aties pie \u0101rsta. <\/div>\n<div>3. Izvair\u012bties no nok\u013c\u016b\u0161anas uz acu g\u013cot\u0101das. Ja iek\u013c\u016bst &#8211; nomazg\u0101jiet ar \u016bdeni. <\/div>\n<div>4. Tikai \u0101r\u012bgai lieto\u0161anai! Nenor\u012bt!\n<\/div>\n<div>5. Uzglab\u0101t b\u0113rniem nepieejam\u0101 viet\u0101, temperat\u016br\u0101 no 0 l\u012bdz 25\u00b0C. <\/div>\n<div>6. Izvair\u012bties no tie\u0161u saules staru iedarb\u012bbas.<\/div>\n","protected":false},"excerpt":{"rendered":"<p>Atjaunino\u0161a sejas maska \u201eKolag\u0113ns\u201c sniedz kompleksu iedarb\u012bbu uz \u0101du, nodro\u0161inot pilnv\u0113rt\u012bgu baro\u0161anu un mitrin\u0101\u0161anu, pilnveidojot to \u012bs\u0101kajos termi\u0146os. Maskas akt\u012bvas sast\u0101vda\u013cas pal\u012bdz aizpild\u012bt person\u012bg\u0101 kolag\u0113na tr\u016bkumu, paaugstina tonusu, pievelk, izl\u012bdzina grumbi\u0146as, uzlabo elast\u012bbu un tvirtumu, mitrina un saglab\u0101 \u0161\u0137idruma \u0101das sl\u0101\u0146os, t\u0101d\u0101 veid\u0101 veicinot intens\u012bvu atjaunin\u0101\u0161anu. Kolag\u0113ns pievelk, nov\u0113r\u0161 \u0101das \u013cenganumu, uztur optim\u0101lu mitrumu, kav\u0113 [&#8230;]\n","protected":false},"featured_media":85702,"template":"","meta":[],"product_cat":[1999],"product_tag":[],"class_list":{"0":"post-36968","1":"product","2":"type-product","3":"status-publish","4":"has-post-thumbnail","6":"product_brand-skinlite","7":"product_cat-bez-kategorijas","9":"first","10":"outofstock","11":"taxable","12":"shipping-taxable","13":"product-type-simple"},"_links":{"self":[{"href":"https:\/\/e.kosmolat.eu\/lv\/wp-json\/wp\/v2\/product\/36968","targetHints":{"allow":["GET"]}}],"collection":[{"href":"https:\/\/e.kosmolat.eu\/lv\/wp-json\/wp\/v2\/product"}],"about":[{"href":"https:\/\/e.kosmolat.eu\/lv\/wp-json\/wp\/v2\/types\/product"}],"wp:featuredmedia":[{"embeddable":true,"href":"https:\/\/e.kosmolat.eu\/lv\/wp-json\/wp\/v2\/media\/85702"}],"wp:attachment":[{"href":"https:\/\/e.kosmolat.eu\/lv\/wp-json\/wp\/v2\/media?parent=36968"}],"wp:term":[{"taxonomy":"product_cat","embeddable":true,"href":"https:\/\/e.kosmolat.eu\/lv\/wp-json\/wp\/v2\/product_cat?post=36968"},{"taxonomy":"product_tag","embeddable":true,"href":"https:\/\/e.kosmolat.eu\/lv\/wp-json\/wp\/v2\/product_tag?post=36968"}],"curies":[{"name":"wp","href":"https:\/\/api.w.org\/{rel}","templated":true}]}}