{"id":36964,"date":"2023-12-22T19:07:22","date_gmt":"2023-12-22T19:07:22","guid":{"rendered":"https:\/\/e.kosmolat.eu\/product\/skinlite-ekspress-pilings-pedam-1-paris\/"},"modified":"2026-04-22T09:29:14","modified_gmt":"2026-04-22T09:29:14","slug":"skinlite-ekspress-pilings-pedam-1-paris","status":"publish","type":"product","link":"https:\/\/e.kosmolat.eu\/lv\/product\/skinlite-ekspress-pilings-pedam-1-paris\/","title":{"rendered":"Skinlite Ekspress p\u012blings p\u0113d\u0101m, 1 p\u0101ris"},"content":{"rendered":"<div>Ekspress p\u012blings p\u0113d\u0101m \u2013 tas ir jaun\u0101kais izstr\u0101d\u0101jumu p\u0113du lok\u0101lo probl\u0113mu efekt\u012bvam risin\u0101jumam, jo tie\u0161i p\u0113das ir visvair\u0101k pak\u013cautas sausumam, plais\u0101m, var\u017eacu un tulznu veido\u0161anai.\n<\/div>\n<div>\u0112rta maskas forma p\u0101rseja veid\u0101 padara proced\u016bru vieglu un pat\u012bkamu. Glikolsk\u0101be, piensk\u0101be \u0101bolsk\u0101be un citrusaug\u013cu (laims, citrons, apels\u012bns) sk\u0101bes veicina nes\u0101p\u012bgu atmiru\u0161u \u0161\u016bnu likvid\u0113\u0161anu. Maskas sast\u0101v\u0101 ir salicilsk\u0101be un piparm\u0113tra. Dab\u012bgi cukura niedru, cukura k\u013cavas, melle\u0146u ekstrakti, k\u0101 ar\u012b ur\u012bnviela un beta\u012bns stimul\u0113 apmai\u0146as procesus, uzlabo elast\u012bbu un tvirtumu.\n<\/div>\n<h4>Lieto\u0161ana:<br \/>\n<\/h4>\n<div>1.Pirms lieto\u0161anas izmazg\u0101jiet k\u0101jas ar siltu \u016bdeni un nosausiniet. <\/div>\n<div>2. Atveriet iepakojumu, iz\u0146emiet Exfoliating pads un novietotiet t\u0101s uz p\u0113d\u0101m, k\u0101 nor\u0101d\u012bts att\u0113l\u0101. <\/div>\n<div>3. Atveriet aizsarg\u0101jo\u0161u \u016bdensnecaurlaid\u012bju p\u0101rseju un uzvelciet to uz p\u0113d\u0101m pa virsu exfoliating pads, ar garu pusi pie p\u0113das. Nofiks\u0113jiet p\u0101rseju ar uzl\u012bmes pal\u012bdz\u012bbu pie pot\u012btes. P\u0113c lieto\u0161anas oblig\u0101ti nomazg\u0101jiet rokas ar siltu \u016bdeni. \u0112rt\u012bbai var uzvilkt kokvilnas ze\u0137\u012btes uz proced\u016bras laiku. P\u0113c 60 min\u016bt\u0113m no\u0146emiet p\u0101rseju un exfoliating pads, nomazg\u0101jiet k\u0101jas ar siltu \u016bdeni. \u0100da s\u0101ks nolob\u012bties uz 3-5 dienu p\u0113c lieto\u0161anas. Gandr\u012bz visa raupja \u0101da un tulznas tiks likvid\u0113tas n\u0101kamo 3-5 dienu laik\u0101. Nelietojiet raupjus meh\u0101niskus l\u012bdzek\u013cus atmiru\u0161\u0101s \u0101das no\u0146em\u0161anai, kad t\u0101 uzs\u0101ks lob\u012bties. Lai pa\u0101trin\u0101tu procesu, s\u0101kot ar 4. dienu r\u012bkojiet k\u0101ju vanni\u0146as, un jau p\u0113c 4-6 dien\u0101m J\u016bsu p\u0113du \u0101da k\u013c\u016bs maiga un m\u012bksta.\n<\/div>\n<h4>Piesardz\u012bbas pas\u0101kumi:<br \/>\n<\/h4>\n<div>1. Izvair\u012bties no lieto\u0161anas uz boj\u0101tas, kairin\u0101tas vai saul\u0113 apdegu\u0161\u0101s \u0101das. <\/div>\n<div>2. Nelietot produktu, ja ir jut\u012bba uz k\u0101du no produkta sast\u0101vda\u013c\u0101m. Ja lieto\u0161anas proces\u0101 uz \u0101das rodas aps\u0101rtums vai kairin\u0101jums, izbeidziet lieto\u0161anu un v\u0113r\u0161aties pie \u0101rsta. <\/div>\n<div>3. Izvair\u012bties no nok\u013c\u016b\u0161anas uz acu g\u013cot\u0101das. Ja iek\u013c\u016bst &#8211; nomazg\u0101jiet ar \u016bdeni. <\/div>\n<div>4. Uzglab\u0101t b\u0113rniem nepieejam\u0101 viet\u0101, temperat\u016br\u0101 no 0 l\u012bdz 25\u00b0C. Izvair\u012bties no tie\u0161u saules staru iedarb\u012bbas. <\/div>\n<div>5. Tikai \u0101r\u012bgai lieto\u0161anai! Nenor\u012bt!<\/div>\n","protected":false},"excerpt":{"rendered":"<p>Ekspress p\u012blings p\u0113d\u0101m \u2013 tas ir jaun\u0101kais izstr\u0101d\u0101jumu p\u0113du lok\u0101lo probl\u0113mu efekt\u012bvam risin\u0101jumam, jo tie\u0161i p\u0113das ir visvair\u0101k pak\u013cautas sausumam, plais\u0101m, var\u017eacu un tulznu veido\u0161anai. \u0112rta maskas forma p\u0101rseja veid\u0101 padara proced\u016bru vieglu un pat\u012bkamu. Glikolsk\u0101be, piensk\u0101be \u0101bolsk\u0101be un citrusaug\u013cu (laims, citrons, apels\u012bns) sk\u0101bes veicina nes\u0101p\u012bgu atmiru\u0161u \u0161\u016bnu likvid\u0113\u0161anu. Maskas sast\u0101v\u0101 ir salicilsk\u0101be un piparm\u0113tra. [&#8230;]\n","protected":false},"featured_media":85698,"template":"","meta":[],"product_cat":[1999],"product_tag":[],"class_list":{"0":"post-36964","1":"product","2":"type-product","3":"status-publish","4":"has-post-thumbnail","6":"product_brand-skinlite","7":"product_cat-bez-kategorijas","9":"first","10":"outofstock","11":"taxable","12":"shipping-taxable","13":"product-type-simple"},"_links":{"self":[{"href":"https:\/\/e.kosmolat.eu\/lv\/wp-json\/wp\/v2\/product\/36964","targetHints":{"allow":["GET"]}}],"collection":[{"href":"https:\/\/e.kosmolat.eu\/lv\/wp-json\/wp\/v2\/product"}],"about":[{"href":"https:\/\/e.kosmolat.eu\/lv\/wp-json\/wp\/v2\/types\/product"}],"wp:featuredmedia":[{"embeddable":true,"href":"https:\/\/e.kosmolat.eu\/lv\/wp-json\/wp\/v2\/media\/85698"}],"wp:attachment":[{"href":"https:\/\/e.kosmolat.eu\/lv\/wp-json\/wp\/v2\/media?parent=36964"}],"wp:term":[{"taxonomy":"product_cat","embeddable":true,"href":"https:\/\/e.kosmolat.eu\/lv\/wp-json\/wp\/v2\/product_cat?post=36964"},{"taxonomy":"product_tag","embeddable":true,"href":"https:\/\/e.kosmolat.eu\/lv\/wp-json\/wp\/v2\/product_tag?post=36964"}],"curies":[{"name":"wp","href":"https:\/\/api.w.org\/{rel}","templated":true}]}}