{"id":36916,"date":"2023-12-22T19:01:56","date_gmt":"2023-12-22T19:01:56","guid":{"rendered":"https:\/\/e.kosmolat.eu\/product\/skinlite-veldzejosi-patci-acu-zonai-kryo-mezo-complex-30-gab\/"},"modified":"2026-03-31T06:54:53","modified_gmt":"2026-03-31T06:54:53","slug":"skinlite-veldzejosi-patci-acu-zonai-kryo-mezo-complex-30-gab","status":"publish","type":"product","link":"https:\/\/e.kosmolat.eu\/lv\/product\/skinlite-veldzejosi-patci-acu-zonai-kryo-mezo-complex-30-gab\/","title":{"rendered":"&#8220;Skinlite&#8221; V\u0113ldz\u0113jo\u0161i pat\u010di acu zonai &#8220;Kryo-Mezo Complex&#8221;, 30 gab."},"content":{"rendered":"<p>Atv\u0113sino\u0161a maska \u0101dai zem ac\u012bm &ldquo;CRYO-MEZO COMPLEX&rdquo; acumirkl\u012b atv\u0113sin\u0101s, atsvaidzin\u0101s un baros J\u016bsu \u0101du! Sniedz toniz\u0113jo\u0161u, prett\u016bskas, pievelko\u0161u iedarb\u012bbu, pal\u012bdz izgaismot tum\u0161us lokus zem ac\u012bm, pie\u0161\u0137irs svaigumu un mirdzumu skatienam. Ide\u0101li piem\u0113rots maigai plaksti\u0146u \u0101dai, maskai piem\u012bt optim\u0101la forma un palielin\u0101ts izm\u0113rs, pateicoties tam lieliski p\u0101rkl\u0101j piet\u016bkums uz vaigu kauliem un veicina efekt\u012bv\u0101ku piet\u016bkuma no\u0146em\u0161anu, nek\u0101 parasti pat\u010di zem ac\u012bm.<br \/>\nNiacinam\u012bds stimul\u0113 kolag\u0113na un elast\u012bna sint\u0113zi \u0101d\u0101, l\u012bdz ar to palielina t\u0101s elast\u012bbu un samazina grumbu dzi\u013cumu, k\u0101 ar\u012b kav\u0113 fotonoveco\u0161anu. Kolag\u0113ns sniedz atjaunino\u0161u un mitrino\u0161u iedarb\u012bbu, atgrie\u017e sejas \u0101dai maigumu un tvirtumu.<br \/>\nPiparm\u0113tru e\u013c\u013ca nomierina un nov\u0113r\u0161 \u0101das \u013cenganumu, izl\u012bdzina s\u012bkas grumbi\u0146as, atsvaidzina sejas toni. Ingvera sakne uzlabo \u0101das kvalit\u0101ti un sejas kr\u0101su, no\u0146em piet\u016bkumu, piem\u012bt viegla izgaismojo\u0161a un toniz\u0113jo\u0161a iedarb\u012bba. Arbut\u012bns samazina pigment\u0101ciju, izl\u012bdzina toni, pateicoties tam lieliski c\u012bn\u0101s ar tum\u0161iem lokiem zem ac\u012bm.&nbsp;<br \/>\n*Lieto\u0161anas proces\u0101 tiek pie\u013cauta viegla dedzin\u0101\u0161anas saj\u016bta un aps\u0101rtums no v\u0113suma, kuriem ir j\u0101paz\u016bd p\u0113c da\u017e\u0101m min\u016bt\u0113m p\u0113c proced\u016bras beig\u0101m. Sajutu intensit\u0101te ir atkar\u012bga no \u0101das jut\u012bbas. *Maskas iedarb\u012bba ir pamatota ar akt\u012bv\u0101m sast\u0101vda\u013c\u0101m.&nbsp;<br \/>\nLieto\u0161ana: att\u012briet un nosausiniet seju. Pielieciet masku zon\u0101 zem ac\u012bm vai deguna-l\u016bpu zon\u0101. Atst\u0101jiet uz 15-20 min\u016bt\u0113m, tad no\u0146emiet. P\u0101rliecinieties, ka iepakojums ir cie\u0161i aizv\u0113rts.&nbsp;<br \/>\n*Lab\u0101kam efektam pirms lieto\u0161anas ielieciet masku ledusskap\u012b uz 15 min\u016bt\u0113m.<br \/>\nPiesardz\u012bbas pas\u0101kumi: 1. Izvair\u012bties no nok\u013c\u016b\u0161anas uz boj\u0101tas, kairin\u0101tas un apdegu\u0161\u0101s saul\u0113 \u0101das, nelietojiet pin\u0146u \u0101rst\u0113\u0161anai. 2. Nelietojiet produktu, ja ir jut\u012bba uz k\u0101du no sast\u0101vda\u013c\u0101m. Ja lieto\u0161anas proces\u0101 par\u0101d\u0101s aps\u0101rtums un kairin\u0101jums, izbeidziet lieto\u0161anu un v\u0113r\u0161aties pie \u0101rsta. 3. Izvair\u012bties no iek\u013c\u016b\u0161anas uz acu g\u013cot\u0101du. Ja iek\u013c\u016bst ac\u012bs &ndash; r\u016bp\u012bgi nomazg\u0101jiet ar \u016bdeni. 4. Tikai \u0101r\u012bgai lieto\u0161anai. Nenor\u012bt! 5. Uzglab\u0101t b\u0113rniem nepieejam\u0101 viet\u0101, temperat\u016br\u0101 no 0 l\u012bdz 25&deg;C. 6. Izvair\u012bties no tie\u0161u saules staru iedarb\u012bbas.&nbsp;<br \/>\n&nbsp;<\/p>\n","protected":false},"excerpt":{"rendered":"<p>Atv\u0113sino\u0161a maska \u0101dai zem ac\u012bm &ldquo;CRYO-MEZO COMPLEX&rdquo; acumirkl\u012b atv\u0113sin\u0101s, atsvaidzin\u0101s un baros J\u016bsu \u0101du! Sniedz toniz\u0113jo\u0161u, prett\u016bskas, pievelko\u0161u iedarb\u012bbu, pal\u012bdz izgaismot tum\u0161us lokus zem ac\u012bm, pie\u0161\u0137irs svaigumu un mirdzumu skatienam. Ide\u0101li piem\u0113rots maigai plaksti\u0146u \u0101dai, maskai piem\u012bt optim\u0101la forma un palielin\u0101ts izm\u0113rs, pateicoties tam lieliski p\u0101rkl\u0101j piet\u016bkums uz vaigu kauliem un veicina efekt\u012bv\u0101ku piet\u016bkuma no\u0146em\u0161anu, [&#8230;]\n","protected":false},"featured_media":86382,"template":"","meta":[],"product_cat":[1367],"product_tag":[],"class_list":{"0":"post-36916","1":"product","2":"type-product","3":"status-publish","4":"has-post-thumbnail","6":"product_brand-skinlite","7":"product_cat-sejas-maskas","9":"first","10":"outofstock","11":"taxable","12":"shipping-taxable","13":"product-type-simple"},"_links":{"self":[{"href":"https:\/\/e.kosmolat.eu\/lv\/wp-json\/wp\/v2\/product\/36916","targetHints":{"allow":["GET"]}}],"collection":[{"href":"https:\/\/e.kosmolat.eu\/lv\/wp-json\/wp\/v2\/product"}],"about":[{"href":"https:\/\/e.kosmolat.eu\/lv\/wp-json\/wp\/v2\/types\/product"}],"wp:featuredmedia":[{"embeddable":true,"href":"https:\/\/e.kosmolat.eu\/lv\/wp-json\/wp\/v2\/media\/86382"}],"wp:attachment":[{"href":"https:\/\/e.kosmolat.eu\/lv\/wp-json\/wp\/v2\/media?parent=36916"}],"wp:term":[{"taxonomy":"product_cat","embeddable":true,"href":"https:\/\/e.kosmolat.eu\/lv\/wp-json\/wp\/v2\/product_cat?post=36916"},{"taxonomy":"product_tag","embeddable":true,"href":"https:\/\/e.kosmolat.eu\/lv\/wp-json\/wp\/v2\/product_tag?post=36916"}],"curies":[{"name":"wp","href":"https:\/\/api.w.org\/{rel}","templated":true}]}}