{"id":36912,"date":"2023-12-22T19:01:30","date_gmt":"2023-12-22T19:01:30","guid":{"rendered":"https:\/\/e.kosmolat.eu\/product\/skinlite-atjaunojosi-patci-acu-zonai-anti-age-complex-30-gab\/"},"modified":"2025-09-22T09:13:52","modified_gmt":"2025-09-22T09:13:52","slug":"skinlite-atjaunojosi-patci-acu-zonai-anti-age-complex-30-gab","status":"publish","type":"product","link":"https:\/\/e.kosmolat.eu\/lv\/product\/skinlite-atjaunojosi-patci-acu-zonai-anti-age-complex-30-gab\/","title":{"rendered":"&#8220;Skinlite&#8221; Atjaunojo\u0161i pat\u010di acu zonai &#8220;Anti-Age Complex&#8221;, 30 gab."},"content":{"rendered":"<p>Skinlite Atjaunino\u0161a sejas maska \u0101dai zem ac\u012bm &laquo;Anti age complex&rdquo; ir paredz\u0113ta maig\u0101s \u0101das zem ac\u012bm intens\u012bvai atjauno\u0161anai un kop\u0161anai, veicina \u0101das \u016bdens l\u012bdzsvara uzlabo\u0161anu, tvirtuma un elast\u012bbas paaugstin\u0101\u0161anu, pal\u012bdz izl\u012bdzin\u0101t s\u012bkas grumbi\u0146as, no\u0146emt sausumu un lob\u012b\u0161anos, izgaismot tum\u0161us lokus zem ac\u012bm. Maskai ir optim\u0101la forma un palielin\u0101ts izm\u0113rs, pateicoties tam lieliski aizver piet\u016bkums vaigu kaulu zon\u0101 un veicina efekt\u012bvu piet\u016bkuma no\u0146em\u0161anu, nek\u0101 parasti pat\u010di zem ac\u012bm.&nbsp;<br \/>\nKolag\u0113ns sniedz atjaunino\u0161u un mitrino\u0161u iedarb\u012bbu, atgrie\u017e sejas \u0101das m\u012bkstumu un tvirtumu.&nbsp;<br \/>\nKoenz\u012bms Q10 pa\u0101trina kolag\u0113na sint\u0113zi, kav\u0113 elast\u012bgu \u0161\u0137iedru boj\u0101\u0161anos, izl\u012bdzina s\u012bkas grumbi\u0146as, piem\u012bt izteiktas antioksidantu \u012bpa\u0161\u012bbas, izgaismo pigment\u0101ciju.&nbsp;<br \/>\nPept\u012bdi sniedz intens\u012bvi atjaunojo\u0161u un pievelko\u0161u iedarb\u012bbu, sniedz paaugstin\u0101tu tonusu un \u0101das atjauno\u0161anas procesu.&nbsp;<br \/>\nArbut\u012bns samazina pigment\u0101ciju, izl\u012bdzina toni, pateicoties tam lieliski c\u012bn\u0101s ar tum\u0161iem lokiem zem ac\u012bm.&nbsp;<br \/>\n*Iedarb\u012bba ir pamatota ar akt\u012bv\u0101m sast\u0101vda\u013c\u0101m.<br \/>\n*Tiek rekomend\u0113ts lietot lidojumu laik\u0101.&nbsp;<br \/>\nLieto\u0161ana: att\u012briet un nosausiniet seju. Pielieciet masku zon\u0101 zem ac\u012bm vai deguna-l\u016bpu zon\u0101. Atst\u0101jiet uz 15-20 min\u016bt\u0113m, tad no\u0146emiet. P\u0101rliecinieties, ka iepakojums ir cie\u0161i aizv\u0113rts.&nbsp;<br \/>\n*Lab\u0101kam efektam pirms lieto\u0161anas ielieciet masku ledusskap\u012b uz 15 min\u016bt\u0113m.<br \/>\nPiesardz\u012bbas pas\u0101kumi: 1. Izvair\u012bties no nok\u013c\u016b\u0161anas uz boj\u0101tas, kairin\u0101tas un apdegu\u0161\u0101s saul\u0113 \u0101das, nelietojiet pin\u0146u \u0101rst\u0113\u0161anai. 2. Nelietojiet produktu, ja ir jut\u012bba uz k\u0101du no sast\u0101vda\u013c\u0101m. Ja lieto\u0161anas proces\u0101 par\u0101d\u0101s aps\u0101rtums un kairin\u0101jums, izbeidziet lieto\u0161anu un v\u0113r\u0161aties pie \u0101rsta. 3. Izvair\u012bties no iek\u013c\u016b\u0161anas uz acu g\u013cot\u0101du. Ja iek\u013c\u016bst ac\u012bs &ndash; r\u016bp\u012bgi nomazg\u0101jiet ar \u016bdeni. 4. Tikai \u0101r\u012bgai lieto\u0161anai. Nenor\u012bt! 5. Uzglab\u0101t b\u0113rniem nepieejam\u0101 viet\u0101, temperat\u016br\u0101 no 0 l\u012bdz 25&deg;C. 6. Izvair\u012bties no tie\u0161u saules staru iedarb\u012bbas.<br \/>\n&nbsp;<\/p>\n","protected":false},"excerpt":{"rendered":"<p>Skinlite Atjaunino\u0161a sejas maska \u0101dai zem ac\u012bm &laquo;Anti age complex&rdquo; ir paredz\u0113ta maig\u0101s \u0101das zem ac\u012bm intens\u012bvai atjauno\u0161anai un kop\u0161anai, veicina \u0101das \u016bdens l\u012bdzsvara uzlabo\u0161anu, tvirtuma un elast\u012bbas paaugstin\u0101\u0161anu, pal\u012bdz izl\u012bdzin\u0101t s\u012bkas grumbi\u0146as, no\u0146emt sausumu un lob\u012b\u0161anos, izgaismot tum\u0161us lokus zem ac\u012bm. Maskai ir optim\u0101la forma un palielin\u0101ts izm\u0113rs, pateicoties tam lieliski aizver piet\u016bkums vaigu [&#8230;]\n","protected":false},"featured_media":78437,"template":"","meta":[],"product_cat":[1367],"product_tag":[],"class_list":{"0":"post-36912","1":"product","2":"type-product","3":"status-publish","4":"has-post-thumbnail","6":"product_brand-skinlite","7":"product_cat-sejas-maskas","9":"first","10":"outofstock","11":"taxable","12":"shipping-taxable","13":"product-type-simple"},"_links":{"self":[{"href":"https:\/\/e.kosmolat.eu\/lv\/wp-json\/wp\/v2\/product\/36912","targetHints":{"allow":["GET"]}}],"collection":[{"href":"https:\/\/e.kosmolat.eu\/lv\/wp-json\/wp\/v2\/product"}],"about":[{"href":"https:\/\/e.kosmolat.eu\/lv\/wp-json\/wp\/v2\/types\/product"}],"wp:featuredmedia":[{"embeddable":true,"href":"https:\/\/e.kosmolat.eu\/lv\/wp-json\/wp\/v2\/media\/78437"}],"wp:attachment":[{"href":"https:\/\/e.kosmolat.eu\/lv\/wp-json\/wp\/v2\/media?parent=36912"}],"wp:term":[{"taxonomy":"product_cat","embeddable":true,"href":"https:\/\/e.kosmolat.eu\/lv\/wp-json\/wp\/v2\/product_cat?post=36912"},{"taxonomy":"product_tag","embeddable":true,"href":"https:\/\/e.kosmolat.eu\/lv\/wp-json\/wp\/v2\/product_tag?post=36912"}],"curies":[{"name":"wp","href":"https:\/\/api.w.org\/{rel}","templated":true}]}}