{"id":36908,"date":"2023-12-22T19:01:12","date_gmt":"2023-12-22T19:01:12","guid":{"rendered":"https:\/\/e.kosmolat.eu\/product\/911-sipolu-balzams-pret-matu-izkrisanu-150-ml\/"},"modified":"2025-09-19T22:41:42","modified_gmt":"2025-09-19T22:41:42","slug":"911-sipolu-balzams-pret-matu-izkrisanu-150-ml","status":"publish","type":"product","link":"https:\/\/e.kosmolat.eu\/lv\/product\/911-sipolu-balzams-pret-matu-izkrisanu-150-ml\/","title":{"rendered":"911 S\u012bpolu balzams pret matu izkri\u0161anu, 150 ml"},"content":{"rendered":"<\/p>\n<div>S\u012bpolu balzams baro matu folikulus, veicina matu aug\u0161anu un stiprin\u0101\u0161anu. Balzams sniedz atjaunojo\u0161u iedarb\u012bbu uz boj\u0101tas matu strukt\u016bras, pie\u0161\u0137ir matiem m\u012bkstumu un vesel\u012bgu \u0101r\u0113jo izskatu. Stiprina matu folikulus, normaliz\u0113 apmai\u0146as procesus, stimul\u0113 matu aug\u0161anu.\n<\/div>\n<div>Lieto\u0161ana: <\/div>\n<div>mas\u0113jo\u0161\u0101m kust\u012bb\u0101m uzkl\u0101t balzamu uz mitriem t\u012briem matiem, ieskaitot matu saknes. Atst\u0101t uz 3-4 min\u016bt\u0113m, nomazg\u0101t ar siltu \u016bdeni. Efekta pastiprin\u0101\u0161anai tiek rekomend\u0113ts lietot kop\u0101 ar s\u012bpolu \u0161amp\u016bnu.\n<\/div>\n<div>Piesardz\u012bbas pas\u0101kumi: <\/div>\n<div>izvair\u012bties no iek\u013c\u016b\u0161anas ac\u012bs. Ja iek\u013c\u016bst ac\u012bs, r\u016bp\u012bgi nomazg\u0101t ar lielu \u016bdens daudzumu. Ir iesp\u0113jama individu\u0101la sast\u0101vda\u013cu nepanesam\u012bba.<\/div>\n","protected":false},"excerpt":{"rendered":"<p>S\u012bpolu balzams baro matu folikulus, veicina matu aug\u0161anu un stiprin\u0101\u0161anu. Balzams sniedz atjaunojo\u0161u iedarb\u012bbu uz boj\u0101tas matu strukt\u016bras, pie\u0161\u0137ir matiem m\u012bkstumu un vesel\u012bgu \u0101r\u0113jo izskatu. Stiprina matu folikulus, normaliz\u0113 apmai\u0146as procesus, stimul\u0113 matu aug\u0161anu. Lieto\u0161ana: mas\u0113jo\u0161\u0101m kust\u012bb\u0101m uzkl\u0101t balzamu uz mitriem t\u012briem matiem, ieskaitot matu saknes. Atst\u0101t uz 3-4 min\u016bt\u0113m, nomazg\u0101t ar siltu \u016bdeni. Efekta [&#8230;]\n","protected":false},"featured_media":86366,"template":"","meta":[],"product_cat":[1343],"product_tag":[],"class_list":{"0":"post-36908","1":"product","2":"type-product","3":"status-publish","4":"has-post-thumbnail","6":"product_brand-malina-akcija","7":"product_cat-citi-matu-kopsanas-produkti","9":"first","10":"outofstock","11":"taxable","12":"shipping-taxable","13":"product-type-simple"},"_links":{"self":[{"href":"https:\/\/e.kosmolat.eu\/lv\/wp-json\/wp\/v2\/product\/36908","targetHints":{"allow":["GET"]}}],"collection":[{"href":"https:\/\/e.kosmolat.eu\/lv\/wp-json\/wp\/v2\/product"}],"about":[{"href":"https:\/\/e.kosmolat.eu\/lv\/wp-json\/wp\/v2\/types\/product"}],"wp:featuredmedia":[{"embeddable":true,"href":"https:\/\/e.kosmolat.eu\/lv\/wp-json\/wp\/v2\/media\/86366"}],"wp:attachment":[{"href":"https:\/\/e.kosmolat.eu\/lv\/wp-json\/wp\/v2\/media?parent=36908"}],"wp:term":[{"taxonomy":"product_cat","embeddable":true,"href":"https:\/\/e.kosmolat.eu\/lv\/wp-json\/wp\/v2\/product_cat?post=36908"},{"taxonomy":"product_tag","embeddable":true,"href":"https:\/\/e.kosmolat.eu\/lv\/wp-json\/wp\/v2\/product_tag?post=36908"}],"curies":[{"name":"wp","href":"https:\/\/api.w.org\/{rel}","templated":true}]}}