{"id":36880,"date":"2023-12-22T18:59:31","date_gmt":"2023-12-22T18:59:31","guid":{"rendered":"https:\/\/e.kosmolat.eu\/product\/tualetes-udens-viriesiem-stark-will-100ml\/"},"modified":"2025-09-19T22:41:29","modified_gmt":"2025-09-19T22:41:29","slug":"tualetes-udens-viriesiem-stark-will-100ml","status":"publish","type":"product","link":"https:\/\/e.kosmolat.eu\/lv\/product\/tualetes-udens-viriesiem-stark-will-100ml\/","title":{"rendered":"Tualetes \u016bdens v\u012brie\u0161iem &#8220;Stark Will&#8221;, 100ml"},"content":{"rendered":"<div>Koksnes &#8211; fu\u017e\u0113ra arom\u0101ts.<\/div>\n<div>S\u0101kuma notis: greipfr\u016bts, lavanda, vijol\u012bte.&nbsp;<\/div>\n<div>Vidus notis: kardamons, \u0101boli, anan\u0101si.<\/div>\n<div>Beigu notis: ka\u0161em\u012bra koks, pa\u010d\u016blija, tonka pupi\u0146as.&nbsp;<\/div>\n","protected":false},"excerpt":{"rendered":"<p>Koksnes &#8211; fu\u017e\u0113ra arom\u0101ts. S\u0101kuma notis: greipfr\u016bts, lavanda, vijol\u012bte.&nbsp; Vidus notis: kardamons, \u0101boli, anan\u0101si. Beigu notis: ka\u0161em\u012bra koks, pa\u010d\u016blija, tonka pupi\u0146as.&nbsp;<\/p>\n","protected":false},"featured_media":86362,"template":"","meta":[],"product_cat":[1436],"product_tag":[],"class_list":{"0":"post-36880","1":"product","2":"type-product","3":"status-publish","4":"has-post-thumbnail","6":"product_brand-dilis-kosmetik_by","7":"product_cat-viriesu-smarzas-un-tualetes-udeni","9":"first","10":"outofstock","11":"taxable","12":"shipping-taxable","13":"product-type-simple"},"_links":{"self":[{"href":"https:\/\/e.kosmolat.eu\/lv\/wp-json\/wp\/v2\/product\/36880","targetHints":{"allow":["GET"]}}],"collection":[{"href":"https:\/\/e.kosmolat.eu\/lv\/wp-json\/wp\/v2\/product"}],"about":[{"href":"https:\/\/e.kosmolat.eu\/lv\/wp-json\/wp\/v2\/types\/product"}],"wp:featuredmedia":[{"embeddable":true,"href":"https:\/\/e.kosmolat.eu\/lv\/wp-json\/wp\/v2\/media\/86362"}],"wp:attachment":[{"href":"https:\/\/e.kosmolat.eu\/lv\/wp-json\/wp\/v2\/media?parent=36880"}],"wp:term":[{"taxonomy":"product_cat","embeddable":true,"href":"https:\/\/e.kosmolat.eu\/lv\/wp-json\/wp\/v2\/product_cat?post=36880"},{"taxonomy":"product_tag","embeddable":true,"href":"https:\/\/e.kosmolat.eu\/lv\/wp-json\/wp\/v2\/product_tag?post=36880"}],"curies":[{"name":"wp","href":"https:\/\/api.w.org\/{rel}","templated":true}]}}