{"id":36876,"date":"2023-12-22T18:59:14","date_gmt":"2023-12-22T18:59:14","guid":{"rendered":"https:\/\/e.kosmolat.eu\/product\/tualetes-udens-viriesiem-stark-power-100-ml\/"},"modified":"2025-09-19T22:41:17","modified_gmt":"2025-09-19T22:41:17","slug":"tualetes-udens-viriesiem-stark-power-100-ml","status":"publish","type":"product","link":"https:\/\/e.kosmolat.eu\/lv\/product\/tualetes-udens-viriesiem-stark-power-100-ml\/","title":{"rendered":"Tualetes \u016bdens v\u012brie\u0161iem &#8220;Stark Power&#8221;, 100 ml"},"content":{"rendered":"<div>Koksnes-fu\u017e\u0113ra arom\u0101ts.<\/div>\n<div>S\u0101kuma notis: citrons, greifr\u016bts, gur\u0137is, rabarbers.&nbsp;<\/div>\n<div>Vidus notis: J\u016bras notis, lavanda, salvija, apels\u012bnu ziedi, jasm\u012bns, ciedrs, sand\u0101ls.&nbsp;<\/div>\n<div>Beigu notis: muskuss, s\u016bnas.<\/div>\n","protected":false},"excerpt":{"rendered":"<p>Koksnes-fu\u017e\u0113ra arom\u0101ts. S\u0101kuma notis: citrons, greifr\u016bts, gur\u0137is, rabarbers.&nbsp; Vidus notis: J\u016bras notis, lavanda, salvija, apels\u012bnu ziedi, jasm\u012bns, ciedrs, sand\u0101ls.&nbsp; Beigu notis: muskuss, s\u016bnas.<\/p>\n","protected":false},"featured_media":86358,"template":"","meta":[],"product_cat":[1437],"product_tag":[],"class_list":{"0":"post-36876","1":"product","2":"type-product","3":"status-publish","4":"has-post-thumbnail","6":"product_brand-dilis-kosmetik_by","7":"product_cat-1437","9":"first","10":"outofstock","11":"taxable","12":"shipping-taxable","13":"product-type-simple"},"_links":{"self":[{"href":"https:\/\/e.kosmolat.eu\/lv\/wp-json\/wp\/v2\/product\/36876","targetHints":{"allow":["GET"]}}],"collection":[{"href":"https:\/\/e.kosmolat.eu\/lv\/wp-json\/wp\/v2\/product"}],"about":[{"href":"https:\/\/e.kosmolat.eu\/lv\/wp-json\/wp\/v2\/types\/product"}],"wp:featuredmedia":[{"embeddable":true,"href":"https:\/\/e.kosmolat.eu\/lv\/wp-json\/wp\/v2\/media\/86358"}],"wp:attachment":[{"href":"https:\/\/e.kosmolat.eu\/lv\/wp-json\/wp\/v2\/media?parent=36876"}],"wp:term":[{"taxonomy":"product_cat","embeddable":true,"href":"https:\/\/e.kosmolat.eu\/lv\/wp-json\/wp\/v2\/product_cat?post=36876"},{"taxonomy":"product_tag","embeddable":true,"href":"https:\/\/e.kosmolat.eu\/lv\/wp-json\/wp\/v2\/product_tag?post=36876"}],"curies":[{"name":"wp","href":"https:\/\/api.w.org\/{rel}","templated":true}]}}