{"id":36868,"date":"2023-12-22T18:58:43","date_gmt":"2023-12-22T18:58:43","guid":{"rendered":"https:\/\/e.kosmolat.eu\/product\/christian-dubois-tualetes-udens-viriesiem-absolute-100-ml\/"},"modified":"2025-09-19T22:40:39","modified_gmt":"2025-09-19T22:40:39","slug":"christian-dubois-tualetes-udens-viriesiem-absolute-100-ml","status":"publish","type":"product","link":"https:\/\/e.kosmolat.eu\/lv\/product\/christian-dubois-tualetes-udens-viriesiem-absolute-100-ml\/","title":{"rendered":"&#8220;Christian Dubois&#8221; Tualetes \u016bdens v\u012brie\u0161iem  &#8220;Absolute&#8221;, 100 ml"},"content":{"rendered":"<p>Koksnes un fu\u017e\u0113ru arom\u0101ts.<br \/>\nS\u0101kuma notis: bergamote, upenes.<br \/>\nVidus notis: ger\u0101nija, lavanda, rozmar\u012bns.<br \/>\nBeigu notis: pa\u010d\u016blija, tonka pupi\u0146as, kalnu roze.<\/p>\n","protected":false},"excerpt":{"rendered":"<p>Koksnes un fu\u017e\u0113ru arom\u0101ts. S\u0101kuma notis: bergamote, upenes. Vidus notis: ger\u0101nija, lavanda, rozmar\u012bns. Beigu notis: pa\u010d\u016blija, tonka pupi\u0146as, kalnu roze.<\/p>\n","protected":false},"featured_media":86346,"template":"","meta":[],"product_cat":[1436],"product_tag":[],"class_list":{"0":"post-36868","1":"product","2":"type-product","3":"status-publish","4":"has-post-thumbnail","6":"product_brand-dilis-kosmetik_by","7":"product_cat-viriesu-smarzas-un-tualetes-udeni","9":"first","10":"outofstock","11":"taxable","12":"shipping-taxable","13":"product-type-simple"},"_links":{"self":[{"href":"https:\/\/e.kosmolat.eu\/lv\/wp-json\/wp\/v2\/product\/36868","targetHints":{"allow":["GET"]}}],"collection":[{"href":"https:\/\/e.kosmolat.eu\/lv\/wp-json\/wp\/v2\/product"}],"about":[{"href":"https:\/\/e.kosmolat.eu\/lv\/wp-json\/wp\/v2\/types\/product"}],"wp:featuredmedia":[{"embeddable":true,"href":"https:\/\/e.kosmolat.eu\/lv\/wp-json\/wp\/v2\/media\/86346"}],"wp:attachment":[{"href":"https:\/\/e.kosmolat.eu\/lv\/wp-json\/wp\/v2\/media?parent=36868"}],"wp:term":[{"taxonomy":"product_cat","embeddable":true,"href":"https:\/\/e.kosmolat.eu\/lv\/wp-json\/wp\/v2\/product_cat?post=36868"},{"taxonomy":"product_tag","embeddable":true,"href":"https:\/\/e.kosmolat.eu\/lv\/wp-json\/wp\/v2\/product_tag?post=36868"}],"curies":[{"name":"wp","href":"https:\/\/api.w.org\/{rel}","templated":true}]}}