{"id":36840,"date":"2023-12-22T18:56:58","date_gmt":"2023-12-22T18:56:58","guid":{"rendered":"https:\/\/e.kosmolat.eu\/product\/dr-s-collagen-hair-matu-maska-volume-boost-300-ml\/"},"modified":"2025-09-19T22:40:09","modified_gmt":"2025-09-19T22:40:09","slug":"i_dr-s-collagen-hair-matu-maska-volume-boost-300-ml","status":"publish","type":"product","link":"https:\/\/e.kosmolat.eu\/lv\/product\/i_dr-s-collagen-hair-matu-maska-volume-boost-300-ml\/","title":{"rendered":"I_Dr.S.COLLAGEN HAIR Matu maska Volume boost, 300 ml"},"content":{"rendered":"<p>Dr.Sant&eacute; Collagen Hair Volume Boost &ndash; skaistumkop&scaron;anas l\u012bdzek\u013cu fenomens stipriem un skaistiem matiem no sakn\u0113m l\u012bdz gali\u0146iem. Mitrin\u0101&scaron;ana, ener\u0123ija, neticams apjoms bez smaguma saj\u016btas. Aizsardz\u012bba pret l\u016b&scaron;anu vis\u0101 matu garum\u0101.<\/p>\n<p><strong>Lieto&scaron;ana:&nbsp;<\/strong>uzkl\u0101t uz t\u012briem mitriem matiem. Atst\u0101t uz 5-10 min\u016bt\u0113m, tad r\u016bp\u012bgi noskalot ar \u016bdeni.<\/p>\n<p><strong>Piesardz\u012bbas pas\u0101kumi:<\/strong>&nbsp;paaugstin\u0101ta individu\u0101la jut\u012bba pret atsevi&scaron;\u0137\u0101m sast\u0101vda\u013c\u0101m.<\/p>\n","protected":false},"excerpt":{"rendered":"<p>Dr.Sant&eacute; Collagen Hair Volume Boost &ndash; skaistumkop&scaron;anas l\u012bdzek\u013cu fenomens stipriem un skaistiem matiem no sakn\u0113m l\u012bdz gali\u0146iem. Mitrin\u0101&scaron;ana, ener\u0123ija, neticams apjoms bez smaguma saj\u016btas. Aizsardz\u012bba pret l\u016b&scaron;anu vis\u0101 matu garum\u0101. Lieto&scaron;ana:&nbsp;uzkl\u0101t uz t\u012briem mitriem matiem. Atst\u0101t uz 5-10 min\u016bt\u0113m, tad r\u016bp\u012bgi noskalot ar \u016bdeni. Piesardz\u012bbas pas\u0101kumi:&nbsp;paaugstin\u0101ta individu\u0101la jut\u012bba pret atsevi&scaron;\u0137\u0101m sast\u0101vda\u013c\u0101m.<\/p>\n","protected":false},"featured_media":86338,"template":"","meta":[],"product_cat":[1254],"product_tag":[],"class_list":{"0":"post-36840","1":"product","2":"type-product","3":"status-publish","4":"has-post-thumbnail","6":"product_brand-elfa_ua","7":"product_cat-maskas-matiem","9":"first","10":"outofstock","11":"taxable","12":"shipping-taxable","13":"product-type-simple"},"_links":{"self":[{"href":"https:\/\/e.kosmolat.eu\/lv\/wp-json\/wp\/v2\/product\/36840","targetHints":{"allow":["GET"]}}],"collection":[{"href":"https:\/\/e.kosmolat.eu\/lv\/wp-json\/wp\/v2\/product"}],"about":[{"href":"https:\/\/e.kosmolat.eu\/lv\/wp-json\/wp\/v2\/types\/product"}],"wp:featuredmedia":[{"embeddable":true,"href":"https:\/\/e.kosmolat.eu\/lv\/wp-json\/wp\/v2\/media\/86338"}],"wp:attachment":[{"href":"https:\/\/e.kosmolat.eu\/lv\/wp-json\/wp\/v2\/media?parent=36840"}],"wp:term":[{"taxonomy":"product_cat","embeddable":true,"href":"https:\/\/e.kosmolat.eu\/lv\/wp-json\/wp\/v2\/product_cat?post=36840"},{"taxonomy":"product_tag","embeddable":true,"href":"https:\/\/e.kosmolat.eu\/lv\/wp-json\/wp\/v2\/product_tag?post=36840"}],"curies":[{"name":"wp","href":"https:\/\/api.w.org\/{rel}","templated":true}]}}