{"id":36836,"date":"2023-12-22T18:56:33","date_gmt":"2023-12-22T18:56:33","guid":{"rendered":"https:\/\/e.kosmolat.eu\/product\/dr-s-%d1%81ollagen-hair-kondicionieris-volume-boost-200-ml\/"},"modified":"2025-09-19T22:39:56","modified_gmt":"2025-09-19T22:39:56","slug":"i_dr-s-%d1%81ollagen-hair-kondicionieris-volume-boost-200-ml","status":"publish","type":"product","link":"https:\/\/e.kosmolat.eu\/lv\/product\/i_dr-s-%d1%81ollagen-hair-kondicionieris-volume-boost-200-ml\/","title":{"rendered":"I_Dr.S.\u0421OLLAGEN HAIR Kondicionieris Volume boost, 200 ml"},"content":{"rendered":"<p>3D elast\u012bba. Pret matu l\u016b\u0161anu.<\/p>\n<div>Dr. Sant\u00e9 Collagen hair Volume boost \u2013 beauty fenomens stipriem un skaistiem matiem no sakn\u0113m l\u012bdz pa\u0161iem matu gali\u0146iem. Mitrin\u0101\u0161ana, super apjoma ener\u0123ija bez smaguma. Mitrin\u0101\u0161ana, superapjoma ener\u0123ija bez smaguma pie\u0161\u0137ir\u0161anas, aizsardz\u012bba pret matu l\u016b\u0161anu vis\u0101 to garum\u0101.\n<\/div>\n<div>Lieto\u0161ana: <\/div>\n<div>uzkl\u0101t nepiecie\u0161amu balzama daudzumu uz t\u012briem mitriem matiem, vienm\u0113r\u012bgi uzkl\u0101t vis\u0101 to garum\u0101, nomazg\u0101t ar \u016bdeni.\n<\/div>\n<div>Piesardz\u012bbas pas\u0101kumi: <\/div>\n<div>paaugstin\u0101ta individu\u0101la jut\u012bba uz atsevi\u0161\u0137\u0101m sast\u0101vda\u013c\u0101m.<\/div>\n","protected":false},"excerpt":{"rendered":"<p>3D elast\u012bba. Pret matu l\u016b\u0161anu. Dr. Sant\u00e9 Collagen hair Volume boost \u2013 beauty fenomens stipriem un skaistiem matiem no sakn\u0113m l\u012bdz pa\u0161iem matu gali\u0146iem. Mitrin\u0101\u0161ana, super apjoma ener\u0123ija bez smaguma. Mitrin\u0101\u0161ana, superapjoma ener\u0123ija bez smaguma pie\u0161\u0137ir\u0161anas, aizsardz\u012bba pret matu l\u016b\u0161anu vis\u0101 to garum\u0101. Lieto\u0161ana: uzkl\u0101t nepiecie\u0161amu balzama daudzumu uz t\u012briem mitriem matiem, vienm\u0113r\u012bgi uzkl\u0101t vis\u0101 [&#8230;]\n","protected":false},"featured_media":86334,"template":"","meta":[],"product_cat":[1638],"product_tag":[],"class_list":{"0":"post-36836","1":"product","2":"type-product","3":"status-publish","4":"has-post-thumbnail","6":"product_brand-elfa_ua","7":"product_cat-balzami","9":"first","10":"outofstock","11":"taxable","12":"shipping-taxable","13":"product-type-simple"},"_links":{"self":[{"href":"https:\/\/e.kosmolat.eu\/lv\/wp-json\/wp\/v2\/product\/36836","targetHints":{"allow":["GET"]}}],"collection":[{"href":"https:\/\/e.kosmolat.eu\/lv\/wp-json\/wp\/v2\/product"}],"about":[{"href":"https:\/\/e.kosmolat.eu\/lv\/wp-json\/wp\/v2\/types\/product"}],"wp:featuredmedia":[{"embeddable":true,"href":"https:\/\/e.kosmolat.eu\/lv\/wp-json\/wp\/v2\/media\/86334"}],"wp:attachment":[{"href":"https:\/\/e.kosmolat.eu\/lv\/wp-json\/wp\/v2\/media?parent=36836"}],"wp:term":[{"taxonomy":"product_cat","embeddable":true,"href":"https:\/\/e.kosmolat.eu\/lv\/wp-json\/wp\/v2\/product_cat?post=36836"},{"taxonomy":"product_tag","embeddable":true,"href":"https:\/\/e.kosmolat.eu\/lv\/wp-json\/wp\/v2\/product_tag?post=36836"}],"curies":[{"name":"wp","href":"https:\/\/api.w.org\/{rel}","templated":true}]}}