{"id":36808,"date":"2023-12-22T18:54:19","date_gmt":"2023-12-22T18:54:19","guid":{"rendered":"https:\/\/e.kosmolat.eu\/product\/mainas-kasete-skuveklim-deonica-3-for-men-4-gab\/"},"modified":"2026-02-11T10:47:31","modified_gmt":"2026-02-11T10:47:31","slug":"mainas-kasete-skuveklim-deonica-3-for-men-4-gab","status":"publish","type":"product","link":"https:\/\/e.kosmolat.eu\/lv\/product\/mainas-kasete-skuveklim-deonica-3-for-men-4-gab\/","title":{"rendered":"Mai\u0146as kasete skuveklim Deonica 3 FOR MEN, 4 gab."},"content":{"rendered":"<p>Asme\u0146i ar keramikas p\u0101rkl\u0101jumu nodro\u0161ina gludu sk\u016b\u0161anos. 3-asme\u0146u tehnolo\u0123ija viegli nogrie\u017e mati\u0146u komfortai sk\u016b\u0161an\u0101s proced\u016brai. Sloksne ar Alveju, E vitam\u012bnu un \u0160\u012b sviestu kopj \u0101du un nodro\u0161ina lielisku sl\u012bd\u0113\u0161anu. Lieto\u0161ana: uzst\u0101diet mai\u0146as kaseti Deonica skuvek\u013ca roktur\u012b. Piesardz\u012bbas pas\u0101kumi: Savlaic\u012bgi nenomain\u012btu asme\u0146u lieto\u0161ana var b\u016bt par kairin\u0101juma iemeslu. Nenot\u012briet asme\u0146us un nepieskarieties ar rok\u0101m. Uzglab\u0101t b\u0113rniem nepieejam\u0101 viet\u0101!<\/p>\n","protected":false},"excerpt":{"rendered":"<p>Asme\u0146i ar keramikas p\u0101rkl\u0101jumu nodro\u0161ina gludu sk\u016b\u0161anos. 3-asme\u0146u tehnolo\u0123ija viegli nogrie\u017e mati\u0146u komfortai sk\u016b\u0161an\u0101s proced\u016brai. Sloksne ar Alveju, E vitam\u012bnu un \u0160\u012b sviestu kopj \u0101du un nodro\u0161ina lielisku sl\u012bd\u0113\u0161anu. Lieto\u0161ana: uzst\u0101diet mai\u0146as kaseti Deonica skuvek\u013ca roktur\u012b. Piesardz\u012bbas pas\u0101kumi: Savlaic\u012bgi nenomain\u012btu asme\u0146u lieto\u0161ana var b\u016bt par kairin\u0101juma iemeslu. Nenot\u012briet asme\u0146us un nepieskarieties ar rok\u0101m. Uzglab\u0101t b\u0113rniem [&#8230;]\n","protected":false},"featured_media":86314,"template":"","meta":[],"product_cat":[1832],"product_tag":[],"class_list":{"0":"post-36808","1":"product","2":"type-product","3":"status-publish","4":"has-post-thumbnail","6":"product_brand-arnest_ru","7":"product_cat-skutimosi-priedai","9":"first","10":"instock","11":"taxable","12":"shipping-taxable","13":"product-type-simple"},"_links":{"self":[{"href":"https:\/\/e.kosmolat.eu\/lv\/wp-json\/wp\/v2\/product\/36808","targetHints":{"allow":["GET"]}}],"collection":[{"href":"https:\/\/e.kosmolat.eu\/lv\/wp-json\/wp\/v2\/product"}],"about":[{"href":"https:\/\/e.kosmolat.eu\/lv\/wp-json\/wp\/v2\/types\/product"}],"wp:featuredmedia":[{"embeddable":true,"href":"https:\/\/e.kosmolat.eu\/lv\/wp-json\/wp\/v2\/media\/86314"}],"wp:attachment":[{"href":"https:\/\/e.kosmolat.eu\/lv\/wp-json\/wp\/v2\/media?parent=36808"}],"wp:term":[{"taxonomy":"product_cat","embeddable":true,"href":"https:\/\/e.kosmolat.eu\/lv\/wp-json\/wp\/v2\/product_cat?post=36808"},{"taxonomy":"product_tag","embeddable":true,"href":"https:\/\/e.kosmolat.eu\/lv\/wp-json\/wp\/v2\/product_tag?post=36808"}],"curies":[{"name":"wp","href":"https:\/\/api.w.org\/{rel}","templated":true}]}}